{"id":2258,"date":"2024-07-16T15:16:11","date_gmt":"2024-07-16T18:16:11","guid":{"rendered":"https:\/\/ztlrolamentos.com.br\/loja\/?post_type=product&#038;p=2258"},"modified":"2024-07-16T15:16:11","modified_gmt":"2024-07-16T18:16:11","slug":"rolamento-368a-362a-roda-t-ext-agrale-chassi-ma-12-0-le-e-tronic-dodge-700-ford-cargo-815-gm-veraneio-2","status":"publish","type":"product","link":"https:\/\/ztlrolamentos.com.br\/loja\/produto\/rolamento-368a-362a-roda-t-ext-agrale-chassi-ma-12-0-le-e-tronic-dodge-700-ford-cargo-815-gm-veraneio-2\/","title":{"rendered":"ROLAMENTO 368A\/362A RODA T EXT \/ AGRALE CHASSI MA 12.0 LE E-TRONIC \/ DODGE 700 \/ FORD CARGO 815 \/ GM VERANEIO"},"content":{"rendered":"<p><strong>Cont\u00e9m 1 Pe\u00e7a;<\/strong><\/p>\n<p><strong>Descri\u00e7\u00e3o do item: Rolamento 368A\/362A roda T EXT \/ Agrale CHASSI MA 12.0 LE E-TRONIC \/ Dodge 700 \/ Ford Cargo 815 \/ GM Veraneio<\/strong><\/p>\n<p><strong>APLICA\u00c7\u00c3O<\/strong><\/p>\n<p><strong>Agrale 6000E-MEC<\/strong><br \/>\n<strong>Agrale 6000E-TRONIC FURGOVAN<\/strong><br \/>\n<strong>Agrale 8000E-MEC FURGOVAN<\/strong><br \/>\n<strong>Agrale 8500CD-EMEC<\/strong><br \/>\n<strong>Agrale 8500E-MEC<\/strong><br \/>\n<strong>Agrale 8500E-TRONIC<\/strong><br \/>\n<strong>Agrale CHASSI MA 12.0 LE E-TRONIC<\/strong><br \/>\n<strong>Agrale CHASSI MA 12.0E-TRONIC<\/strong><br \/>\n<strong>Agrale CHASSI MA 12.0SB E-TRONIC<\/strong><br \/>\n<strong>Dodge 400<\/strong><br \/>\n<strong>Dodge 500<\/strong><br \/>\n<strong>Dodge 700<\/strong><br \/>\n<strong>Dodge 900<\/strong><br \/>\n<strong>Dodge 950<\/strong><br \/>\n<strong>Ford Cargo 814<\/strong><br \/>\n<strong>Ford Cargo 815<\/strong><br \/>\n<strong>Ford Cargo 815E<\/strong><br \/>\n<strong>GM A10<\/strong><br \/>\n<strong>GM A14<\/strong><br \/>\n<strong>GM A15<\/strong><br \/>\n<strong>GM A20<\/strong><br \/>\n<strong>GM A40<\/strong><br \/>\n<strong>GM Bonanza<\/strong><br \/>\n<strong>GM C10<\/strong><br \/>\n<strong>GM C14<\/strong><br \/>\n<strong>GM C15<\/strong><br \/>\n<strong>GM C20<\/strong><br \/>\n<strong>GM C40<\/strong><br \/>\n<strong>GM D10<\/strong><br \/>\n<strong>GM D1000<\/strong><br \/>\n<strong>GM D14<\/strong><br \/>\n<strong>GM D15<\/strong><br \/>\n<strong>GM D20<\/strong><br \/>\n<strong>GM Silverado<\/strong><br \/>\n<strong>GM Veraneio<\/strong><br \/>\n<strong>VW 7.110<\/strong><\/p>\n<p><strong>Interno: 50,800 mm Externo: 88,900 mm Altura: 22,638 mm<\/strong><br \/>\n<strong>MARCA: ZTL \u2013 368A\/362A<\/strong><\/p>\n<p><strong>As fotos deste an\u00fancio s\u00e3o meramente ilustrativas.<\/strong><br \/>\n<strong>PE\u00c7AS PARA CAMINH\u00d5ES, VANS, \u00d4NIBUS, TRATORES E M\u00c1QUINAS PESADAS<\/strong><br \/>\n<strong>______________________________________________________________<\/strong><br \/>\n<strong>Pe\u00e7as nacionais e importadas, com excelente pre\u00e7o e prazo de entrega.<\/strong><\/p>\n<p><strong>Encaminhe suas d\u00favidas na \u00e1rea de perguntas antes de comprar.<\/strong><\/p>\n<p><strong>Nossa equipe \u00e9 especializada e vai ajudar voc\u00ea a encontrar o produto certo para seu ve\u00edculo.<\/strong><\/p>\n<p><strong>PARA UMA MELHOR COMPRA:<\/strong><br \/>\n<strong>&#8211; Confira se o endere\u00e7o de entrega est\u00e1 completo e correto. Mantenha seus dados atualizados.<\/strong><br \/>\n<strong>&#8211; N\u00e3o utilize Caixa Postal como endere\u00e7o de entrega.<\/strong><br \/>\n<strong>&#8211; Antes de concretizar sua compra, tire suas d\u00favidas na \u00e1rea de perguntas.<\/strong><br \/>\n<strong>&#8211; Se necess\u00e1rio, confirme a aplica\u00e7\u00e3o com seu mec\u00e2nico.<\/strong><\/p>\n<p><strong>Muito obrigado,<\/strong><\/p>\n<p><strong>GARANTIA DE ENTREGA OU SEU DINHEIRO DE VOLTA.<\/strong><\/p>\n<p><strong>Equipe LPI COMERCIAL \u2013 Prazer em servir!<\/strong><\/p>\n<p><strong>Garantia do vendedor: 180 dia<\/strong><\/p>\n","protected":false},"excerpt":{"rendered":"<p><strong>MEDIDAS<\/strong><\/p>\n<p><strong>Interno: 50,800 mm <\/strong><\/p>\n<p><strong>Externo: 88,900 mm <\/strong><\/p>\n<p><strong>Altura: 22,638 mm<\/strong><\/p>\n","protected":false},"featured_media":2259,"comment_status":"open","ping_status":"closed","template":"","meta":{"_joinchat":[]},"product_brand":[],"product_cat":[148,37],"product_tag":[],"class_list":{"0":"post-2258","1":"product","2":"type-product","3":"status-publish","4":"has-post-thumbnail","6":"product_cat-linha-pesada-conicos","7":"product_cat-rolamento","9":"first","10":"instock","11":"sale","12":"taxable","13":"shipping-taxable","14":"purchasable","15":"product-type-simple"},"_links":{"self":[{"href":"https:\/\/ztlrolamentos.com.br\/loja\/wp-json\/wp\/v2\/product\/2258","targetHints":{"allow":["GET"]}}],"collection":[{"href":"https:\/\/ztlrolamentos.com.br\/loja\/wp-json\/wp\/v2\/product"}],"about":[{"href":"https:\/\/ztlrolamentos.com.br\/loja\/wp-json\/wp\/v2\/types\/product"}],"replies":[{"embeddable":true,"href":"https:\/\/ztlrolamentos.com.br\/loja\/wp-json\/wp\/v2\/comments?post=2258"}],"wp:featuredmedia":[{"embeddable":true,"href":"https:\/\/ztlrolamentos.com.br\/loja\/wp-json\/wp\/v2\/media\/2259"}],"wp:attachment":[{"href":"https:\/\/ztlrolamentos.com.br\/loja\/wp-json\/wp\/v2\/media?parent=2258"}],"wp:term":[{"taxonomy":"product_brand","embeddable":true,"href":"https:\/\/ztlrolamentos.com.br\/loja\/wp-json\/wp\/v2\/product_brand?post=2258"},{"taxonomy":"product_cat","embeddable":true,"href":"https:\/\/ztlrolamentos.com.br\/loja\/wp-json\/wp\/v2\/product_cat?post=2258"},{"taxonomy":"product_tag","embeddable":true,"href":"https:\/\/ztlrolamentos.com.br\/loja\/wp-json\/wp\/v2\/product_tag?post=2258"}],"curies":[{"name":"wp","href":"https:\/\/api.w.org\/{rel}","templated":true}]}}