{"id":2256,"date":"2024-07-16T14:56:18","date_gmt":"2024-07-16T17:56:18","guid":{"rendered":"https:\/\/ztlrolamentos.com.br\/loja\/?post_type=product&#038;p=2256"},"modified":"2024-07-16T14:56:18","modified_gmt":"2024-07-16T17:56:18","slug":"rolamento-3585-3525-diant-ext-ford-f14000-13000-16000-agrale-chassi-ma-12-0-le-e-tronic-vw-13-150-2","status":"publish","type":"product","link":"https:\/\/ztlrolamentos.com.br\/loja\/produto\/rolamento-3585-3525-diant-ext-ford-f14000-13000-16000-agrale-chassi-ma-12-0-le-e-tronic-vw-13-150-2\/","title":{"rendered":"ROLAMENTO 3585\/3525 DIANT.EXT.FORD F14000\/13000\/16000 \/ AGRALE CHASSI MA 12.0 LE E-TRONIC \/ VW 13.150"},"content":{"rendered":"<p><strong>Cont\u00e9m 1 Pe\u00e7a;<\/strong><\/p>\n<p><strong>Descri\u00e7\u00e3o do item: ROLAMENTO 3585\/3525 DIANT.EXT.FORD F14000\/13000\/16000 \/ AGRALE CHASSI MA 12.0 LE E-TRONIC \/ VW 13.150<\/strong><\/p>\n<p><strong>APLICA\u00c7\u00c3O<\/strong><\/p>\n<p><strong>Agrale CHASSI MA 12.0 LE E-TRONIC<\/strong><br \/>\n<strong>Agrale CHASSI MA 12.0E-TRONIC<\/strong><br \/>\n<strong>Agrale CHASSI MA 12.0SB E-TRONIC<\/strong><br \/>\n<strong>Ford Cargo 1113<\/strong><br \/>\n<strong>Ford Cargo 1114<\/strong><br \/>\n<strong>Ford Cargo 1116<\/strong><br \/>\n<strong>Ford Cargo 1117<\/strong><br \/>\n<strong>Ford Cargo 1215<\/strong><br \/>\n<strong>Ford Cargo 1415<\/strong><br \/>\n<strong>Ford Cargo 1416<\/strong><br \/>\n<strong>Ford F13000 &lt; 1986<\/strong><br \/>\n<strong>Ford F14000 &lt; 1986<\/strong><br \/>\n<strong>Ford F16000 &lt; 1986<\/strong><br \/>\n<strong>VW 11.130<\/strong><br \/>\n<strong>VW 11.140<\/strong><br \/>\n<strong>VW 12.140<\/strong><br \/>\n<strong>VW 12.170 BT<\/strong><br \/>\n<strong>VW 13.130<\/strong><br \/>\n<strong>VW 13.150<\/strong><br \/>\n<strong>VW 13.170<\/strong><br \/>\n<strong>VW 13.180<\/strong><br \/>\n<strong>VW 13.190<\/strong><br \/>\n<strong>VW 13.210<\/strong><\/p>\n<p><strong>Interno: 41,275 mm Externo: 87,312 mm Altura: 30,162 mm<\/strong><br \/>\n<strong>MARCA: ZTL \u2013 3585\/3525<\/strong><\/p>\n<p><strong>As fotos deste an\u00fancio s\u00e3o meramente ilustrativas.<\/strong><br \/>\n<strong>PE\u00c7AS PARA CAMINH\u00d5ES, VANS, \u00d4NIBUS, TRATORES E M\u00c1QUINAS PESADAS<\/strong><br \/>\n<strong>______________________________________________________________<\/strong><br \/>\n<strong>Pe\u00e7as nacionais e importadas, com excelente pre\u00e7o e prazo de entrega.<\/strong><\/p>\n<p><strong>Encaminhe suas d\u00favidas na \u00e1rea de perguntas antes de comprar.<\/strong><\/p>\n<p><strong>Nossa equipe \u00e9 especializada e vai ajudar voc\u00ea a encontrar o produto certo para seu ve\u00edculo.<\/strong><\/p>\n<p><strong>PARA UMA MELHOR COMPRA:<\/strong><br \/>\n<strong>&#8211; Confira se o endere\u00e7o de entrega est\u00e1 completo e correto. Mantenha seus dados atualizados.<\/strong><br \/>\n<strong>&#8211; N\u00e3o utilize Caixa Postal como endere\u00e7o de entrega.<\/strong><br \/>\n<strong>&#8211; Antes de concretizar sua compra, tire suas d\u00favidas na \u00e1rea de perguntas.<\/strong><br \/>\n<strong>&#8211; Se necess\u00e1rio, confirme a aplica\u00e7\u00e3o com seu mec\u00e2nico.<\/strong><\/p>\n<p><strong>Muito obrigado,<\/strong><\/p>\n<p><strong>GARANTIA DE ENTREGA OU SEU DINHEIRO DE VOLTA.<\/strong><\/p>\n<p><strong>Equipe LPI COMERCIAL \u2013 Prazer em servir!<\/strong><\/p>\n<p><strong>Garantia do vendedor: 180 dia<\/strong><\/p>\n","protected":false},"excerpt":{"rendered":"<p><strong>MEDIDAS<\/strong><\/p>\n<p><strong>Interno: 41,275 mm <\/strong><\/p>\n<p><strong>Externo: 87,312 mm <\/strong><\/p>\n<p><strong>Altura: 30,162 mm<\/strong><\/p>\n","protected":false},"featured_media":2257,"comment_status":"open","ping_status":"closed","template":"","meta":{"_joinchat":[]},"product_brand":[],"product_cat":[148,37],"product_tag":[],"class_list":{"0":"post-2256","1":"product","2":"type-product","3":"status-publish","4":"has-post-thumbnail","6":"product_cat-linha-pesada-conicos","7":"product_cat-rolamento","9":"first","10":"instock","11":"sale","12":"taxable","13":"shipping-taxable","14":"purchasable","15":"product-type-simple"},"_links":{"self":[{"href":"https:\/\/ztlrolamentos.com.br\/loja\/wp-json\/wp\/v2\/product\/2256","targetHints":{"allow":["GET"]}}],"collection":[{"href":"https:\/\/ztlrolamentos.com.br\/loja\/wp-json\/wp\/v2\/product"}],"about":[{"href":"https:\/\/ztlrolamentos.com.br\/loja\/wp-json\/wp\/v2\/types\/product"}],"replies":[{"embeddable":true,"href":"https:\/\/ztlrolamentos.com.br\/loja\/wp-json\/wp\/v2\/comments?post=2256"}],"wp:featuredmedia":[{"embeddable":true,"href":"https:\/\/ztlrolamentos.com.br\/loja\/wp-json\/wp\/v2\/media\/2257"}],"wp:attachment":[{"href":"https:\/\/ztlrolamentos.com.br\/loja\/wp-json\/wp\/v2\/media?parent=2256"}],"wp:term":[{"taxonomy":"product_brand","embeddable":true,"href":"https:\/\/ztlrolamentos.com.br\/loja\/wp-json\/wp\/v2\/product_brand?post=2256"},{"taxonomy":"product_cat","embeddable":true,"href":"https:\/\/ztlrolamentos.com.br\/loja\/wp-json\/wp\/v2\/product_cat?post=2256"},{"taxonomy":"product_tag","embeddable":true,"href":"https:\/\/ztlrolamentos.com.br\/loja\/wp-json\/wp\/v2\/product_tag?post=2256"}],"curies":[{"name":"wp","href":"https:\/\/api.w.org\/{rel}","templated":true}]}}