{"id":2252,"date":"2024-07-16T14:40:11","date_gmt":"2024-07-16T17:40:11","guid":{"rendered":"https:\/\/ztlrolamentos.com.br\/loja\/?post_type=product&#038;p=2252"},"modified":"2024-07-16T14:40:12","modified_gmt":"2024-07-16T17:40:12","slug":"rolamento-33281-462-lat-cx-satel-ford-f600-7000-11000-gm-a-c-d60-vw11130-difer-eixo-340","status":"publish","type":"product","link":"https:\/\/ztlrolamentos.com.br\/loja\/produto\/rolamento-33281-462-lat-cx-satel-ford-f600-7000-11000-gm-a-c-d60-vw11130-difer-eixo-340\/","title":{"rendered":"ROLAMENTO 33281\/462 LAT. CX. SATEL. FORD F600\/7000\/11000\/GM A\/C\/D60\/VW11130 DIFER. EIXO 340"},"content":{"rendered":"<p><strong>Cont\u00e9m 1 Pe\u00e7a;<\/strong><\/p>\n<p><strong>Descri\u00e7\u00e3o do item: Rolamento\u00a0<\/strong><strong>33281\/462 <\/strong><strong>Lat.Cx.Satel.Ford F600\/7000\/11000\/GM A\/C\/D60\/VW11130Difer.Eixo 340<\/strong><\/p>\n<p><strong>APLICA\u00c7\u00c3O:<\/strong><\/p>\n<p><strong>ROLAMENTO 33281\/462<\/strong><\/p>\n<p><strong>ROLAMENTO ROLETE C\u00d4NICO CARGA RADIAL\/AXIAL DIFERENCIAL VW:CAMINHOES E ONIBUS VW:12-140, 12-140H, 12-170BT<\/strong><\/p>\n<ul>\n<li><strong>Medidas: 71.438&#215;117.475&#215;30.1062mm<\/strong><\/li>\n<\/ul>\n<p><strong>MARCA: ZTL \u201333281\/462<\/strong><\/p>\n<p><strong>As fotos deste an\u00fancio s\u00e3o meramente ilustrativas.<\/strong><br \/>\n<strong>PE\u00c7AS PARA CAMINH\u00d5ES, VANS, \u00d4NIBUS, TRATORES E M\u00c1QUINAS PESADAS<\/strong><br \/>\n<strong>______________________________________________________________<\/strong><br \/>\n<strong>Pe\u00e7as nacionais e importadas, com excelente pre\u00e7o e prazo de entrega.<\/strong><\/p>\n<p><strong>Encaminhe suas d\u00favidas na \u00e1rea de perguntas antes de comprar.<\/strong><\/p>\n<p><strong>Nossa equipe \u00e9 especializada e vai ajudar voc\u00ea a encontrar o produto certo para seu ve\u00edculo.<\/strong><\/p>\n<p><strong>PARA UMA MELHOR COMPRA:<\/strong><br \/>\n<strong>&#8211; Confira se o endere\u00e7o de entrega est\u00e1 completo e correto. Mantenha seus dados atualizados.<\/strong><br \/>\n<strong>&#8211; N\u00e3o utilize Caixa Postal como endere\u00e7o de entrega.<\/strong><br \/>\n<strong>&#8211; Antes de concretizar sua compra, tire suas d\u00favidas na \u00e1rea de perguntas.<\/strong><br \/>\n<strong>&#8211; Se necess\u00e1rio, confirme a aplica\u00e7\u00e3o com seu mec\u00e2nico.<\/strong><\/p>\n<p><strong>Muito obrigado,<\/strong><\/p>\n<p><strong>GARANTIA DE ENTREGA OU SEU DINHEIRO DE VOLTA.<\/strong><\/p>\n<p><strong>Equipe LPI COMERCIAL \u2013 Prazer em servir!<\/strong><\/p>\n<p><strong>Garantia do vendedor: 180 dia<\/strong><\/p>\n","protected":false},"excerpt":{"rendered":"<p>Cont\u00e9m 1 Pe\u00e7a; Descri\u00e7\u00e3o do item: Rolamento\u00a033281\/462 Lat.Cx.Satel.Ford F600\/7000\/11000\/GM A\/C\/D60\/VW11130Difer.Eixo 340 APLICA\u00c7\u00c3O: ROLAMENTO 33281\/462 ROLAMENTO ROLETE C\u00d4NICO CARGA RADIAL\/AXIAL DIFERENCIAL VW:CAMINHOES E ONIBUS VW:12-140, 12-140H, 12-170BT Medidas: 71.438&#215;117.475&#215;30.1062mm MARCA: ZTL \u201333281\/462 As fotos deste an\u00fancio s\u00e3o meramente ilustrativas. PE\u00c7AS PARA CAMINH\u00d5ES, VANS, \u00d4NIBUS, TRATORES E M\u00c1QUINAS PESADAS ______________________________________________________________ Pe\u00e7as nacionais e importadas, com excelente pre\u00e7o e prazo de entrega. Encaminhe suas d\u00favidas na \u00e1rea de perguntas antes de comprar. Nossa equipe \u00e9 especializada e vai ajudar voc\u00ea a encontrar o produto certo para seu ve\u00edculo. PARA UMA MELHOR COMPRA: &#8211; Confira se o endere\u00e7o de entrega est\u00e1 completo e correto. Mantenha seus dados atualizados. &#8211; N\u00e3o utilize Caixa Postal como&hellip; <a class=\"read-more\" href=\"https:\/\/ztlrolamentos.com.br\/loja\/produto\/rolamento-33281-462-lat-cx-satel-ford-f600-7000-11000-gm-a-c-d60-vw11130-difer-eixo-340\/\">Leia Mais<\/a><\/p>\n","protected":false},"featured_media":2226,"comment_status":"open","ping_status":"closed","template":"","meta":{"_joinchat":[]},"product_brand":[],"product_cat":[148,37],"product_tag":[],"class_list":{"0":"post-2252","1":"product","2":"type-product","3":"status-publish","4":"has-post-thumbnail","6":"product_cat-linha-pesada-conicos","7":"product_cat-rolamento","9":"first","10":"instock","11":"sale","12":"taxable","13":"shipping-taxable","14":"purchasable","15":"product-type-simple"},"_links":{"self":[{"href":"https:\/\/ztlrolamentos.com.br\/loja\/wp-json\/wp\/v2\/product\/2252","targetHints":{"allow":["GET"]}}],"collection":[{"href":"https:\/\/ztlrolamentos.com.br\/loja\/wp-json\/wp\/v2\/product"}],"about":[{"href":"https:\/\/ztlrolamentos.com.br\/loja\/wp-json\/wp\/v2\/types\/product"}],"replies":[{"embeddable":true,"href":"https:\/\/ztlrolamentos.com.br\/loja\/wp-json\/wp\/v2\/comments?post=2252"}],"wp:featuredmedia":[{"embeddable":true,"href":"https:\/\/ztlrolamentos.com.br\/loja\/wp-json\/wp\/v2\/media\/2226"}],"wp:attachment":[{"href":"https:\/\/ztlrolamentos.com.br\/loja\/wp-json\/wp\/v2\/media?parent=2252"}],"wp:term":[{"taxonomy":"product_brand","embeddable":true,"href":"https:\/\/ztlrolamentos.com.br\/loja\/wp-json\/wp\/v2\/product_brand?post=2252"},{"taxonomy":"product_cat","embeddable":true,"href":"https:\/\/ztlrolamentos.com.br\/loja\/wp-json\/wp\/v2\/product_cat?post=2252"},{"taxonomy":"product_tag","embeddable":true,"href":"https:\/\/ztlrolamentos.com.br\/loja\/wp-json\/wp\/v2\/product_tag?post=2252"}],"curies":[{"name":"wp","href":"https:\/\/api.w.org\/{rel}","templated":true}]}}