{"id":2231,"date":"2024-07-16T13:25:05","date_gmt":"2024-07-16T16:25:05","guid":{"rendered":"https:\/\/ztlrolamentos.com.br\/loja\/?post_type=product&#038;p=2231"},"modified":"2024-07-16T13:25:47","modified_gmt":"2024-07-16T16:25:47","slug":"rolamento-33205-roda-diant-ext-mb-608-708-709-710-712-sprinter-310-312-2","status":"publish","type":"product","link":"https:\/\/ztlrolamentos.com.br\/loja\/produto\/rolamento-33205-roda-diant-ext-mb-608-708-709-710-712-sprinter-310-312-2\/","title":{"rendered":"ROLAMENTO 33205 RODA DIANT.EXT.MB \/ 608\/708\/709\/710\/712\/ SPRINTER 310\/312"},"content":{"rendered":"<p><strong>Cont\u00e9m 1 Pe\u00e7a;<\/strong><\/p>\n<p><strong>Descri\u00e7\u00e3o do item: ROLAMENTO 33205 RODA DIANT.EXT.MB \/ 608\/708\/709\/710\/712\/ SPRINTER 310\/312<\/strong><\/p>\n<p><strong>Rolamento roda D EXT | MBB: Sprinter, Classe CL\/S\/SEL.<\/strong><\/p>\n<p><strong>Ford<\/strong><br \/>\n<strong>Cargo 1217 2P (Diesel) Traseiro Externo &#8211; (40x80x32) &#8211; 1990 &#8211; 1995<\/strong><br \/>\n<strong>Mercedes-Benz<\/strong><br \/>\n<strong>1111 Traseiro Externo &#8211; (40x80x32) &#8211; 1994 &#8211; 1997<\/strong><br \/>\n<strong>1113 Traseiro Externo &#8211; (40x80x32) &#8211; 1994 &#8211; 1997<\/strong><br \/>\n<strong>1114 Traseiro Externo &#8211; (40x80x32) &#8211; 1994 &#8211; 1997<\/strong><br \/>\n<strong>1116 Traseiro Externo &#8211; (40x80x32) &#8211; 1973 &#8211; 1999<\/strong><br \/>\n<strong>1214 2P (Diesel) Traseiro Externo &#8211; (40x80x32) &#8211; 1989 &#8211; 1999<\/strong><br \/>\n<strong>1215 C 2P (Diesel) Traseiro Externo &#8211; (40x80x32) &#8211; 1999 &#8211; 2004<\/strong><br \/>\n<strong>1218 2P (Diesel) Traseiro Externo &#8211; (40x80x32) &#8211; 1990 &#8211; 1996<\/strong><br \/>\n<strong>1313 Traseiro Externo &#8211; (40x80x32) &#8211; 1973 &#8211; 1989<\/strong><br \/>\n<strong>1315 Traseiro Externo &#8211; (40x80x32) &#8211; 2005 &#8211; 2013<\/strong><br \/>\n<strong>1316 Traseiro Externo &#8211; (40x80x32) &#8211; 1976 &#8211; 1986<\/strong><br \/>\n<strong>1317 Traseiro Externo &#8211; (40x80x32) &#8211; 1986 &#8211; 1996<\/strong><br \/>\n<strong>1318 2P (Diesel) Traseiro Externo &#8211; (40x80x32) &#8211; 2002 &#8211; 2004<\/strong><br \/>\n<strong>1319 Traseiro Externo &#8211; (40x80x32) &#8211; 2012 &#8211; 2024<\/strong><br \/>\n<strong>1320 Traseiro Externo &#8211; (40x80x32) &#8211; 2005 &#8211; 2008<\/strong><br \/>\n<strong>1414 Traseiro Externo &#8211; (40x80x32) &#8211; 1990 &#8211; 1994<\/strong><br \/>\n<strong>1416 2P (Diesel) Traseiro Externo &#8211; (40x80x32) &#8211; 1989 &#8211; 2001<\/strong><br \/>\n<strong>1417 2P (Diesel) Traseiro Externo &#8211; (40x80x32) &#8211; 1987 &#8211; 1995<\/strong><br \/>\n<strong>1418 Traseiro Externo &#8211; (40x80x32) &#8211; 1989 &#8211; 2001<\/strong><br \/>\n<strong>1420 Traseiro Externo &#8211; (40x80x32) &#8211; 2002 &#8211; 2004<\/strong><br \/>\n<strong>608 Freio pneum\u00e1tico &#8211; Dianteiro Externo &#8211; (25x52x22) &#8211; 1975 &#8211; 1989<\/strong><br \/>\n<strong>708 Freio pneum\u00e1tico &#8211; Dianteiro Externo &#8211; (25x52x22) &#8211; 1975 &#8211; 1989<\/strong><br \/>\n<strong>712 Freio pneum\u00e1tico &#8211; Dianteiro Externo &#8211; (25x52x22) &#8211; 1992 &#8211; 2003<\/strong><br \/>\n<strong>MB 704 Freio pneum\u00e1tico &#8211; Dianteiro Externo &#8211; (25x52x22) &#8211; 1975 &#8211; 1989<\/strong><br \/>\n<strong>VANS (1 aplica\u00e7\u00e3o)<\/strong><br \/>\n<strong>Mercedes-Benz<\/strong><br \/>\n<strong>Sprinter Freio pneum\u00e1tico &#8211; Dianteiro Externo &#8211; (25x52x22) &#8211; 1997 &#8211; 2024<\/strong><\/p>\n<p><strong>Interno: 25,000 mm Externo: 52,000 mm Altura: 22,000 mm<\/strong><\/p>\n<p><strong>MARCA: ZTL \u2013 33205<\/strong><\/p>\n<p><strong>As fotos deste an\u00fancio s\u00e3o meramente ilustrativas.<\/strong><br \/>\n<strong>PE\u00c7AS PARA CAMINH\u00d5ES, VANS, \u00d4NIBUS, TRATORES E M\u00c1QUINAS PESADAS<\/strong><br \/>\n<strong>______________________________________________________________<\/strong><br \/>\n<strong>Pe\u00e7as nacionais e importadas, com excelente pre\u00e7o e prazo de entrega.<\/strong><\/p>\n<p><strong>Encaminhe suas d\u00favidas na \u00e1rea de perguntas antes de comprar.<\/strong><\/p>\n<p><strong>Nossa equipe \u00e9 especializada e vai ajudar voc\u00ea a encontrar o produto certo para seu ve\u00edculo.<\/strong><\/p>\n<p><strong>PARA UMA MELHOR COMPRA:<\/strong><br \/>\n<strong>&#8211; Confira se o endere\u00e7o de entrega est\u00e1 completo e correto. Mantenha seus dados atualizados.<\/strong><br \/>\n<strong>&#8211; N\u00e3o utilize Caixa Postal como endere\u00e7o de entrega.<\/strong><br \/>\n<strong>&#8211; Antes de concretizar sua compra, tire suas d\u00favidas na \u00e1rea de perguntas.<\/strong><br \/>\n<strong>&#8211; Se necess\u00e1rio, confirme a aplica\u00e7\u00e3o com seu mec\u00e2nico.<\/strong><\/p>\n<p><strong>Muito obrigado,<\/strong><\/p>\n<p><strong>GARANTIA DE ENTREGA OU SEU DINHEIRO DE VOLTA.<\/strong><\/p>\n<p><strong>Equipe LPI COMERCIAL \u2013 Prazer em servir!<\/strong><\/p>\n<p><strong>Garantia do vendedor: 180 dia<\/strong><\/p>\n","protected":false},"excerpt":{"rendered":"<p><strong>MEDIDAS <\/strong><\/p>\n<p><strong>Interno: 25,000 mm <\/strong><\/p>\n<p><strong>Externo: 52,000 mm <\/strong><\/p>\n<p><strong>Altura: 22,000 mm<\/strong><\/p>\n","protected":false},"featured_media":2236,"comment_status":"open","ping_status":"closed","template":"","meta":{"_joinchat":[]},"product_brand":[],"product_cat":[148,37],"product_tag":[],"class_list":{"0":"post-2231","1":"product","2":"type-product","3":"status-publish","4":"has-post-thumbnail","6":"product_cat-linha-pesada-conicos","7":"product_cat-rolamento","9":"first","10":"instock","11":"sale","12":"taxable","13":"shipping-taxable","14":"purchasable","15":"product-type-simple"},"_links":{"self":[{"href":"https:\/\/ztlrolamentos.com.br\/loja\/wp-json\/wp\/v2\/product\/2231","targetHints":{"allow":["GET"]}}],"collection":[{"href":"https:\/\/ztlrolamentos.com.br\/loja\/wp-json\/wp\/v2\/product"}],"about":[{"href":"https:\/\/ztlrolamentos.com.br\/loja\/wp-json\/wp\/v2\/types\/product"}],"replies":[{"embeddable":true,"href":"https:\/\/ztlrolamentos.com.br\/loja\/wp-json\/wp\/v2\/comments?post=2231"}],"wp:featuredmedia":[{"embeddable":true,"href":"https:\/\/ztlrolamentos.com.br\/loja\/wp-json\/wp\/v2\/media\/2236"}],"wp:attachment":[{"href":"https:\/\/ztlrolamentos.com.br\/loja\/wp-json\/wp\/v2\/media?parent=2231"}],"wp:term":[{"taxonomy":"product_brand","embeddable":true,"href":"https:\/\/ztlrolamentos.com.br\/loja\/wp-json\/wp\/v2\/product_brand?post=2231"},{"taxonomy":"product_cat","embeddable":true,"href":"https:\/\/ztlrolamentos.com.br\/loja\/wp-json\/wp\/v2\/product_cat?post=2231"},{"taxonomy":"product_tag","embeddable":true,"href":"https:\/\/ztlrolamentos.com.br\/loja\/wp-json\/wp\/v2\/product_tag?post=2231"}],"curies":[{"name":"wp","href":"https:\/\/api.w.org\/{rel}","templated":true}]}}