{"id":2230,"date":"2024-07-16T09:58:47","date_gmt":"2024-07-16T12:58:47","guid":{"rendered":"https:\/\/ztlrolamentos.com.br\/loja\/?post_type=product&#038;p=2230"},"modified":"2024-07-16T10:01:50","modified_gmt":"2024-07-16T13:01:50","slug":"rolamento-3382-3320-contra-eixo-mb-1620-cx-zf","status":"publish","type":"product","link":"https:\/\/ztlrolamentos.com.br\/loja\/produto\/rolamento-3382-3320-contra-eixo-mb-1620-cx-zf\/","title":{"rendered":"ROLAMENTO 3382\/3320 CONTRA EIXO MB 1620 CX.ZF"},"content":{"rendered":"<p><strong>Cont\u00e9m 1 Pe\u00e7a;<\/strong><\/p>\n<p><strong>Descri\u00e7\u00e3o do item: ROLAMENTO 3382\/3320 CONTRA EIXO MB 1620 CX.ZF<\/strong><\/p>\n<p><strong>APLICA\u00c7\u00c3O<\/strong><\/p>\n<p><strong>MERCEDES-BENZ L1218 todos os anos<\/strong><\/p>\n<p><strong>MERCEDES-BENZ L1414 todos os anos<\/strong><\/p>\n<p><strong>MERCEDES-BENZ L1418 todos os anos<\/strong><\/p>\n<p><strong>MERCEDES-BENZ L1419 todos os anos<\/strong><\/p>\n<p><strong>MERCEDES-BENZ L1420 todos os anos<\/strong><\/p>\n<p><strong>MERCEDES-BENZ LA1414 todos os anos<\/strong><\/p>\n<p><strong>MERCEDES-BENZ LA1418 todos os anos<\/strong><\/p>\n<p><strong>MERCEDES-BENZ LAK1414 todos os anos<\/strong><\/p>\n<p><strong>MERCEDES-BENZ LAK1418 todos os anos<\/strong><\/p>\n<p><strong>MERCEDES-BENZ LK1218 todos os anos<\/strong><\/p>\n<p><strong>MERCEDES-BENZ LK1414 todos os anos<\/strong><\/p>\n<p><strong>MERCEDES-BENZ LK1418 todos os anos<\/strong><\/p>\n<p><strong>MERCEDES-BENZ LK1419 todos os anos<\/strong><\/p>\n<p><strong>MERCEDES-BENZ LK1420 todos os anos<\/strong><\/p>\n<p><strong>MERCEDES-BENZ LS1218 todos os anos<\/strong><\/p>\n<p><strong>MERCEDES-BENZ LS1419 todos os anos<\/strong><\/p>\n<p><strong>MERCEDES-BENZ LS1420 todos os anos<\/strong><\/p>\n<p><strong>MERCEDES-BENZ OF1318 todos os anos<\/strong><\/p>\n<p><strong>MERCEDES-BENZ OF1417 todos os anos<\/strong><\/p>\n<p><strong>MERCEDES-BENZ OF1419 todos os anos<\/strong><\/p>\n<p><strong>MERCEDES-BENZ OH1318 todos os anos<\/strong><\/p>\n<p><strong>MERCEDES-BENZ OH1418 todos os anos<\/strong><\/p>\n<p><strong>MERCEDES-BENZ OH1419 todos os anos<\/strong><\/p>\n<p><strong>MERCEDES-BENZ OH1420 todos os anos<\/strong><\/p>\n<p><strong>MERCEDES-BENZ OH1421L todos os anos<\/strong><\/p>\n<p><strong>As fotos deste an\u00fancio s\u00e3o meramente ilustrativas.<\/strong><br \/>\n<strong>PE\u00c7AS PARA CAMINH\u00d5ES, VANS, \u00d4NIBUS, TRATORES E M\u00c1QUINAS PESADAS<\/strong><br \/>\n<strong>______________________________________________________________<\/strong><br \/>\n<strong>Pe\u00e7as nacionais e importadas, com excelente pre\u00e7o e prazo de entrega.<\/strong><\/p>\n<p><strong>Encaminhe suas d\u00favidas na \u00e1rea de perguntas antes de comprar.<\/strong><\/p>\n<p><strong>Nossa equipe \u00e9 especializada e vai ajudar voc\u00ea a encontrar o produto certo para seu ve\u00edculo.<\/strong><\/p>\n<p><strong>PARA UMA MELHOR COMPRA:<\/strong><br \/>\n<strong>&#8211; Confira se o endere\u00e7o de entrega est\u00e1 completo e correto. Mantenha seus dados atualizados.<\/strong><br \/>\n<strong>&#8211; N\u00e3o utilize Caixa Postal como endere\u00e7o de entrega.<\/strong><br \/>\n<strong>&#8211; Antes de concretizar sua compra, tire suas d\u00favidas na \u00e1rea de perguntas.<\/strong><br \/>\n<strong>&#8211; Se necess\u00e1rio, confirme a aplica\u00e7\u00e3o com seu mec\u00e2nico.<\/strong><\/p>\n<p><strong>Muito obrigado,<\/strong><\/p>\n<p><strong>GARANTIA DE ENTREGA OU SEU DINHEIRO DE VOLTA.<\/strong><\/p>\n<p><strong>Equipe LPI COMERCIAL \u2013 Prazer em servir!<\/strong><\/p>\n<p><strong>Garantia do vendedor: 180 dia<\/strong><\/p>\n","protected":false},"excerpt":{"rendered":"<p>Cont\u00e9m 1 Pe\u00e7a; Descri\u00e7\u00e3o do item: ROLAMENTO 3382\/3320 CONTRA EIXO MB 1620 CX.ZF APLICA\u00c7\u00c3O MERCEDES-BENZ L1218 todos os anos MERCEDES-BENZ L1414 todos os anos MERCEDES-BENZ L1418 todos os anos MERCEDES-BENZ L1419 todos os anos MERCEDES-BENZ L1420 todos os anos MERCEDES-BENZ LA1414 todos os anos MERCEDES-BENZ LA1418 todos os anos MERCEDES-BENZ LAK1414 todos os anos MERCEDES-BENZ LAK1418 todos os anos MERCEDES-BENZ LK1218 todos os anos MERCEDES-BENZ LK1414 todos os anos MERCEDES-BENZ LK1418 todos os anos MERCEDES-BENZ LK1419 todos os anos MERCEDES-BENZ LK1420 todos os anos MERCEDES-BENZ LS1218 todos os anos MERCEDES-BENZ LS1419 todos os anos MERCEDES-BENZ LS1420 todos os anos MERCEDES-BENZ OF1318 todos os anos MERCEDES-BENZ OF1417 todos os anos MERCEDES-BENZ&hellip; <a class=\"read-more\" href=\"https:\/\/ztlrolamentos.com.br\/loja\/produto\/rolamento-3382-3320-contra-eixo-mb-1620-cx-zf\/\">Leia Mais<\/a><\/p>\n","protected":false},"featured_media":2226,"comment_status":"open","ping_status":"closed","template":"","meta":{"_joinchat":[]},"product_brand":[],"product_cat":[148,37],"product_tag":[],"class_list":{"0":"post-2230","1":"product","2":"type-product","3":"status-publish","4":"has-post-thumbnail","6":"product_cat-linha-pesada-conicos","7":"product_cat-rolamento","9":"first","10":"instock","11":"sale","12":"taxable","13":"shipping-taxable","14":"purchasable","15":"product-type-simple"},"_links":{"self":[{"href":"https:\/\/ztlrolamentos.com.br\/loja\/wp-json\/wp\/v2\/product\/2230","targetHints":{"allow":["GET"]}}],"collection":[{"href":"https:\/\/ztlrolamentos.com.br\/loja\/wp-json\/wp\/v2\/product"}],"about":[{"href":"https:\/\/ztlrolamentos.com.br\/loja\/wp-json\/wp\/v2\/types\/product"}],"replies":[{"embeddable":true,"href":"https:\/\/ztlrolamentos.com.br\/loja\/wp-json\/wp\/v2\/comments?post=2230"}],"wp:featuredmedia":[{"embeddable":true,"href":"https:\/\/ztlrolamentos.com.br\/loja\/wp-json\/wp\/v2\/media\/2226"}],"wp:attachment":[{"href":"https:\/\/ztlrolamentos.com.br\/loja\/wp-json\/wp\/v2\/media?parent=2230"}],"wp:term":[{"taxonomy":"product_brand","embeddable":true,"href":"https:\/\/ztlrolamentos.com.br\/loja\/wp-json\/wp\/v2\/product_brand?post=2230"},{"taxonomy":"product_cat","embeddable":true,"href":"https:\/\/ztlrolamentos.com.br\/loja\/wp-json\/wp\/v2\/product_cat?post=2230"},{"taxonomy":"product_tag","embeddable":true,"href":"https:\/\/ztlrolamentos.com.br\/loja\/wp-json\/wp\/v2\/product_tag?post=2230"}],"curies":[{"name":"wp","href":"https:\/\/api.w.org\/{rel}","templated":true}]}}