{"id":2214,"date":"2024-07-16T08:36:00","date_gmt":"2024-07-16T11:36:00","guid":{"rendered":"https:\/\/ztlrolamentos.com.br\/loja\/?post_type=product&#038;p=2214"},"modified":"2024-07-16T08:36:01","modified_gmt":"2024-07-16T11:36:01","slug":"rolamento-32308-roda-carreta-eixo-d-ext-scania-101-140-lks-75-ls-76-l-lt-110-2","status":"publish","type":"product","link":"https:\/\/ztlrolamentos.com.br\/loja\/produto\/rolamento-32308-roda-carreta-eixo-d-ext-scania-101-140-lks-75-ls-76-l-lt-110-2\/","title":{"rendered":"ROLAMENTO 32308 RODA CARRETA \u2013 EIXO D EXT | SCANIA 101\/140 LKS\/75 LS\/76 L\/LT 110"},"content":{"rendered":"<p><strong>Cont\u00e9m 1 Pe\u00e7a;<\/strong><\/p>\n<p><strong>Descri\u00e7\u00e3o do item: ROLAMENTO 32308 RODA CARRETA \u2013 EIXO D EXT | SCANIA 101\/140 LKS\/75 LS\/76 L\/LT 110<\/strong><\/p>\n<p><strong>APLICA\u00c7\u00c3O<\/strong><\/p>\n<p><strong>Scania 101<\/strong><br \/>\n<strong>Scania 140 LK<\/strong><br \/>\n<strong>Scania 140 LKS<\/strong><br \/>\n<strong>Scania 142<\/strong><br \/>\n<strong>Scania 75 B<\/strong><br \/>\n<strong>Scania 75 L<\/strong><br \/>\n<strong>Scania 75 LS<\/strong><br \/>\n<strong>Scania 76 B<\/strong><br \/>\n<strong>Scania 76 L<\/strong><br \/>\n<strong>Scania 76 LS<\/strong><br \/>\n<strong>Scania K 113<\/strong><br \/>\n<strong>Scania LS 110<\/strong><br \/>\n<strong>Scania LS 111<\/strong><br \/>\n<strong>Scania LT 110<\/strong><br \/>\n<strong>Scania LT 111<\/strong><br \/>\n<strong>Scania R 113<\/strong><br \/>\n<strong>Scania R 143<\/strong><br \/>\n<strong>Scania T 113<\/strong><\/p>\n<p><strong>Interno: 40,000 mm Externo: 90,000 mm Altura: 35,250 mm<\/strong><\/p>\n<p><strong>MARCA: ZTL \u2013 32308<\/strong><\/p>\n<p><strong>PRODUTO NOVO<\/strong><\/p>\n<p><strong>As fotos deste an\u00fancio s\u00e3o meramente ilustrativas.<\/strong><br \/>\n<strong>PE\u00c7AS PARA CAMINH\u00d5ES, VANS, \u00d4NIBUS, TRATORES E M\u00c1QUINAS PESADAS<\/strong><br \/>\n<strong>______________________________________________________________<\/strong><br \/>\n<strong>Pe\u00e7as nacionais e importadas, com excelente pre\u00e7o e prazo de entrega.<\/strong><\/p>\n<p><strong>Encaminhe suas d\u00favidas na \u00e1rea de perguntas antes de comprar.<\/strong><\/p>\n<p><strong>Nossa equipe \u00e9 especializada e vai ajudar voc\u00ea a encontrar o produto certo para seu ve\u00edculo.<\/strong><\/p>\n<p><strong>PARA UMA MELHOR COMPRA:<\/strong><br \/>\n<strong>&#8211; Confira se o endere\u00e7o de entrega est\u00e1 completo e correto. Mantenha seus dados atualizados.<\/strong><br \/>\n<strong>&#8211; N\u00e3o utilize Caixa Postal como endere\u00e7o de entrega.<\/strong><br \/>\n<strong>&#8211; Antes de concretizar sua compra, tire suas d\u00favidas na \u00e1rea de perguntas.<\/strong><br \/>\n<strong>&#8211; Se necess\u00e1rio, confirme a aplica\u00e7\u00e3o com seu mec\u00e2nico.<\/strong><\/p>\n<p><strong>Muito obrigado,<\/strong><\/p>\n<p><strong>GARANTIA DE ENTREGA OU SEU DINHEIRO DE VOLTA.<\/strong><\/p>\n<p><strong>Equipe LPI COMERCIAL \u2013 Prazer em servir!<\/strong><\/p>\n<p><strong>Garantia do vendedor: 180 dia<\/strong><\/p>\n","protected":false},"excerpt":{"rendered":"<p><strong>MEDIDAS<\/strong><\/p>\n<p><strong>Interno: 40,000 mm <\/strong><\/p>\n<p><strong>Externo: 90,000 mm <\/strong><\/p>\n<p><strong>Altura: 35,250 mm<\/strong><\/p>\n","protected":false},"featured_media":2215,"comment_status":"open","ping_status":"closed","template":"","meta":{"_joinchat":[]},"product_brand":[],"product_cat":[148,37],"product_tag":[],"class_list":{"0":"post-2214","1":"product","2":"type-product","3":"status-publish","4":"has-post-thumbnail","6":"product_cat-linha-pesada-conicos","7":"product_cat-rolamento","9":"first","10":"instock","11":"sale","12":"taxable","13":"shipping-taxable","14":"purchasable","15":"product-type-simple"},"_links":{"self":[{"href":"https:\/\/ztlrolamentos.com.br\/loja\/wp-json\/wp\/v2\/product\/2214","targetHints":{"allow":["GET"]}}],"collection":[{"href":"https:\/\/ztlrolamentos.com.br\/loja\/wp-json\/wp\/v2\/product"}],"about":[{"href":"https:\/\/ztlrolamentos.com.br\/loja\/wp-json\/wp\/v2\/types\/product"}],"replies":[{"embeddable":true,"href":"https:\/\/ztlrolamentos.com.br\/loja\/wp-json\/wp\/v2\/comments?post=2214"}],"wp:featuredmedia":[{"embeddable":true,"href":"https:\/\/ztlrolamentos.com.br\/loja\/wp-json\/wp\/v2\/media\/2215"}],"wp:attachment":[{"href":"https:\/\/ztlrolamentos.com.br\/loja\/wp-json\/wp\/v2\/media?parent=2214"}],"wp:term":[{"taxonomy":"product_brand","embeddable":true,"href":"https:\/\/ztlrolamentos.com.br\/loja\/wp-json\/wp\/v2\/product_brand?post=2214"},{"taxonomy":"product_cat","embeddable":true,"href":"https:\/\/ztlrolamentos.com.br\/loja\/wp-json\/wp\/v2\/product_cat?post=2214"},{"taxonomy":"product_tag","embeddable":true,"href":"https:\/\/ztlrolamentos.com.br\/loja\/wp-json\/wp\/v2\/product_tag?post=2214"}],"curies":[{"name":"wp","href":"https:\/\/api.w.org\/{rel}","templated":true}]}}