{"id":2203,"date":"2024-07-15T16:17:46","date_gmt":"2024-07-15T19:17:46","guid":{"rendered":"https:\/\/ztlrolamentos.com.br\/loja\/?post_type=product&#038;p=2203"},"modified":"2024-07-15T16:18:06","modified_gmt":"2024-07-15T19:18:06","slug":"2203","status":"publish","type":"product","link":"https:\/\/ztlrolamentos.com.br\/loja\/produto\/2203\/","title":{"rendered":"ROLAMENTO 30220 RODA TRASEIRA INT.EXT.MB 1924\/1929\/1933\/1934\/1941"},"content":{"rendered":"<p><strong>Cont\u00e9m 1 Pe\u00e7a;<\/strong><\/p>\n<p><strong>Descri\u00e7\u00e3o do item: ROLAMENTO 30220 RODA TRASEIRA INT.EXT.MB 1924\/1929\/1933\/1934\/1941<\/strong><\/p>\n<p><strong>Mercedes Benz 1924<\/strong><br \/>\n<strong>Mercedes Benz 1924A<\/strong><br \/>\n<strong>Mercedes Benz 1929<\/strong><br \/>\n<strong>Mercedes Benz 1930<\/strong><br \/>\n<strong>Mercedes Benz 1933<\/strong><br \/>\n<strong>Mercedes Benz 1934<\/strong><br \/>\n<strong>Mercedes Benz 1935<\/strong><br \/>\n<strong>Mercedes Benz 1938<\/strong><br \/>\n<strong>Mercedes Benz 1941<\/strong><br \/>\n<strong>Mercedes Benz 2635<\/strong><br \/>\n<strong>Mercedes Benz L 2638<\/strong><br \/>\n<strong>Mercedes Benz LK 2638<\/strong><br \/>\n<strong>Mercedes Benz LS 2638<\/strong><\/p>\n<p><strong>MEDIDAS<\/strong><\/p>\n<ul>\n<li><strong>Di\u00e2metro externo: 180 mm<\/strong><\/li>\n<li><strong>Di\u00e2metro interno: 100 mm<\/strong><\/li>\n<li><strong>Largura: 37 mm<\/strong><\/li>\n<\/ul>\n<p><strong>As fotos deste an\u00fancio s\u00e3o meramente ilustrativas.<\/strong><br \/>\n<strong>PE\u00c7AS PARA CAMINH\u00d5ES, VANS, \u00d4NIBUS, TRATORES E M\u00c1QUINAS PESADAS<\/strong><br \/>\n<strong>______________________________________________________________<\/strong><br \/>\n<strong>Pe\u00e7as nacionais e importadas, com excelente pre\u00e7o e prazo de entrega.<\/strong><\/p>\n<p><strong>Encaminhe suas d\u00favidas na \u00e1rea de perguntas antes de comprar.<\/strong><\/p>\n<p><strong>Nossa equipe \u00e9 especializada e vai ajudar voc\u00ea a encontrar o produto certo para seu ve\u00edculo.<\/strong><\/p>\n<p><strong>PARA UMA MELHOR COMPRA:<\/strong><br \/>\n<strong>&#8211; Confira se o endere\u00e7o de entrega est\u00e1 completo e correto. Mantenha seus dados atualizados.<\/strong><br \/>\n<strong>&#8211; N\u00e3o utilize Caixa Postal como endere\u00e7o de entrega.<\/strong><br \/>\n<strong>&#8211; Antes de concretizar sua compra, tire suas d\u00favidas na \u00e1rea de perguntas.<\/strong><br \/>\n<strong>&#8211; Se necess\u00e1rio, confirme a aplica\u00e7\u00e3o com seu mec\u00e2nico.<\/strong><\/p>\n<p><strong>Muito obrigado,<\/strong><\/p>\n<p><strong>GARANTIA DE ENTREGA OU SEU DINHEIRO DE VOLTA.<\/strong><\/p>\n<p><strong>Equipe LPI COMERCIAL \u2013 Prazer em servir!<\/strong><\/p>\n<p><strong>Garantia do vendedor: 180 dia<\/strong><\/p>\n","protected":false},"excerpt":{"rendered":"<p><strong>MEDIDAS<\/strong><\/p>\n<ul>\n<li><strong>Di\u00e2metro externo: 180 mm<\/strong><\/li>\n<li><strong>Di\u00e2metro interno: 100 mm<\/strong><\/li>\n<li><strong>Largura: 37 mm<\/strong><\/li>\n<\/ul>\n","protected":false},"featured_media":2204,"comment_status":"open","ping_status":"closed","template":"","meta":{"_joinchat":[]},"product_brand":[],"product_cat":[148,37],"product_tag":[],"class_list":{"0":"post-2203","1":"product","2":"type-product","3":"status-publish","4":"has-post-thumbnail","6":"product_cat-linha-pesada-conicos","7":"product_cat-rolamento","9":"first","10":"instock","11":"sale","12":"taxable","13":"shipping-taxable","14":"purchasable","15":"product-type-simple"},"_links":{"self":[{"href":"https:\/\/ztlrolamentos.com.br\/loja\/wp-json\/wp\/v2\/product\/2203","targetHints":{"allow":["GET"]}}],"collection":[{"href":"https:\/\/ztlrolamentos.com.br\/loja\/wp-json\/wp\/v2\/product"}],"about":[{"href":"https:\/\/ztlrolamentos.com.br\/loja\/wp-json\/wp\/v2\/types\/product"}],"replies":[{"embeddable":true,"href":"https:\/\/ztlrolamentos.com.br\/loja\/wp-json\/wp\/v2\/comments?post=2203"}],"wp:featuredmedia":[{"embeddable":true,"href":"https:\/\/ztlrolamentos.com.br\/loja\/wp-json\/wp\/v2\/media\/2204"}],"wp:attachment":[{"href":"https:\/\/ztlrolamentos.com.br\/loja\/wp-json\/wp\/v2\/media?parent=2203"}],"wp:term":[{"taxonomy":"product_brand","embeddable":true,"href":"https:\/\/ztlrolamentos.com.br\/loja\/wp-json\/wp\/v2\/product_brand?post=2203"},{"taxonomy":"product_cat","embeddable":true,"href":"https:\/\/ztlrolamentos.com.br\/loja\/wp-json\/wp\/v2\/product_cat?post=2203"},{"taxonomy":"product_tag","embeddable":true,"href":"https:\/\/ztlrolamentos.com.br\/loja\/wp-json\/wp\/v2\/product_tag?post=2203"}],"curies":[{"name":"wp","href":"https:\/\/api.w.org\/{rel}","templated":true}]}}