{"id":2201,"date":"2024-07-15T16:11:57","date_gmt":"2024-07-15T19:11:57","guid":{"rendered":"https:\/\/ztlrolamentos.com.br\/loja\/?post_type=product&#038;p=2201"},"modified":"2024-07-15T16:12:09","modified_gmt":"2024-07-15T19:12:09","slug":"rolamento-2780-2720-dianteiro-ext-ford-f600-700-750-gm-a-c-d70-2","status":"publish","type":"product","link":"https:\/\/ztlrolamentos.com.br\/loja\/produto\/rolamento-2780-2720-dianteiro-ext-ford-f600-700-750-gm-a-c-d70-2\/","title":{"rendered":"ROLAMENTO 2780\/2720 DIANTEIRO EXT.FORD F600\/700\/750 \u2013 GM A\/C\/D70"},"content":{"rendered":"<p><strong>Cont\u00e9m 1 Pe\u00e7a;<\/strong><\/p>\n<p><strong>Descri\u00e7\u00e3o do item: ROLAMENTO 2780\/2720 DIANTEIRO EXT.FORD F600\/700\/750 \u2013 GM A\/C\/D70\/<\/strong><\/p>\n<p><strong>Dodge 1400 TD<\/strong><br \/>\n<strong>Dodge 400<\/strong><br \/>\n<strong>Dodge 700<\/strong><br \/>\n<strong>Dodge 750<\/strong><br \/>\n<strong>Dodge 900<\/strong><br \/>\n<strong>Dodge 950<\/strong><br \/>\n<strong>Ford F100 1961 &gt; 1980<\/strong><br \/>\n<strong>Ford F11000 &lt; 1984<\/strong><br \/>\n<strong>Ford F12000 &lt; 1984<\/strong><br \/>\n<strong>Ford F19000<\/strong><br \/>\n<strong>Ford F2000 1972 &gt;<\/strong><br \/>\n<strong>Ford F21000<\/strong><br \/>\n<strong>Ford F22000<\/strong><br \/>\n<strong>Ford F400 1972 &gt;<\/strong><br \/>\n<strong>Ford F4000 1972 &gt;<\/strong><br \/>\n<strong>Ford F600 1972 &gt;<\/strong><br \/>\n<strong>Ford F700 1972 &gt;<\/strong><br \/>\n<strong>Ford F7000<\/strong><br \/>\n<strong>Ford F750 1972 &gt;<\/strong><br \/>\n<strong>Ford F8000<\/strong><br \/>\n<strong>Ford FT7000<\/strong><br \/>\n<strong>Ford FT8000<\/strong><br \/>\n<strong>GM 3500 Heavy Duty 1966 &gt; 1979<\/strong><br \/>\n<strong>GM A60 1966 &gt; 1979<\/strong><br \/>\n<strong>GM A70 1966 &gt; 1979<\/strong><br \/>\n<strong>GM A80 1966 &gt; 1979<\/strong><br \/>\n<strong>GM A90 1966 &gt; 1979<\/strong><br \/>\n<strong>GM A99 Turbo 1966 &gt; 1979<\/strong><br \/>\n<strong>GM C60 1966 &gt; 1979<\/strong><br \/>\n<strong>GM C70 1966 &gt; 1979<\/strong><br \/>\n<strong>GM C80 1966 &gt; 1979<\/strong><br \/>\n<strong>GM C90 1966 &gt; 1979<\/strong><br \/>\n<strong>GM C99 Turbo 1966 &gt; 1979<\/strong><br \/>\n<strong>GM D60 1966 &gt; 1979<\/strong><br \/>\n<strong>GM D70 1966 &gt; 1979<\/strong><br \/>\n<strong>GM D80 1966 &gt; 1979<\/strong><br \/>\n<strong>GM D90 1966 &gt; 1979<\/strong><br \/>\n<strong>GM D99 Turbo 1966 &gt; 1979<\/strong><\/p>\n<p><strong>Interno: 36,487 mm Externo: 76,200 mm Altura: 23,812 mm<\/strong><\/p>\n<p><strong>MARCA: ZTL \u2013 212049\/11<\/strong><\/p>\n<p><strong>As fotos deste an\u00fancio s\u00e3o meramente ilustrativas.<\/strong><br \/>\n<strong>PE\u00c7AS PARA CAMINH\u00d5ES, VANS, \u00d4NIBUS, TRATORES E M\u00c1QUINAS PESADAS<\/strong><br \/>\n<strong>______________________________________________________________<\/strong><br \/>\n<strong>Pe\u00e7as nacionais e importadas, com excelente pre\u00e7o e prazo de entrega.<\/strong><\/p>\n<p><strong>Encaminhe suas d\u00favidas na \u00e1rea de perguntas antes de comprar.<\/strong><\/p>\n<p><strong>Nossa equipe \u00e9 especializada e vai ajudar voc\u00ea a encontrar o produto certo para seu ve\u00edculo.<\/strong><\/p>\n<p><strong>PARA UMA MELHOR COMPRA:<\/strong><br \/>\n<strong>&#8211; Confira se o endere\u00e7o de entrega est\u00e1 completo e correto. Mantenha seus dados atualizados.<\/strong><br \/>\n<strong>&#8211; N\u00e3o utilize Caixa Postal como endere\u00e7o de entrega.<\/strong><br \/>\n<strong>&#8211; Antes de concretizar sua compra, tire suas d\u00favidas na \u00e1rea de perguntas.<\/strong><br \/>\n<strong>&#8211; Se necess\u00e1rio, confirme a aplica\u00e7\u00e3o com seu mec\u00e2nico.<\/strong><\/p>\n<p><strong>Muito obrigado,<\/strong><\/p>\n<p><strong>GARANTIA DE ENTREGA OU SEU DINHEIRO DE VOLTA.<\/strong><\/p>\n<p><strong>Equipe LPI COMERCIAL \u2013 Prazer em servir!<\/strong><\/p>\n<p><strong>Garantia do vendedor: 180 dia<\/strong><\/p>\n","protected":false},"excerpt":{"rendered":"<p><strong>MEDIDAS<\/strong><\/p>\n<p><strong>Interno: 36,487 mm <\/strong><\/p>\n<p><strong>Externo: 76,200 mm <\/strong><\/p>\n<p><strong>Altura: 23,812 mm<\/strong><\/p>\n","protected":false},"featured_media":2193,"comment_status":"open","ping_status":"closed","template":"","meta":{"_joinchat":[]},"product_brand":[],"product_cat":[148,37],"product_tag":[],"class_list":{"0":"post-2201","1":"product","2":"type-product","3":"status-publish","4":"has-post-thumbnail","6":"product_cat-linha-pesada-conicos","7":"product_cat-rolamento","9":"first","10":"instock","11":"sale","12":"taxable","13":"shipping-taxable","14":"purchasable","15":"product-type-simple"},"_links":{"self":[{"href":"https:\/\/ztlrolamentos.com.br\/loja\/wp-json\/wp\/v2\/product\/2201","targetHints":{"allow":["GET"]}}],"collection":[{"href":"https:\/\/ztlrolamentos.com.br\/loja\/wp-json\/wp\/v2\/product"}],"about":[{"href":"https:\/\/ztlrolamentos.com.br\/loja\/wp-json\/wp\/v2\/types\/product"}],"replies":[{"embeddable":true,"href":"https:\/\/ztlrolamentos.com.br\/loja\/wp-json\/wp\/v2\/comments?post=2201"}],"wp:featuredmedia":[{"embeddable":true,"href":"https:\/\/ztlrolamentos.com.br\/loja\/wp-json\/wp\/v2\/media\/2193"}],"wp:attachment":[{"href":"https:\/\/ztlrolamentos.com.br\/loja\/wp-json\/wp\/v2\/media?parent=2201"}],"wp:term":[{"taxonomy":"product_brand","embeddable":true,"href":"https:\/\/ztlrolamentos.com.br\/loja\/wp-json\/wp\/v2\/product_brand?post=2201"},{"taxonomy":"product_cat","embeddable":true,"href":"https:\/\/ztlrolamentos.com.br\/loja\/wp-json\/wp\/v2\/product_cat?post=2201"},{"taxonomy":"product_tag","embeddable":true,"href":"https:\/\/ztlrolamentos.com.br\/loja\/wp-json\/wp\/v2\/product_tag?post=2201"}],"curies":[{"name":"wp","href":"https:\/\/api.w.org\/{rel}","templated":true}]}}