{"id":2166,"date":"2024-07-15T11:58:34","date_gmt":"2024-07-15T14:58:34","guid":{"rendered":"https:\/\/ztlrolamentos.com.br\/loja\/?post_type=product&#038;p=2166"},"modified":"2024-07-15T11:59:51","modified_gmt":"2024-07-15T14:59:51","slug":"rolamento-gaiola-f58550-58550-agulhas-cambio-engrenagem-2a-marcha-mb-1111-1313-1520-608-912","status":"publish","type":"product","link":"https:\/\/ztlrolamentos.com.br\/loja\/produto\/rolamento-gaiola-f58550-58550-agulhas-cambio-engrenagem-2a-marcha-mb-1111-1313-1520-608-912\/","title":{"rendered":"ROLAMENTO GAIOLA F58550 = 58550 AGULHAS C\u00c2MBIO &#8211; ENGRENAGEM 2\u00aa MARCHA | MB 1111\/1313\/1520\/608\/912"},"content":{"rendered":"<p><strong>Cont\u00e9m 1 Pe\u00e7a;<\/strong><\/p>\n<p><strong>Descri\u00e7\u00e3o do item: <em>ROLAMENTO GAIOLA F58550 = 58550 AGULHAS C\u00c2MBIO &#8211; ENGRENAGEM 2\u00aa MARCHA | MB 1111\/1313\/1520\/608\/912<\/em><\/strong><\/p>\n<p><strong>Mercedes Benz 1111<\/strong><br \/>\n<strong>Mercedes Benz 1113<\/strong><br \/>\n<strong>Mercedes Benz 1114<\/strong><br \/>\n<strong>Mercedes Benz 1117<\/strong><br \/>\n<strong>Mercedes Benz 1313<\/strong><br \/>\n<strong>Mercedes Benz 1316<\/strong><br \/>\n<strong>Mercedes Benz 1317<\/strong><br \/>\n<strong>Mercedes Benz 1318<\/strong><br \/>\n<strong>Mercedes Benz 1414<\/strong><br \/>\n<strong>Mercedes Benz 1513<\/strong><br \/>\n<strong>Mercedes Benz 1514<\/strong><br \/>\n<strong>Mercedes Benz 1516<\/strong><br \/>\n<strong>Mercedes Benz 1517<\/strong><br \/>\n<strong>Mercedes Benz 1518<\/strong><br \/>\n<strong>Mercedes Benz 1520<\/strong><br \/>\n<strong>Mercedes Benz 1524<\/strong><br \/>\n<strong>Mercedes Benz 1525<\/strong><br \/>\n<strong>Mercedes Benz 1618 M<\/strong><br \/>\n<strong>Mercedes Benz 1622<\/strong><br \/>\n<strong>Mercedes Benz 1630<\/strong><br \/>\n<strong>Mercedes Benz 303 (O365 O370)<\/strong><br \/>\n<strong>Mercedes Benz 321 (O365 O370)<\/strong><br \/>\n<strong>Mercedes Benz 326 (O365 O370)<\/strong><br \/>\n<strong>Mercedes Benz 364 (O365 O370)<\/strong><br \/>\n<strong>Mercedes Benz 365 (O365 O370)<\/strong><br \/>\n<strong>Mercedes Benz 370 (O365 O370)<\/strong><br \/>\n<strong>Mercedes Benz 371 (O365 O370)<\/strong><br \/>\n<strong>Mercedes Benz 374 (O365 O370)<\/strong><br \/>\n<strong>Mercedes Benz 400 (O365 O370)<\/strong><br \/>\n<strong>Mercedes Benz 507 (O365 O370)<\/strong><br \/>\n<strong>Mercedes Benz 608<\/strong><br \/>\n<strong>Mercedes Benz 609<\/strong><br \/>\n<strong>Mercedes Benz 708<\/strong><br \/>\n<strong>Mercedes Benz 709<\/strong><br \/>\n<strong>Mercedes Benz 710<\/strong><br \/>\n<strong>Mercedes Benz 712<\/strong><br \/>\n<strong>Mercedes Benz 812<\/strong><br \/>\n<strong>Mercedes Benz 911<\/strong><br \/>\n<strong>Mercedes Benz 912<\/strong><br \/>\n<strong>Mercedes Benz 913<\/strong><br \/>\n<strong>Mercedes Benz 914<\/strong><br \/>\n<strong>Mercedes Benz 917<\/strong><\/p>\n<p><strong>Interno: 71,100 mm Externo: 77,500 mm Altura: 44,000 mm<\/strong><br \/>\n<strong>MARCA: ZTL \u2013 58550<\/strong><br \/>\n<strong>&#8220;`<\/strong><\/p>\n<p><strong>As fotos deste an\u00fancio s\u00e3o meramente ilustrativas.<\/strong><br \/>\n<strong>PE\u00c7AS PARA CAMINH\u00d5ES, VANS, \u00d4NIBUS, TRATORES E M\u00c1QUINAS PESADAS<\/strong><br \/>\n<strong>______________________________________________________________<\/strong><br \/>\n<strong>Pe\u00e7as nacionais e importadas, com excelente pre\u00e7o e prazo de entrega.<\/strong><\/p>\n<p><strong>Encaminhe suas d\u00favidas na \u00e1rea de perguntas antes de comprar.<\/strong><\/p>\n<p><strong>Nossa equipe \u00e9 especializada e vai ajudar voc\u00ea a encontrar o produto certo para seu ve\u00edculo.<\/strong><\/p>\n<p><strong>PARA UMA MELHOR COMPRA:<\/strong><br \/>\n<strong>&#8211; Confira se o endere\u00e7o de entrega est\u00e1 completo e correto. Mantenha seus dados atualizados.<\/strong><br \/>\n<strong>&#8211; N\u00e3o utilize Caixa Postal como endere\u00e7o de entrega.<\/strong><br \/>\n<strong>&#8211; Antes de concretizar sua compra, tire suas d\u00favidas na \u00e1rea de perguntas.<\/strong><br \/>\n<strong>&#8211; Se necess\u00e1rio, confirme a aplica\u00e7\u00e3o com seu mec\u00e2nico.<\/strong><\/p>\n<p><strong>Muito obrigado,<\/strong><\/p>\n<p><strong>GARANTIA DE ENTREGA OU SEU DINHEIRO DE VOLTA.<\/strong><\/p>\n<p><strong>Equipe LPI COMERCIAL \u2013 Prazer em servir!<\/strong><\/p>\n<p><strong>Garantia do vendedor: 180 dia<\/strong><\/p>\n","protected":false},"excerpt":{"rendered":"<p><strong>MEDIDAS<\/strong><\/p>\n<p><strong>Interno: 71,100 mm <\/strong><\/p>\n<p><strong>Externo: 77,500 mm <\/strong><\/p>\n<p><strong>Altura: 44,000 mm<\/strong><\/p>\n<p><strong>MARCA: ZTL \u2013 58550<\/strong><\/p>\n","protected":false},"featured_media":2167,"comment_status":"open","ping_status":"closed","template":"","meta":{"_joinchat":[]},"product_brand":[],"product_cat":[148,37],"product_tag":[],"class_list":{"0":"post-2166","1":"product","2":"type-product","3":"status-publish","4":"has-post-thumbnail","6":"product_cat-linha-pesada-conicos","7":"product_cat-rolamento","9":"first","10":"instock","11":"sale","12":"taxable","13":"shipping-taxable","14":"purchasable","15":"product-type-simple"},"_links":{"self":[{"href":"https:\/\/ztlrolamentos.com.br\/loja\/wp-json\/wp\/v2\/product\/2166","targetHints":{"allow":["GET"]}}],"collection":[{"href":"https:\/\/ztlrolamentos.com.br\/loja\/wp-json\/wp\/v2\/product"}],"about":[{"href":"https:\/\/ztlrolamentos.com.br\/loja\/wp-json\/wp\/v2\/types\/product"}],"replies":[{"embeddable":true,"href":"https:\/\/ztlrolamentos.com.br\/loja\/wp-json\/wp\/v2\/comments?post=2166"}],"wp:featuredmedia":[{"embeddable":true,"href":"https:\/\/ztlrolamentos.com.br\/loja\/wp-json\/wp\/v2\/media\/2167"}],"wp:attachment":[{"href":"https:\/\/ztlrolamentos.com.br\/loja\/wp-json\/wp\/v2\/media?parent=2166"}],"wp:term":[{"taxonomy":"product_brand","embeddable":true,"href":"https:\/\/ztlrolamentos.com.br\/loja\/wp-json\/wp\/v2\/product_brand?post=2166"},{"taxonomy":"product_cat","embeddable":true,"href":"https:\/\/ztlrolamentos.com.br\/loja\/wp-json\/wp\/v2\/product_cat?post=2166"},{"taxonomy":"product_tag","embeddable":true,"href":"https:\/\/ztlrolamentos.com.br\/loja\/wp-json\/wp\/v2\/product_tag?post=2166"}],"curies":[{"name":"wp","href":"https:\/\/api.w.org\/{rel}","templated":true}]}}