{"id":2160,"date":"2024-07-15T11:43:49","date_gmt":"2024-07-15T14:43:49","guid":{"rendered":"https:\/\/ztlrolamentos.com.br\/loja\/?post_type=product&#038;p=2160"},"modified":"2024-07-15T11:44:09","modified_gmt":"2024-07-15T14:44:09","slug":"rolamento-511482-diferencial-pinhao-d-t-mb-l-1315-la-1414-of-1318-oh-1521-oh-1725-2","status":"publish","type":"product","link":"https:\/\/ztlrolamentos.com.br\/loja\/produto\/rolamento-511482-diferencial-pinhao-d-t-mb-l-1315-la-1414-of-1318-oh-1521-oh-1725-2\/","title":{"rendered":"ROLAMENTO 511482 DIFERENCIAL \u2013 PINH\u00c3O D\/T | MB L 1315\/LA 1414\/OF 1318\/OH 1521\/OH 1725"},"content":{"rendered":"<p><strong>Cont\u00e9m 1 Pe\u00e7a;<\/strong><\/p>\n<p><strong>Descri\u00e7\u00e3o do item: Rolamento 511482 diferencial \u2013 pinh\u00e3o D\/T | MB L 1315\/LA 1414\/OF 1318\/OH 1521\/OH 1725<\/strong><\/p>\n<p><strong>APLICA\u00c7\u00c3O:<\/strong><\/p>\n<p><strong>Mercedes Benz L 1315<\/strong><br \/>\n<strong>Mercedes Benz L 1318<\/strong><br \/>\n<strong>Mercedes Benz L 1414<\/strong><br \/>\n<strong>Mercedes Benz L 1418<\/strong><br \/>\n<strong>Mercedes Benz LA 1414<\/strong><br \/>\n<strong>Mercedes Benz LA 1418<\/strong><br \/>\n<strong>Mercedes Benz LK 1318<\/strong><br \/>\n<strong>Mercedes Benz LK 1418<\/strong><br \/>\n<strong>Mercedes Benz OF 1314<\/strong><br \/>\n<strong>Mercedes Benz OF 1318<\/strong><br \/>\n<strong>Mercedes Benz OF 1417<\/strong><br \/>\n<strong>Mercedes Benz OF 1418<\/strong><br \/>\n<strong>Mercedes Benz OF 1419<\/strong><br \/>\n<strong>Mercedes Benz OF 1721<\/strong><br \/>\n<strong>Mercedes Benz OF 1722<\/strong><br \/>\n<strong>Mercedes Benz OH 1313<\/strong><br \/>\n<strong>Mercedes Benz OH 1315 OM366 136cv<\/strong><br \/>\n<strong>Mercedes Benz OH 1318<\/strong><br \/>\n<strong>Mercedes Benz OH 1417<\/strong><br \/>\n<strong>Mercedes Benz OH 1418<\/strong><br \/>\n<strong>Mercedes Benz OH 1419<\/strong><br \/>\n<strong>Mercedes Benz OH 1420<\/strong><br \/>\n<strong>Mercedes Benz OH 1421<\/strong><br \/>\n<strong>Mercedes Benz OH 1520<\/strong><br \/>\n<strong>Mercedes Benz OH 1521<\/strong><br \/>\n<strong>Mercedes Benz OH 1725<\/strong><\/p>\n<p><strong>Interno: 60,000 mm Externo: 135,000 mm Altura: 33,450 mm<\/strong><br \/>\n<strong>MARCA: ZTL \u2013 511482<\/strong><\/p>\n<p><strong>As fotos deste an\u00fancio s\u00e3o meramente ilustrativas.<\/strong><br \/>\n<strong>PE\u00c7AS PARA CAMINH\u00d5ES, VANS, \u00d4NIBUS, TRATORES E M\u00c1QUINAS PESADAS<\/strong><br \/>\n<strong>______________________________________________________________<\/strong><br \/>\n<strong>Pe\u00e7as nacionais e importadas, com excelente pre\u00e7o e prazo de entrega.<\/strong><\/p>\n<p><strong>Encaminhe suas d\u00favidas na \u00e1rea de perguntas antes de comprar.<\/strong><\/p>\n<p><strong>Nossa equipe \u00e9 especializada e vai ajudar voc\u00ea a encontrar o produto certo para seu ve\u00edculo.<\/strong><\/p>\n<p><strong>PARA UMA MELHOR COMPRA:<\/strong><br \/>\n<strong>&#8211; Confira se o endere\u00e7o de entrega est\u00e1 completo e correto. Mantenha seus dados atualizados.<\/strong><br \/>\n<strong>&#8211; N\u00e3o utilize Caixa Postal como endere\u00e7o de entrega.<\/strong><br \/>\n<strong>&#8211; Antes de concretizar sua compra, tire suas d\u00favidas na \u00e1rea de perguntas.<\/strong><br \/>\n<strong>&#8211; Se necess\u00e1rio, confirme a aplica\u00e7\u00e3o com seu mec\u00e2nico.<\/strong><\/p>\n<p><strong>Muito obrigado,<\/strong><\/p>\n<p><strong>GARANTIA DE ENTREGA OU SEU DINHEIRO DE VOLTA.<\/strong><\/p>\n<p><strong>Equipe LPI COMERCIAL \u2013 Prazer em servir!<\/strong><\/p>\n<p><strong>Garantia do vendedor: 180 dia<\/strong><\/p>\n","protected":false},"excerpt":{"rendered":"<p>Cont\u00e9m 1 Pe\u00e7a; Descri\u00e7\u00e3o do item: Rolamento 511482 diferencial \u2013 pinh\u00e3o D\/T | MB L 1315\/LA 1414\/OF 1318\/OH 1521\/OH 1725 APLICA\u00c7\u00c3O: Mercedes Benz L 1315 Mercedes Benz L 1318 Mercedes Benz L 1414 Mercedes Benz L 1418 Mercedes Benz LA 1414 Mercedes Benz LA 1418 Mercedes Benz LK 1318 Mercedes Benz LK 1418 Mercedes Benz OF 1314 Mercedes Benz OF 1318 Mercedes Benz OF 1417 Mercedes Benz OF 1418 Mercedes Benz OF 1419 Mercedes Benz OF 1721 Mercedes Benz OF 1722 Mercedes Benz OH 1313 Mercedes Benz OH 1315 OM366 136cv Mercedes Benz OH 1318 Mercedes Benz OH 1417 Mercedes Benz OH 1418 Mercedes Benz OH 1419 Mercedes Benz OH&hellip; <a class=\"read-more\" href=\"https:\/\/ztlrolamentos.com.br\/loja\/produto\/rolamento-511482-diferencial-pinhao-d-t-mb-l-1315-la-1414-of-1318-oh-1521-oh-1725-2\/\">Leia Mais<\/a><\/p>\n","protected":false},"featured_media":2161,"comment_status":"open","ping_status":"closed","template":"","meta":{"_joinchat":[]},"product_brand":[],"product_cat":[148,37],"product_tag":[],"class_list":{"0":"post-2160","1":"product","2":"type-product","3":"status-publish","4":"has-post-thumbnail","6":"product_cat-linha-pesada-conicos","7":"product_cat-rolamento","9":"first","10":"instock","11":"sale","12":"taxable","13":"shipping-taxable","14":"purchasable","15":"product-type-simple"},"_links":{"self":[{"href":"https:\/\/ztlrolamentos.com.br\/loja\/wp-json\/wp\/v2\/product\/2160","targetHints":{"allow":["GET"]}}],"collection":[{"href":"https:\/\/ztlrolamentos.com.br\/loja\/wp-json\/wp\/v2\/product"}],"about":[{"href":"https:\/\/ztlrolamentos.com.br\/loja\/wp-json\/wp\/v2\/types\/product"}],"replies":[{"embeddable":true,"href":"https:\/\/ztlrolamentos.com.br\/loja\/wp-json\/wp\/v2\/comments?post=2160"}],"wp:featuredmedia":[{"embeddable":true,"href":"https:\/\/ztlrolamentos.com.br\/loja\/wp-json\/wp\/v2\/media\/2161"}],"wp:attachment":[{"href":"https:\/\/ztlrolamentos.com.br\/loja\/wp-json\/wp\/v2\/media?parent=2160"}],"wp:term":[{"taxonomy":"product_brand","embeddable":true,"href":"https:\/\/ztlrolamentos.com.br\/loja\/wp-json\/wp\/v2\/product_brand?post=2160"},{"taxonomy":"product_cat","embeddable":true,"href":"https:\/\/ztlrolamentos.com.br\/loja\/wp-json\/wp\/v2\/product_cat?post=2160"},{"taxonomy":"product_tag","embeddable":true,"href":"https:\/\/ztlrolamentos.com.br\/loja\/wp-json\/wp\/v2\/product_tag?post=2160"}],"curies":[{"name":"wp","href":"https:\/\/api.w.org\/{rel}","templated":true}]}}