{"id":2112,"date":"2024-07-15T09:14:20","date_gmt":"2024-07-15T12:14:20","guid":{"rendered":"https:\/\/ztlrolamentos.com.br\/loja\/?post_type=product&#038;p=2112"},"modified":"2024-07-15T09:36:48","modified_gmt":"2024-07-15T12:36:48","slug":"gaiola-agulhas-cambio-f53381-ponta-eixo-entalhado-mb","status":"publish","type":"product","link":"https:\/\/ztlrolamentos.com.br\/loja\/produto\/gaiola-agulhas-cambio-f53381-ponta-eixo-entalhado-mb\/","title":{"rendered":"GAIOLA AGULHAS C\u00c2MBIO F53381 PONTA EIXO ENTALHADO MB"},"content":{"rendered":"<p><strong>Cont\u00e9m 1 Pe\u00e7a;<\/strong><\/p>\n<p><strong>Descri\u00e7\u00e3o do item: Gaiola agulhas c\u00e2mbio F53381 \u2013 ponta eixo entalhado MB<\/strong><\/p>\n<p><strong>MEDIDAS<\/strong><\/p>\n<p><strong>Nome Rolamento de Agulha F53381 &#8211; 28x44x24mm<\/strong><br \/>\n<strong>Eixo &#8211; Medida Interna (mm) 28mm<\/strong><br \/>\n<strong>Alojamento &#8211; Externo 1 (mm) 44mm<\/strong><br \/>\n<strong>Altura 1 (mm) 24mm<\/strong><br \/>\n<strong>Marca ZTL<\/strong><br \/>\n<strong>Peso 1.4000<\/strong><\/p>\n<p><strong>Aplica\u00e7\u00e3o da Pe\u00e7a<\/strong><\/p>\n<p><strong>MB MERCEDES BENZ 1114 G3 36 G3 40<\/strong><\/p>\n<p><strong>As fotos deste an\u00fancio s\u00e3o meramente ilustrativas.<\/strong><br \/>\n<strong>PE\u00c7AS PARA CAMINH\u00d5ES, VANS, \u00d4NIBUS, TRATORES E M\u00c1QUINAS PESADAS<\/strong><br \/>\n<strong>______________________________________________________________<\/strong><br \/>\n<strong>Pe\u00e7as nacionais e importadas, com excelente pre\u00e7o e prazo de entrega.<\/strong><\/p>\n<p><strong>Encaminhe suas d\u00favidas na \u00e1rea de perguntas antes de comprar.<\/strong><\/p>\n<p><strong>Nossa equipe \u00e9 especializada e vai ajudar voc\u00ea a encontrar o produto certo para seu ve\u00edculo.<\/strong><\/p>\n<p><strong>PARA UMA MELHOR COMPRA:<\/strong><br \/>\n<strong>&#8211; Confira se o endere\u00e7o de entrega est\u00e1 completo e correto. Mantenha seus dados atualizados.<\/strong><br \/>\n<strong>&#8211; N\u00e3o utilize Caixa Postal como endere\u00e7o de entrega.<\/strong><br \/>\n<strong>&#8211; Antes de concretizar sua compra, tire suas d\u00favidas na \u00e1rea de perguntas.<\/strong><br \/>\n<strong>&#8211; Se necess\u00e1rio, confirme a aplica\u00e7\u00e3o com seu mec\u00e2nico.<\/strong><\/p>\n<p><strong>Muito obrigado,<\/strong><\/p>\n<p><strong>GARANTIA DE ENTREGA OU SEU DINHEIRO DE VOLTA.<\/strong><\/p>\n<p><strong>Equipe LPI COMERCIAL \u2013 Prazer em servir!<\/strong><\/p>\n<p><strong>Garantia do vendedor: 180 dia<\/strong><\/p>\n","protected":false},"excerpt":{"rendered":"<p><strong>MEDIDAS<\/strong><\/p>\n<p><strong>Nome Rolamento de Agulha F53381 &#8211; 28x44x24mm<\/strong><br \/>\n<strong>Eixo &#8211; Medida Interna (mm) 28mm<\/strong><br \/>\n<strong>Alojamento &#8211; Externo 1 (mm) 44mm<\/strong><br \/>\n<strong>Altura 1 (mm) 24mm<\/strong><br \/>\n<strong>Marca ZTL<\/strong><br \/>\n<strong>Peso 1.4000<\/strong><\/p>\n","protected":false},"featured_media":2122,"comment_status":"open","ping_status":"closed","template":"","meta":{"_joinchat":[]},"product_brand":[],"product_cat":[148,37],"product_tag":[],"class_list":{"0":"post-2112","1":"product","2":"type-product","3":"status-publish","4":"has-post-thumbnail","6":"product_cat-linha-pesada-conicos","7":"product_cat-rolamento","9":"first","10":"instock","11":"sale","12":"taxable","13":"shipping-taxable","14":"purchasable","15":"product-type-simple"},"_links":{"self":[{"href":"https:\/\/ztlrolamentos.com.br\/loja\/wp-json\/wp\/v2\/product\/2112","targetHints":{"allow":["GET"]}}],"collection":[{"href":"https:\/\/ztlrolamentos.com.br\/loja\/wp-json\/wp\/v2\/product"}],"about":[{"href":"https:\/\/ztlrolamentos.com.br\/loja\/wp-json\/wp\/v2\/types\/product"}],"replies":[{"embeddable":true,"href":"https:\/\/ztlrolamentos.com.br\/loja\/wp-json\/wp\/v2\/comments?post=2112"}],"wp:featuredmedia":[{"embeddable":true,"href":"https:\/\/ztlrolamentos.com.br\/loja\/wp-json\/wp\/v2\/media\/2122"}],"wp:attachment":[{"href":"https:\/\/ztlrolamentos.com.br\/loja\/wp-json\/wp\/v2\/media?parent=2112"}],"wp:term":[{"taxonomy":"product_brand","embeddable":true,"href":"https:\/\/ztlrolamentos.com.br\/loja\/wp-json\/wp\/v2\/product_brand?post=2112"},{"taxonomy":"product_cat","embeddable":true,"href":"https:\/\/ztlrolamentos.com.br\/loja\/wp-json\/wp\/v2\/product_cat?post=2112"},{"taxonomy":"product_tag","embeddable":true,"href":"https:\/\/ztlrolamentos.com.br\/loja\/wp-json\/wp\/v2\/product_tag?post=2112"}],"curies":[{"name":"wp","href":"https:\/\/api.w.org\/{rel}","templated":true}]}}