{"id":2100,"date":"2024-07-15T08:44:53","date_gmt":"2024-07-15T11:44:53","guid":{"rendered":"https:\/\/ztlrolamentos.com.br\/loja\/?post_type=product&#038;p=2100"},"modified":"2024-07-15T09:26:26","modified_gmt":"2024-07-15T12:26:26","slug":"rolamento-ponta-pinhao-1519-1517-1518-reduzido-f45814","status":"publish","type":"product","link":"https:\/\/ztlrolamentos.com.br\/loja\/produto\/rolamento-ponta-pinhao-1519-1517-1518-reduzido-f45814\/","title":{"rendered":"ROLAMENTO PONTA PINH\u00c3O 1519 1517 1518 REDUZIDO F45814"},"content":{"rendered":"<p><strong>Cont\u00e9m 1 Pe\u00e7a;<\/strong><\/p>\n<p><strong>Descri\u00e7\u00e3o do item: <\/strong><strong>Rolamento Ponta Pinhao 1519 1517 1518 Reduzido F45814<\/strong><\/p>\n<p><strong>APLICA\u00c7\u00c3O:<\/strong><\/p>\n<p><strong>Mercedes Benz 1313 L \/ La \/ Lak \/ Of \/ Oh Caminh\u00e3o \/ \u00f4nibus 1960 Motor: 5.7 L 12v Sohv L6 , Om 352 Notas: Diferencial Pinh\u00e3o Apoio | Qtda: 1 | Eixo Hl 5<\/strong><br \/>\n<strong>Mercedes Benz 1313 L \/ La \/ Lak \/ Of \/ Oh Caminh\u00e3o \/ \u00f4nibus 1962 Motor: 5.7 L 12v Sohv L6 , Om 352 Notas: Diferencial Pinh\u00e3o Apoio | Qtda: 1 | Eixo Hl 5<\/strong><br \/>\n<strong>Mercedes Benz 1313 L \/ La \/ Lak \/ Of \/ Oh Caminh\u00e3o \/ \u00f4nibus 1963 Motor: 5.7 L 12v Sohv L6 , Om 352 Notas: Diferencial Pinh\u00e3o Apoio | Qtda: 1 | Eixo Hl 5<\/strong><br \/>\n<strong>Mercedes Benz 1313 L \/ La \/ Lak \/ Of \/ Oh Caminh\u00e3o \/ \u00f4nibus 1964 Motor: 5.7 L 12v Sohv L6 , Om 352 Notas: Diferencial Pinh\u00e3o Apoio | Qtda: 1 | Eixo Hl 5<\/strong><\/p>\n<p>&nbsp;<\/p>\n<p><strong>Rolamento 511134 \u2013 45x95x32<\/strong><br \/>\n<strong>TIPO: ROLAMENTO DE ROLOS CIL\u00cdNDRICOS<\/strong><\/p>\n<p>&nbsp;<\/p>\n<p><strong>MEDIDA: FURO 45MM X EXTERNO 95MM X LARGURA 32MM<\/strong><\/p>\n<p><strong>Interno: 45,000 mm \u00a0 Externo: 95,000 mm \u00a0 Altura: 32,000 mm<\/strong><\/p>\n<p><strong>MARCA: ZTL \u2013 511134 = F45814<\/strong><\/p>\n<p><strong>As fotos deste an\u00fancio s\u00e3o meramente ilustrativas.<\/strong><br \/>\n<strong>PE\u00c7AS PARA CAMINH\u00d5ES, VANS, \u00d4NIBUS, TRATORES E M\u00c1QUINAS PESADAS<\/strong><br \/>\n<strong>______________________________________________________________<\/strong><br \/>\n<strong>Pe\u00e7as nacionais e importadas, com excelente pre\u00e7o e prazo de entrega.<\/strong><\/p>\n<p><strong>Encaminhe suas d\u00favidas na \u00e1rea de perguntas antes de comprar.<\/strong><\/p>\n<p><strong>Nossa equipe \u00e9 especializada e vai ajudar voc\u00ea a encontrar o produto certo para seu ve\u00edculo.<\/strong><\/p>\n<p><strong>PARA UMA MELHOR COMPRA:<\/strong><br \/>\n<strong>&#8211; Confira se o endere\u00e7o de entrega est\u00e1 completo e correto. Mantenha seus dados atualizados.<\/strong><br \/>\n<strong>&#8211; N\u00e3o utilize Caixa Postal como endere\u00e7o de entrega.<\/strong><br \/>\n<strong>&#8211; Antes de concretizar sua compra, tire suas d\u00favidas na \u00e1rea de perguntas.<\/strong><br \/>\n<strong>&#8211; Se necess\u00e1rio, confirme a aplica\u00e7\u00e3o com seu mec\u00e2nico.<\/strong><\/p>\n<p><strong>Muito obrigado,<\/strong><\/p>\n<p><strong>GARANTIA DE ENTREGA OU SEU DINHEIRO DE VOLTA.<\/strong><\/p>\n<p><strong>Equipe LPI COMERCIAL \u2013 Prazer em servir!<\/strong><\/p>\n<p><strong>Garantia do vendedor: 180 dia<\/strong><\/p>\n","protected":false},"excerpt":{"rendered":"<p><strong>MEDIDAS <\/strong><\/p>\n<p><strong>FURO 45MM X EXTERNO 95MM X LARGURA 32MM<\/strong><\/p>\n<p><strong>Interno: 45,000 mm \u00a0 Externo: 95,000 mm \u00a0 Altura: 32,000 mm<\/strong><\/p>\n<p><strong>MARCA: ZTL \u2013 511134 = F45814<\/strong><\/p>\n","protected":false},"featured_media":2102,"comment_status":"open","ping_status":"closed","template":"","meta":{"_joinchat":[]},"product_brand":[],"product_cat":[148,37],"product_tag":[],"class_list":{"0":"post-2100","1":"product","2":"type-product","3":"status-publish","4":"has-post-thumbnail","6":"product_cat-linha-pesada-conicos","7":"product_cat-rolamento","9":"first","10":"instock","11":"sale","12":"taxable","13":"shipping-taxable","14":"purchasable","15":"product-type-simple"},"_links":{"self":[{"href":"https:\/\/ztlrolamentos.com.br\/loja\/wp-json\/wp\/v2\/product\/2100","targetHints":{"allow":["GET"]}}],"collection":[{"href":"https:\/\/ztlrolamentos.com.br\/loja\/wp-json\/wp\/v2\/product"}],"about":[{"href":"https:\/\/ztlrolamentos.com.br\/loja\/wp-json\/wp\/v2\/types\/product"}],"replies":[{"embeddable":true,"href":"https:\/\/ztlrolamentos.com.br\/loja\/wp-json\/wp\/v2\/comments?post=2100"}],"wp:featuredmedia":[{"embeddable":true,"href":"https:\/\/ztlrolamentos.com.br\/loja\/wp-json\/wp\/v2\/media\/2102"}],"wp:attachment":[{"href":"https:\/\/ztlrolamentos.com.br\/loja\/wp-json\/wp\/v2\/media?parent=2100"}],"wp:term":[{"taxonomy":"product_brand","embeddable":true,"href":"https:\/\/ztlrolamentos.com.br\/loja\/wp-json\/wp\/v2\/product_brand?post=2100"},{"taxonomy":"product_cat","embeddable":true,"href":"https:\/\/ztlrolamentos.com.br\/loja\/wp-json\/wp\/v2\/product_cat?post=2100"},{"taxonomy":"product_tag","embeddable":true,"href":"https:\/\/ztlrolamentos.com.br\/loja\/wp-json\/wp\/v2\/product_tag?post=2100"}],"curies":[{"name":"wp","href":"https:\/\/api.w.org\/{rel}","templated":true}]}}