{"id":2097,"date":"2024-07-15T08:15:29","date_gmt":"2024-07-15T11:15:29","guid":{"rendered":"https:\/\/ztlrolamentos.com.br\/loja\/?post_type=product&#038;p=2097"},"modified":"2024-07-15T09:25:49","modified_gmt":"2024-07-15T12:25:49","slug":"rolamento-cambio-entalhado-mb-111-1516-2016-2216-turbinado-ztl-f-44920","status":"publish","type":"product","link":"https:\/\/ztlrolamentos.com.br\/loja\/produto\/rolamento-cambio-entalhado-mb-111-1516-2016-2216-turbinado-ztl-f-44920\/","title":{"rendered":"ROLAMENTO C\u00c2MBIO ENTALHADO MB 111\/1516\/2016\/2216 TURBINADO ZTL F-44920"},"content":{"rendered":"<p><strong>Cont\u00e9m 1 Pe\u00e7a;<\/strong><\/p>\n<p><strong>Descri\u00e7\u00e3o do item: <em>ROLAMENTO C\u00c2MBIO ENTALHADO MB 111\/1516\/2016\/2216 TURBINADO ZTL F-44920<\/em><\/strong><\/p>\n<p><strong>DIMENS\u00c3O<\/strong><\/p>\n<p><strong>28 x 48 x 24<\/strong><\/p>\n<p><strong>APLICA\u00c7\u00c3O<\/strong><\/p>\n<p><strong>ROLAMENTO DO C\u00c2MBIO<\/strong><\/p>\n<p><strong>&#8212; MERCEDES BENZ &#8212;<\/strong><br \/>\n<strong>1116 G3-40 \u2013<\/strong><br \/>\n<strong>1316 G3-40 \u2013<\/strong><br \/>\n<strong>1516 G3-40 \u2013<\/strong><br \/>\n<strong>2016 G3-40 \u2013<\/strong><br \/>\n<strong>2216 G3-40 \u2013<\/strong><br \/>\n<strong>2222 G3-40 \u2013<\/strong><br \/>\n<strong>2225 G3-40 \u2013<\/strong><\/p>\n<p><strong>As fotos deste an\u00fancio s\u00e3o meramente ilustrativas.<\/strong><br \/>\n<strong>PE\u00c7AS PARA CAMINH\u00d5ES, VANS, \u00d4NIBUS, TRATORES E M\u00c1QUINAS PESADAS<\/strong><br \/>\n<strong>______________________________________________________________<\/strong><br \/>\n<strong>Pe\u00e7as nacionais e importadas, com excelente pre\u00e7o e prazo de entrega.<\/strong><\/p>\n<p><strong>Encaminhe suas d\u00favidas na \u00e1rea de perguntas antes de comprar.<\/strong><\/p>\n<p><strong>Nossa equipe \u00e9 especializada e vai ajudar voc\u00ea a encontrar o produto certo para seu ve\u00edculo.<\/strong><\/p>\n<p><strong>PARA UMA MELHOR COMPRA:<\/strong><br \/>\n<strong>&#8211; Confira se o endere\u00e7o de entrega est\u00e1 completo e correto. Mantenha seus dados atualizados.<\/strong><br \/>\n<strong>&#8211; N\u00e3o utilize Caixa Postal como endere\u00e7o de entrega.<\/strong><br \/>\n<strong>&#8211; Antes de concretizar sua compra, tire suas d\u00favidas na \u00e1rea de perguntas.<\/strong><br \/>\n<strong>&#8211; Se necess\u00e1rio, confirme a aplica\u00e7\u00e3o com seu mec\u00e2nico.<\/strong><\/p>\n<p><strong>Muito obrigado,<\/strong><\/p>\n<p><strong>GARANTIA DE ENTREGA OU SEU DINHEIRO DE VOLTA.<\/strong><\/p>\n<p><strong>Equipe LPI COMERCIAL \u2013 Prazer em servir!<\/strong><\/p>\n<p><strong>Garantia do vendedor: 180 dias<\/strong><\/p>\n","protected":false},"excerpt":{"rendered":"<p><strong>DIMENS\u00c3O<\/strong><\/p>\n<p><strong>28 x 48 x 24<\/strong><\/p>\n<p><strong>APLICA\u00c7\u00c3O<\/strong><\/p>\n<p><strong>ROLAMENTO DO C\u00c2MBIO<\/strong><\/p>\n<p><strong>&#8212; MERCEDES BENZ &#8212;<\/strong><br \/>\n<strong>1116 G3-40 \u2013<\/strong><br \/>\n<strong>1316 G3-40 \u2013<\/strong><br \/>\n<strong>1516 G3-40 \u2013<\/strong><br \/>\n<strong>2016 G3-40 \u2013<\/strong><br \/>\n<strong>2216 G3-40 \u2013<\/strong><br \/>\n<strong>2222 G3-40 \u2013<\/strong><br \/>\n<strong>2225 G3-40 \u2013<\/strong><\/p>\n","protected":false},"featured_media":2098,"comment_status":"open","ping_status":"closed","template":"","meta":{"_joinchat":[]},"product_brand":[],"product_cat":[148,37],"product_tag":[],"class_list":{"0":"post-2097","1":"product","2":"type-product","3":"status-publish","4":"has-post-thumbnail","6":"product_cat-linha-pesada-conicos","7":"product_cat-rolamento","9":"first","10":"instock","11":"sale","12":"taxable","13":"shipping-taxable","14":"purchasable","15":"product-type-simple"},"_links":{"self":[{"href":"https:\/\/ztlrolamentos.com.br\/loja\/wp-json\/wp\/v2\/product\/2097","targetHints":{"allow":["GET"]}}],"collection":[{"href":"https:\/\/ztlrolamentos.com.br\/loja\/wp-json\/wp\/v2\/product"}],"about":[{"href":"https:\/\/ztlrolamentos.com.br\/loja\/wp-json\/wp\/v2\/types\/product"}],"replies":[{"embeddable":true,"href":"https:\/\/ztlrolamentos.com.br\/loja\/wp-json\/wp\/v2\/comments?post=2097"}],"wp:featuredmedia":[{"embeddable":true,"href":"https:\/\/ztlrolamentos.com.br\/loja\/wp-json\/wp\/v2\/media\/2098"}],"wp:attachment":[{"href":"https:\/\/ztlrolamentos.com.br\/loja\/wp-json\/wp\/v2\/media?parent=2097"}],"wp:term":[{"taxonomy":"product_brand","embeddable":true,"href":"https:\/\/ztlrolamentos.com.br\/loja\/wp-json\/wp\/v2\/product_brand?post=2097"},{"taxonomy":"product_cat","embeddable":true,"href":"https:\/\/ztlrolamentos.com.br\/loja\/wp-json\/wp\/v2\/product_cat?post=2097"},{"taxonomy":"product_tag","embeddable":true,"href":"https:\/\/ztlrolamentos.com.br\/loja\/wp-json\/wp\/v2\/product_tag?post=2097"}],"curies":[{"name":"wp","href":"https:\/\/api.w.org\/{rel}","templated":true}]}}