{"id":2095,"date":"2024-07-15T07:58:21","date_gmt":"2024-07-15T10:58:21","guid":{"rendered":"https:\/\/ztlrolamentos.com.br\/loja\/?post_type=product&#038;p=2095"},"modified":"2024-07-15T09:25:18","modified_gmt":"2024-07-15T12:25:18","slug":"rolamento-de-roda-traseiro-c-10-d-10-fag-f45087-2","status":"publish","type":"product","link":"https:\/\/ztlrolamentos.com.br\/loja\/produto\/rolamento-de-roda-traseiro-c-10-d-10-fag-f45087-2\/","title":{"rendered":"ROLAMENTO DE RODA TRASEIRO C-10 D-10 FAG F45087"},"content":{"rendered":"<p><strong><span style=\"color: #000000\">Cont\u00e9m 1 Pe\u00e7a;<\/span><\/strong><\/p>\n<p><strong><span style=\"color: #000000\">Descri\u00e7\u00e3o do item: ROLAMENTO DE RODA TRASEIRO C-10 D-10 FAG F45087<\/span><\/strong><\/p>\n<p><strong>Aplica\u00e7\u00f5es<\/strong><\/p>\n<p><strong>GM:<\/strong><br \/>\n<strong>A10 &#8211; (1971 em diante)<\/strong><br \/>\n<strong>C10 &#8211; (1971 em diante)<\/strong><br \/>\n<strong>D10 &#8211; (1971 em diante)<\/strong><br \/>\n<strong>Veraneio &#8211; (1971 em diante)<\/strong><\/p>\n<p><strong>Chrysler:<\/strong><br \/>\n<strong>Le Baron &#8211; (1979 a 1981)<\/strong><\/p>\n<p><strong>Dodge:<\/strong><br \/>\n<strong>Charger &#8211; (1975 a 1977)<\/strong><br \/>\n<strong>Dart &#8211; (1970 a 1979)<\/strong><\/p>\n<p><strong>FORD:<\/strong><br \/>\n<strong>Ranger 2.3\/4.0 &#8211; (1993 a 1997)<\/strong><\/p>\n<p><strong>Jeep:<\/strong><br \/>\n<strong>Cherokee 2.4\/2.5\/3.1\/3.7 &#8211; (1996 a 2001)<\/strong><br \/>\n<strong>Lyberty 2.5\/2.8\/3.7\/ &#8211; (2002 a 2007)<\/strong><\/p>\n<p><strong>MEDIDAS<\/strong><\/p>\n<p><strong>Di\u00e2metro interno 41,2mm<\/strong><\/p>\n<p><strong>Di\u00e2metro externo 64,4mm<\/strong><\/p>\n<p><strong>Marca ZTL<\/strong><\/p>\n<p><strong>Espessura 21,2mm<\/strong><\/p>\n<p><strong><span style=\"color: #000000\">As fotos deste an\u00fancio s\u00e3o meramente ilustrativas.<\/span><\/strong><br \/>\n<strong><span style=\"color: #000000\">PE\u00c7AS PARA CAMINH\u00d5ES, VANS, \u00d4NIBUS, TRATORES E M\u00c1QUINAS PESADAS<\/span><\/strong><br \/>\n<strong><span style=\"color: #000000\">______________________________________________________________<\/span><\/strong><br \/>\n<strong><span style=\"color: #000000\">Pe\u00e7as nacionais e importadas, com excelente pre\u00e7o e prazo de entrega.<\/span><\/strong><\/p>\n<p><strong><span style=\"color: #000000\">Encaminhe suas d\u00favidas na \u00e1rea de perguntas antes de comprar.<\/span><\/strong><\/p>\n<p><strong><span style=\"color: #000000\">Nossa equipe \u00e9 especializada e vai ajudar voc\u00ea a encontrar o produto certo para seu ve\u00edculo.<\/span><\/strong><\/p>\n<p><strong><span style=\"color: #000000\">PARA UMA MELHOR COMPRA:<\/span><\/strong><br \/>\n<strong><span style=\"color: #000000\">&#8211; Confira se o endere\u00e7o de entrega est\u00e1 completo e correto. Mantenha seus dados atualizados.<\/span><\/strong><br \/>\n<strong><span style=\"color: #000000\">&#8211; N\u00e3o utilize Caixa Postal como endere\u00e7o de entrega.<\/span><\/strong><br \/>\n<strong><span style=\"color: #000000\">&#8211; Antes de concretizar sua compra, tire suas d\u00favidas na \u00e1rea de perguntas.<\/span><\/strong><br \/>\n<strong><span style=\"color: #000000\">&#8211; Se necess\u00e1rio, confirme a aplica\u00e7\u00e3o com seu mec\u00e2nico.<\/span><\/strong><\/p>\n<p><strong><span style=\"color: #000000\">Muito obrigado,<\/span><\/strong><\/p>\n<p><strong><span style=\"color: #000000\">GARANTIA DE ENTREGA OU SEU DINHEIRO DE VOLTA.<\/span><\/strong><\/p>\n<p><strong><span style=\"color: #000000\">Equipe LPI COMERCIAL \u2013 Prazer em servir!<\/span><\/strong><\/p>\n<p><strong><span style=\"color: #000000\">Garantia do vendedor: 180 dias<\/span><\/strong><\/p>\n","protected":false},"excerpt":{"rendered":"<p><strong>MEDIDAS<\/strong><\/p>\n<p><strong>Di\u00e2metro interno 41,2mm<\/strong><\/p>\n<p><strong>Di\u00e2metro externo 64,4mm<\/strong><\/p>\n<p><strong>Marca ZTL<\/strong><\/p>\n<p><strong>Espessura 21,2mm<\/strong><\/p>\n","protected":false},"featured_media":2094,"comment_status":"open","ping_status":"closed","template":"","meta":{"_joinchat":[]},"product_brand":[],"product_cat":[148,37],"product_tag":[],"class_list":{"0":"post-2095","1":"product","2":"type-product","3":"status-publish","4":"has-post-thumbnail","6":"product_cat-linha-pesada-conicos","7":"product_cat-rolamento","9":"first","10":"instock","11":"sale","12":"taxable","13":"shipping-taxable","14":"purchasable","15":"product-type-simple"},"_links":{"self":[{"href":"https:\/\/ztlrolamentos.com.br\/loja\/wp-json\/wp\/v2\/product\/2095","targetHints":{"allow":["GET"]}}],"collection":[{"href":"https:\/\/ztlrolamentos.com.br\/loja\/wp-json\/wp\/v2\/product"}],"about":[{"href":"https:\/\/ztlrolamentos.com.br\/loja\/wp-json\/wp\/v2\/types\/product"}],"replies":[{"embeddable":true,"href":"https:\/\/ztlrolamentos.com.br\/loja\/wp-json\/wp\/v2\/comments?post=2095"}],"wp:featuredmedia":[{"embeddable":true,"href":"https:\/\/ztlrolamentos.com.br\/loja\/wp-json\/wp\/v2\/media\/2094"}],"wp:attachment":[{"href":"https:\/\/ztlrolamentos.com.br\/loja\/wp-json\/wp\/v2\/media?parent=2095"}],"wp:term":[{"taxonomy":"product_brand","embeddable":true,"href":"https:\/\/ztlrolamentos.com.br\/loja\/wp-json\/wp\/v2\/product_brand?post=2095"},{"taxonomy":"product_cat","embeddable":true,"href":"https:\/\/ztlrolamentos.com.br\/loja\/wp-json\/wp\/v2\/product_cat?post=2095"},{"taxonomy":"product_tag","embeddable":true,"href":"https:\/\/ztlrolamentos.com.br\/loja\/wp-json\/wp\/v2\/product_tag?post=2095"}],"curies":[{"name":"wp","href":"https:\/\/api.w.org\/{rel}","templated":true}]}}