{"id":2093,"date":"2024-07-12T16:13:12","date_gmt":"2024-07-12T19:13:12","guid":{"rendered":"https:\/\/ztlrolamentos.com.br\/loja\/?post_type=product&#038;p=2093"},"modified":"2024-07-12T16:13:12","modified_gmt":"2024-07-12T19:13:12","slug":"rolamento-de-roda-traseiro-c-10-d-10-fag-f45087","status":"publish","type":"product","link":"https:\/\/ztlrolamentos.com.br\/loja\/produto\/rolamento-de-roda-traseiro-c-10-d-10-fag-f45087\/","title":{"rendered":"ROLAMENTO DE RODA TRASEIRO C-10 D-10 FAG F45087"},"content":{"rendered":"<p><strong>Cont\u00e9m 1 Pe\u00e7a;<\/strong><\/p>\n<p><strong>Descri\u00e7\u00e3o do item: ROLAMENTO DE RODA TRASEIRO C-10 D-10 FAG F45087<\/strong><\/p>\n<p><strong>APLICA\u00c7\u00d5ES<\/strong><\/p>\n<p><strong>Chevrolet<\/strong><br \/>\n<strong>C10 Traseiro &#8211; (41,2&#215;64,4&#215;21,2 ) &#8211; 1970, 1971, 1972, 1973, 1974, 1975, 1976, 1977, 1978, 1979, 1980, 1981, 1982, 1983, 1984<\/strong><br \/>\n<strong>D10 Traseiro &#8211; ( 41,2&#215;64,4&#215;21,2 ) &#8211; 1970, 1971, 1972, 1973, 1974, 1975, 1976, 1977, 1978, 1979, 1980, 1981, 1982, 1983, 1984<\/strong><br \/>\n<strong>Ford<\/strong><br \/>\n<strong>Ranger 2.3\/ 4.0 &#8211; (Traseiro &#8211; 41,2&#215;64,4&#215;21,2 ) &#8211; 1993, 1994, 1995, 1996, 1997<\/strong><br \/>\n<strong>AUTOM\u00d3VEL (6 aplica\u00e7\u00f5es)<\/strong><br \/>\n<strong>Chevrolet<\/strong><br \/>\n<strong>Veraneio Traseiro &#8211; (- 41,2&#215;64,4&#215;21,2 ) &#8211; 1970, 1971, 1972, 1973, 1974, 1975, 1976, 1977, 1978, 1979, 1980, 1981, 1982, 1983, 1984<\/strong><br \/>\n<strong>Chrysler<\/strong><br \/>\n<strong>Le Baron Traseiro &#8211; ( &#8211; 41,2&#215;64,4&#215;21,2 ) &#8211; 1979, 1980, 1981<\/strong><br \/>\n<strong>Dodge<\/strong><br \/>\n<strong>Charger Traseiro &#8211; ( 41,2&#215;64,4&#215;21,2 ) &#8211; 1975, 1976, 1977<\/strong><br \/>\n<strong>Dart Traseiro &#8211; ( &#8211; 41,2&#215;64,4&#215;21,2 ) &#8211; 1970, 1971, 1972, 1973, 1974, 1975, 1976, 1977, 1978, 1979<\/strong><br \/>\n<strong>Jeep<\/strong><br \/>\n<strong>Cherokee 2.4\/ 2.5\/ 3.1\/ 3.7 &#8211; (Traseiro &#8211; 41,2&#215;64,4&#215;21,2 ) &#8211; 1996, 1997, 1998, 1999, 2000, 2001<\/strong><br \/>\n<strong>Liberty 2.5\/ 2.8\/ 3.7 &#8211; (Traseiro &#8211; 41,2&#215;64,4&#215;21,2 ) &#8211; 2002, 2003, 2004, 2005, 2006, 2007<\/strong><\/p>\n<p><strong>MEDIDAS<\/strong><\/p>\n<p><strong>Peso bruto 0.23 kg<\/strong><br \/>\n<strong>Volume 0.000133 m\u00b3<\/strong><br \/>\n<strong>Dimens\u00f5es do produto 41,2 x 64,4 x 21,2 mm<\/strong><\/p>\n<ul class=\"ng-scope\">\n<li style=\"list-style-type: none\"><\/li>\n<\/ul>\n<p><strong>As fotos deste an\u00fancio s\u00e3o meramente ilustrativas.<\/strong><br \/>\n<strong>PE\u00c7AS PARA CAMINH\u00d5ES, VANS, \u00d4NIBUS, TRATORES E M\u00c1QUINAS PESADAS<\/strong><br \/>\n<strong>______________________________________________________________<\/strong><br \/>\n<strong>Pe\u00e7as nacionais e importadas, com excelente pre\u00e7o e prazo de entrega.<\/strong><\/p>\n<p><strong>Encaminhe suas d\u00favidas na \u00e1rea de perguntas antes de comprar.<\/strong><\/p>\n<p><strong>Nossa equipe \u00e9 especializada e vai ajudar voc\u00ea a encontrar o produto certo para seu ve\u00edculo.<\/strong><\/p>\n<p><strong>PARA UMA MELHOR COMPRA:<\/strong><br \/>\n<strong>&#8211; Confira se o endere\u00e7o de entrega est\u00e1 completo e correto. Mantenha seus dados atualizados.<\/strong><br \/>\n<strong>&#8211; N\u00e3o utilize Caixa Postal como endere\u00e7o de entrega.<\/strong><br \/>\n<strong>&#8211; Antes de concretizar sua compra, tire suas d\u00favidas na \u00e1rea de perguntas.<\/strong><br \/>\n<strong>&#8211; Se necess\u00e1rio, confirme a aplica\u00e7\u00e3o com seu mec\u00e2nico.<\/strong><\/p>\n<p><strong>Muito obrigado,<\/strong><\/p>\n<p><strong>GARANTIA DE ENTREGA OU SEU DINHEIRO DE VOLTA.<\/strong><\/p>\n<p><strong>Equipe LPI COMERCIAL \u2013 Prazer em servir!<\/strong><\/p>\n<p><strong>Garantia do vendedor: 180 dias<\/strong><\/p>\n","protected":false},"excerpt":{"rendered":"<p><strong>MEDIDAS<\/strong><\/p>\n<p><strong>Peso bruto 0.23 kg<\/strong><br \/>\n<strong>Volume 0.000133 m\u00b3<\/strong><br \/>\n<strong>Dimens\u00f5es do produto 41,2 x 64,4 x 21,2 mm<\/strong><\/p>\n","protected":false},"featured_media":2094,"comment_status":"open","ping_status":"closed","template":"","meta":{"_joinchat":[]},"product_brand":[],"product_cat":[148,37],"product_tag":[],"class_list":{"0":"post-2093","1":"product","2":"type-product","3":"status-publish","4":"has-post-thumbnail","6":"product_cat-linha-pesada-conicos","7":"product_cat-rolamento","9":"first","10":"instock","11":"sale","12":"taxable","13":"shipping-taxable","14":"purchasable","15":"product-type-simple"},"_links":{"self":[{"href":"https:\/\/ztlrolamentos.com.br\/loja\/wp-json\/wp\/v2\/product\/2093","targetHints":{"allow":["GET"]}}],"collection":[{"href":"https:\/\/ztlrolamentos.com.br\/loja\/wp-json\/wp\/v2\/product"}],"about":[{"href":"https:\/\/ztlrolamentos.com.br\/loja\/wp-json\/wp\/v2\/types\/product"}],"replies":[{"embeddable":true,"href":"https:\/\/ztlrolamentos.com.br\/loja\/wp-json\/wp\/v2\/comments?post=2093"}],"wp:featuredmedia":[{"embeddable":true,"href":"https:\/\/ztlrolamentos.com.br\/loja\/wp-json\/wp\/v2\/media\/2094"}],"wp:attachment":[{"href":"https:\/\/ztlrolamentos.com.br\/loja\/wp-json\/wp\/v2\/media?parent=2093"}],"wp:term":[{"taxonomy":"product_brand","embeddable":true,"href":"https:\/\/ztlrolamentos.com.br\/loja\/wp-json\/wp\/v2\/product_brand?post=2093"},{"taxonomy":"product_cat","embeddable":true,"href":"https:\/\/ztlrolamentos.com.br\/loja\/wp-json\/wp\/v2\/product_cat?post=2093"},{"taxonomy":"product_tag","embeddable":true,"href":"https:\/\/ztlrolamentos.com.br\/loja\/wp-json\/wp\/v2\/product_tag?post=2093"}],"curies":[{"name":"wp","href":"https:\/\/api.w.org\/{rel}","templated":true}]}}