{"id":2082,"date":"2024-07-12T11:34:48","date_gmt":"2024-07-12T14:34:48","guid":{"rendered":"https:\/\/ztlrolamentos.com.br\/loja\/?post_type=product&#038;p=2082"},"modified":"2024-07-12T11:34:48","modified_gmt":"2024-07-12T14:34:48","slug":"rolamento-15106-250x-roda-diant-ext-ford-f600-agrale-8500e","status":"publish","type":"product","link":"https:\/\/ztlrolamentos.com.br\/loja\/produto\/rolamento-15106-250x-roda-diant-ext-ford-f600-agrale-8500e\/","title":{"rendered":"ROLAMENTO 15106\/250X RODA DIANT.EXT FORD F600\/AGRALE 8500E"},"content":{"rendered":"<p><strong>Cont\u00e9m 1 Pe\u00e7a;<\/strong><\/p>\n<p><strong>Descri\u00e7\u00e3o do item: Rolamento roda D EXT | Agrale: Chassi MA 8.5E-Tronic \/ MA 9.2E-Tronic \/ MA 9.2 Green E-Tronic \/ MA 7.9E-MEC. Ford: Motores Cummins 4 BT. VW: 680, 690 e 690P\/S \u2013 790S, 7.100 e 7.110S 10\/87&gt; Eixo CB 5301 Meritor \u2013 5.140E Delivery \/ 5.140 EOD Volksbus Eixo CB 5301 e FC 845 Meritor \u2013 8.100, 8.140CO\/CE, 8.120, 8.120 OD, 8.150E, 8.150OD, 8.150 EOD, 9.150OD e 9.150EOD 03\/94&gt; Eixo CB 5301 e FC 845 Meritor.<\/strong><\/p>\n<p><strong>ANO \u2013 COMBUST\u00cdVEL<\/strong><\/p>\n<p><strong>Agrale 6000E-MEC &#8211; ANO Todos<\/strong><br \/>\n<strong>Agrale 6000E-TRONIC FURGOVAN &#8211; ANO Todos<\/strong><br \/>\n<strong>Agrale 8000E-MEC FURGOVAN &#8211; ANO Todos<\/strong><br \/>\n<strong>Agrale 8500CD-EMEC &#8211; ANO Todos<\/strong><br \/>\n<strong>Agrale 8500E-MEC &#8211; ANO Todos<\/strong><br \/>\n<strong>Agrale 8500E-TRONIC &#8211; ANO Todos<\/strong><br \/>\n<strong>Dodge 400 &#8211; ANO Todos<\/strong><br \/>\n<strong>Dodge 500 &#8211; ANO Todos<\/strong><br \/>\n<strong>Dodge 750 &#8211; ANO Todos<\/strong><br \/>\n<strong>Dodge 900 &#8211; ANO Todos<\/strong><br \/>\n<strong>Ford Cargo 814 &#8211; ANO Todos<\/strong><br \/>\n<strong>Ford Cargo 815 &#8211; ANO Todos<\/strong><br \/>\n<strong>Ford Cargo 815E &#8211; ANO Todos<\/strong><br \/>\n<strong>Ford F100 &#8211; ANO 1956 &gt; 1971<\/strong><br \/>\n<strong>Ford F2000 &#8211; ANO 1956 &gt; 1971<\/strong><br \/>\n<strong>Ford F400 &#8211; ANO 1956 &gt; 1971<\/strong><br \/>\n<strong>Ford F4000 &#8211; ANO 1956 &gt; 1971<\/strong><br \/>\n<strong>Ford F600 &#8211; ANO 1956 &gt; 1971<\/strong><br \/>\n<strong>Ford F750 &#8211; ANO 1956 &gt; 1971<\/strong><br \/>\n<strong>GM 3500 Heavy Duty &#8211; ANO 1966 &gt; 1979<\/strong><br \/>\n<strong>GM A70 &#8211; ANO 1966 &gt; 1979<\/strong><br \/>\n<strong>GM A80 &#8211; ANO 1966 &gt; 1979<\/strong><br \/>\n<strong>GM A90 &#8211; ANO 1966 &gt; 1979<\/strong><br \/>\n<strong>GM A99 Turbo &#8211; ANO 1966 &gt; 1979<\/strong><br \/>\n<strong>GM C70 &#8211; ANO 1966 &gt; 1979<\/strong><br \/>\n<strong>GM C80 &#8211; ANO 1966 &gt; 1979<\/strong><br \/>\n<strong>GM C90 &#8211; ANO 1966 &gt; 1979<\/strong><br \/>\n<strong>GM C99 Turbo &#8211; ANO 1966 &gt; 1979<\/strong><br \/>\n<strong>GM D70 &#8211; ANO 1966 &gt; 1979<\/strong><br \/>\n<strong>GM D80 &#8211; ANO 1966 &gt; 1979<\/strong><br \/>\n<strong>GM D90 &#8211; ANO 1966 &gt; 1979<\/strong><br \/>\n<strong>GM D99 Turbo &#8211; ANO 1966 &gt; 1979<\/strong><br \/>\n<strong>Interno: 27,000 mm Externo: 63,500 mm Altura: 21,000 mm<\/strong><\/p>\n<p><strong>MARCA: ZTL \u2013 15106\/250x<\/strong><\/p>\n<p><strong>As fotos deste an\u00fancio s\u00e3o meramente ilustrativas.<\/strong><br \/>\n<strong>PE\u00c7AS PARA CAMINH\u00d5ES, VANS, \u00d4NIBUS, TRATORES E M\u00c1QUINAS PESADAS<\/strong><br \/>\n<strong>______________________________________________________________<\/strong><br \/>\n<strong>Pe\u00e7as nacionais e importadas, com excelente pre\u00e7o e prazo de entrega.<\/strong><\/p>\n<p><strong>Encaminhe suas d\u00favidas na \u00e1rea de perguntas antes de comprar.<\/strong><\/p>\n<p><strong>Nossa equipe \u00e9 especializada e vai ajudar voc\u00ea a encontrar o produto certo para seu ve\u00edculo.<\/strong><\/p>\n<p><strong>PARA UMA MELHOR COMPRA:<\/strong><br \/>\n<strong>&#8211; Confira se o endere\u00e7o de entrega est\u00e1 completo e correto. Mantenha seus dados atualizados.<\/strong><br \/>\n<strong>&#8211; N\u00e3o utilize Caixa Postal como endere\u00e7o de entrega.<\/strong><br \/>\n<strong>&#8211; Antes de concretizar sua compra, tire suas d\u00favidas na \u00e1rea de perguntas.<\/strong><br \/>\n<strong>&#8211; Se necess\u00e1rio, confirme a aplica\u00e7\u00e3o com seu mec\u00e2nico.<\/strong><\/p>\n<p><strong>Muito obrigado,<\/strong><\/p>\n<p><strong>GARANTIA DE ENTREGA OU SEU DINHEIRO DE VOLTA.<\/strong><\/p>\n<p><strong>Equipe LPI COMERCIAL \u2013 Prazer em servir!<\/strong><\/p>\n<p><strong>Garantia do vendedor: 180 dias<\/strong><\/p>\n","protected":false},"excerpt":{"rendered":"<p><strong>MEDIDAS<\/strong><\/p>\n<p><strong>Interno: 27,000 mm <\/strong><\/p>\n<p><strong>Externo: 63,500 mm <\/strong><\/p>\n<p><strong>Altura: 21,000 mm<\/strong><\/p>\n","protected":false},"featured_media":2083,"comment_status":"open","ping_status":"closed","template":"","meta":{"_joinchat":[]},"product_brand":[],"product_cat":[148,37],"product_tag":[],"class_list":{"0":"post-2082","1":"product","2":"type-product","3":"status-publish","4":"has-post-thumbnail","6":"product_cat-linha-pesada-conicos","7":"product_cat-rolamento","9":"first","10":"instock","11":"sale","12":"taxable","13":"shipping-taxable","14":"purchasable","15":"product-type-simple"},"_links":{"self":[{"href":"https:\/\/ztlrolamentos.com.br\/loja\/wp-json\/wp\/v2\/product\/2082","targetHints":{"allow":["GET"]}}],"collection":[{"href":"https:\/\/ztlrolamentos.com.br\/loja\/wp-json\/wp\/v2\/product"}],"about":[{"href":"https:\/\/ztlrolamentos.com.br\/loja\/wp-json\/wp\/v2\/types\/product"}],"replies":[{"embeddable":true,"href":"https:\/\/ztlrolamentos.com.br\/loja\/wp-json\/wp\/v2\/comments?post=2082"}],"wp:featuredmedia":[{"embeddable":true,"href":"https:\/\/ztlrolamentos.com.br\/loja\/wp-json\/wp\/v2\/media\/2083"}],"wp:attachment":[{"href":"https:\/\/ztlrolamentos.com.br\/loja\/wp-json\/wp\/v2\/media?parent=2082"}],"wp:term":[{"taxonomy":"product_brand","embeddable":true,"href":"https:\/\/ztlrolamentos.com.br\/loja\/wp-json\/wp\/v2\/product_brand?post=2082"},{"taxonomy":"product_cat","embeddable":true,"href":"https:\/\/ztlrolamentos.com.br\/loja\/wp-json\/wp\/v2\/product_cat?post=2082"},{"taxonomy":"product_tag","embeddable":true,"href":"https:\/\/ztlrolamentos.com.br\/loja\/wp-json\/wp\/v2\/product_tag?post=2082"}],"curies":[{"name":"wp","href":"https:\/\/api.w.org\/{rel}","templated":true}]}}