{"id":2081,"date":"2024-07-12T11:28:43","date_gmt":"2024-07-12T14:28:43","guid":{"rendered":"https:\/\/ztlrolamentos.com.br\/loja\/?post_type=product&#038;p=2081"},"modified":"2024-07-12T11:29:07","modified_gmt":"2024-07-12T14:29:07","slug":"rolamento-33214-roda-d-int-mb-1313-1317-1938-om457la","status":"publish","type":"product","link":"https:\/\/ztlrolamentos.com.br\/loja\/produto\/rolamento-33214-roda-d-int-mb-1313-1317-1938-om457la\/","title":{"rendered":"ROLAMENTO 33214 RODA D INT \/ MB 1313\/1317\/1938 OM457LA"},"content":{"rendered":"<p><strong>Cont\u00e9m 1 Pe\u00e7a;<\/strong><\/p>\n<p><strong>Descri\u00e7\u00e3o do item: Rolamento 33214 Roda D Int \/ Mb 1313\/1317\/1938 Om457la\/<\/strong><\/p>\n<p><strong>Mercedes Benz 1313<\/strong><br \/>\n<strong>Mercedes Benz 1316<\/strong><br \/>\n<strong>Mercedes Benz 1317<\/strong><br \/>\n<strong>Mercedes Benz 1318<\/strong><br \/>\n<strong>Mercedes Benz 1622<\/strong><br \/>\n<strong>Mercedes Benz 1720 K<\/strong><br \/>\n<strong>Mercedes Benz 1924<\/strong><br \/>\n<strong>Mercedes Benz 1924A<\/strong><br \/>\n<strong>Mercedes Benz 1938 OM457LA<\/strong><br \/>\n<strong>Mercedes Benz 2423 B\/K \u2013 OM906 LA 231cv<\/strong><br \/>\n<strong>Mercedes Benz 2428 \u2013 OM906 LA<\/strong><br \/>\n<strong>Mercedes Benz 2431 L<\/strong><br \/>\n<strong>Mercedes Benz FSK 1951<\/strong><br \/>\n<strong>Mercedes Benz L 1315<\/strong><br \/>\n<strong>Mercedes Benz L 1318<\/strong><br \/>\n<strong>Mercedes Benz L 1414<\/strong><br \/>\n<strong>Mercedes Benz L 1418<\/strong><br \/>\n<strong>Mercedes Benz L 1625 285cv<\/strong><br \/>\n<strong>Mercedes Benz L 1721<\/strong><br \/>\n<strong>Mercedes Benz L 1721S<\/strong><br \/>\n<strong>Mercedes Benz L 1722S<\/strong><br \/>\n<strong>Mercedes Benz L 1935<\/strong><br \/>\n<strong>Mercedes Benz L 1942<\/strong><br \/>\n<strong>Mercedes Benz LA 1414<\/strong><br \/>\n<strong>Mercedes Benz LAK 1414<\/strong><br \/>\n<strong>Mercedes Benz LAK 1418<\/strong><br \/>\n<strong>Mercedes Benz LK 1315<\/strong><br \/>\n<strong>Mercedes Benz LK 1318<\/strong><br \/>\n<strong>Mercedes Benz LK 1414<\/strong><br \/>\n<strong>Mercedes Benz LK 1418<\/strong><br \/>\n<strong>Mercedes Benz LK 1621<\/strong><br \/>\n<strong>Mercedes Benz LS 1625 285cv<\/strong><br \/>\n<strong>Mercedes Benz LS 1942<\/strong><br \/>\n<strong>Mercedes Benz OF 1318 OM366A 177cv<\/strong><br \/>\n<strong>Mercedes Benz OH 1420 Todos Todos<\/strong><br \/>\n<strong>Interno: 70,000 mm Externo: 125,000 mm Altura: 41,000 mm<\/strong><\/p>\n<p><strong>MARCA: ZTL \u2013 33214<\/strong><\/p>\n<p><strong>As fotos deste an\u00fancio s\u00e3o meramente ilustrativas.<\/strong><br \/>\n<strong>PE\u00c7AS PARA CAMINH\u00d5ES, VANS, \u00d4NIBUS, TRATORES E M\u00c1QUINAS PESADAS<\/strong><br \/>\n<strong>______________________________________________________________<\/strong><br \/>\n<strong>Pe\u00e7as nacionais e importadas, com excelente pre\u00e7o e prazo de entrega.<\/strong><\/p>\n<p><strong>Encaminhe suas d\u00favidas na \u00e1rea de perguntas antes de comprar.<\/strong><\/p>\n<p><strong>Nossa equipe \u00e9 especializada e vai ajudar voc\u00ea a encontrar o produto certo para seu ve\u00edculo.<\/strong><\/p>\n<p><strong>PARA UMA MELHOR COMPRA:<\/strong><br \/>\n<strong>&#8211; Confira se o endere\u00e7o de entrega est\u00e1 completo e correto. Mantenha seus dados atualizados.<\/strong><br \/>\n<strong>&#8211; N\u00e3o utilize Caixa Postal como endere\u00e7o de entrega.<\/strong><br \/>\n<strong>&#8211; Antes de concretizar sua compra, tire suas d\u00favidas na \u00e1rea de perguntas.<\/strong><br \/>\n<strong>&#8211; Se necess\u00e1rio, confirme a aplica\u00e7\u00e3o com seu mec\u00e2nico.<\/strong><\/p>\n<p><strong>Muito obrigado,<\/strong><\/p>\n<p><strong>GARANTIA DE ENTREGA OU SEU DINHEIRO DE VOLTA.<\/strong><\/p>\n<p><strong>Equipe LPI COMERCIAL \u2013 Prazer em servir!<\/strong><\/p>\n<p><strong>Garantia do vendedor: 180 dias<\/strong><\/p>\n","protected":false},"excerpt":{"rendered":"<p><strong>MEDIDAS<\/strong><\/p>\n<p><strong>Interno: 70,000 mm <\/strong><\/p>\n<p><strong>Externo: 125,000 mm <\/strong><\/p>\n<p><strong>Altura: 41,000 mm<\/strong><\/p>\n","protected":false},"featured_media":0,"comment_status":"open","ping_status":"closed","template":"","meta":{"_joinchat":[]},"product_brand":[],"product_cat":[148,37],"product_tag":[],"class_list":{"0":"post-2081","1":"product","2":"type-product","3":"status-publish","5":"product_cat-linha-pesada-conicos","6":"product_cat-rolamento","8":"first","9":"instock","10":"sale","11":"taxable","12":"shipping-taxable","13":"purchasable","14":"product-type-simple"},"_links":{"self":[{"href":"https:\/\/ztlrolamentos.com.br\/loja\/wp-json\/wp\/v2\/product\/2081","targetHints":{"allow":["GET"]}}],"collection":[{"href":"https:\/\/ztlrolamentos.com.br\/loja\/wp-json\/wp\/v2\/product"}],"about":[{"href":"https:\/\/ztlrolamentos.com.br\/loja\/wp-json\/wp\/v2\/types\/product"}],"replies":[{"embeddable":true,"href":"https:\/\/ztlrolamentos.com.br\/loja\/wp-json\/wp\/v2\/comments?post=2081"}],"wp:attachment":[{"href":"https:\/\/ztlrolamentos.com.br\/loja\/wp-json\/wp\/v2\/media?parent=2081"}],"wp:term":[{"taxonomy":"product_brand","embeddable":true,"href":"https:\/\/ztlrolamentos.com.br\/loja\/wp-json\/wp\/v2\/product_brand?post=2081"},{"taxonomy":"product_cat","embeddable":true,"href":"https:\/\/ztlrolamentos.com.br\/loja\/wp-json\/wp\/v2\/product_cat?post=2081"},{"taxonomy":"product_tag","embeddable":true,"href":"https:\/\/ztlrolamentos.com.br\/loja\/wp-json\/wp\/v2\/product_tag?post=2081"}],"curies":[{"name":"wp","href":"https:\/\/api.w.org\/{rel}","templated":true}]}}