{"id":2077,"date":"2024-07-12T11:17:56","date_gmt":"2024-07-12T14:17:56","guid":{"rendered":"https:\/\/ztlrolamentos.com.br\/loja\/?post_type=product&#038;p=2077"},"modified":"2024-07-12T11:17:56","modified_gmt":"2024-07-12T14:17:56","slug":"rolamento-3782-3720-roda-d-ext-ford-cargo-1313-vw-22-140","status":"publish","type":"product","link":"https:\/\/ztlrolamentos.com.br\/loja\/produto\/rolamento-3782-3720-roda-d-ext-ford-cargo-1313-vw-22-140\/","title":{"rendered":"ROLAMENTO 3782\/3720 RODA D EXT \/ FORD CARGO 1313 \/ VW 22.140"},"content":{"rendered":"<p><strong>Cont\u00e9m 1 Pe\u00e7a;<\/strong><\/p>\n<p><strong>Descri\u00e7\u00e3o do item: Rolamento roda T EXT | Marchesan.<\/strong><\/p>\n<p><strong>Ford Cargo 1313<\/strong><br \/>\n<strong>Ford Cargo 1314<\/strong><br \/>\n<strong>Ford Cargo 1317<\/strong><br \/>\n<strong>Ford Cargo 1514<\/strong><br \/>\n<strong>Ford Cargo 1517<\/strong><br \/>\n<strong>Ford Cargo 1615<\/strong><br \/>\n<strong>Ford Cargo 1617<\/strong><br \/>\n<strong>Ford Cargo 1618<\/strong><br \/>\n<strong>Ford Cargo 1619<\/strong><br \/>\n<strong>Ford Cargo 1621<\/strong><br \/>\n<strong>VW 13.210<\/strong><br \/>\n<strong>VW 14.140<\/strong><br \/>\n<strong>VW 14.150<\/strong><br \/>\n<strong>VW 14.170 BT<\/strong><br \/>\n<strong>VW 14.180<\/strong><br \/>\n<strong>VW 14.200<\/strong><br \/>\n<strong>VW 14.220<\/strong><br \/>\n<strong>VW 15.170<\/strong><br \/>\n<strong>VW 15.170E<\/strong><br \/>\n<strong>VW 15.180<\/strong><br \/>\n<strong>VW 15.180 E<\/strong><br \/>\n<strong>VW 15.180 OD<\/strong><br \/>\n<strong>VW 15.190<\/strong><br \/>\n<strong>VW 15.190 EOD<\/strong><br \/>\n<strong>VW 16.170<\/strong><br \/>\n<strong>VW 16.180<\/strong><br \/>\n<strong>VW 16.200<\/strong><br \/>\n<strong>VW 16.210<\/strong><br \/>\n<strong>VW 16.220 CO<\/strong><br \/>\n<strong>VW 17.180<\/strong><br \/>\n<strong>VW 17.210<\/strong><br \/>\n<strong>VW 17.210 EOD<\/strong><br \/>\n<strong>VW 17.220<\/strong><br \/>\n<strong>VW 17.240 OT<\/strong><br \/>\n<strong>VW 17.300<\/strong><br \/>\n<strong>VW 17.310 Titan<\/strong><br \/>\n<strong>VW 18.310 OT<\/strong><br \/>\n<strong>VW 18.310 Titan<\/strong><br \/>\n<strong>VW 19.320 Titan Constellation<\/strong><br \/>\n<strong>VW 22.140<\/strong><br \/>\n<strong>VW 22.210<\/strong><br \/>\n<strong>VW 23.220<\/strong><br \/>\n<strong>VW 23.250 E<\/strong><br \/>\n<strong>VW 23.310 Titan<\/strong><br \/>\n<strong>VW 24.220<\/strong><br \/>\n<strong>VW 24.250<\/strong><br \/>\n<strong>VW 26.220<\/strong><br \/>\n<strong>VW 26.300<\/strong><br \/>\n<strong>VW 31.260 E<\/strong><br \/>\n<strong>VW 35.300<\/strong><br \/>\n<strong>VW 40.300<\/strong><br \/>\n<strong>Interno: 50,800 mm Externo: 93,264 mm Altura: 30,162 mm<\/strong><br \/>\n<strong>MARCA: ZTL \u2013 3780\/3720<\/strong><\/p>\n<p><strong>As fotos deste an\u00fancio s\u00e3o meramente ilustrativas.<\/strong><br \/>\n<strong>PE\u00c7AS PARA CAMINH\u00d5ES, VANS, \u00d4NIBUS, TRATORES E M\u00c1QUINAS PESADAS<\/strong><br \/>\n<strong>______________________________________________________________<\/strong><br \/>\n<strong>Pe\u00e7as nacionais e importadas, com excelente pre\u00e7o e prazo de entrega.<\/strong><\/p>\n<p><strong>Encaminhe suas d\u00favidas na \u00e1rea de perguntas antes de comprar.<\/strong><\/p>\n<p><strong>Nossa equipe \u00e9 especializada e vai ajudar voc\u00ea a encontrar o produto certo para seu ve\u00edculo.<\/strong><\/p>\n<p><strong>PARA UMA MELHOR COMPRA:<\/strong><br \/>\n<strong>&#8211; Confira se o endere\u00e7o de entrega est\u00e1 completo e correto. Mantenha seus dados atualizados.<\/strong><br \/>\n<strong>&#8211; N\u00e3o utilize Caixa Postal como endere\u00e7o de entrega.<\/strong><br \/>\n<strong>&#8211; Antes de concretizar sua compra, tire suas d\u00favidas na \u00e1rea de perguntas.<\/strong><br \/>\n<strong>&#8211; Se necess\u00e1rio, confirme a aplica\u00e7\u00e3o com seu mec\u00e2nico.<\/strong><\/p>\n<p><strong>Muito obrigado,<\/strong><\/p>\n<p><strong>GARANTIA DE ENTREGA OU SEU DINHEIRO DE VOLTA.<\/strong><\/p>\n<p><strong>Equipe LPI COMERCIAL \u2013 Prazer em servir!<\/strong><\/p>\n<p><strong>Garantia do vendedor: 180 dias<\/strong><\/p>\n","protected":false},"excerpt":{"rendered":"<p><strong>MEDIDAS<\/strong><\/p>\n<p><strong>Interno: 50,800 mm <\/strong><\/p>\n<p><strong>Externo: 93,264 mm <\/strong><\/p>\n<p><strong>Altura: 30,162 mm<\/strong><\/p>\n","protected":false},"featured_media":0,"comment_status":"open","ping_status":"closed","template":"","meta":{"_joinchat":[]},"product_brand":[],"product_cat":[148,37],"product_tag":[],"class_list":{"0":"post-2077","1":"product","2":"type-product","3":"status-publish","5":"product_cat-linha-pesada-conicos","6":"product_cat-rolamento","8":"first","9":"instock","10":"sale","11":"taxable","12":"shipping-taxable","13":"purchasable","14":"product-type-simple"},"_links":{"self":[{"href":"https:\/\/ztlrolamentos.com.br\/loja\/wp-json\/wp\/v2\/product\/2077","targetHints":{"allow":["GET"]}}],"collection":[{"href":"https:\/\/ztlrolamentos.com.br\/loja\/wp-json\/wp\/v2\/product"}],"about":[{"href":"https:\/\/ztlrolamentos.com.br\/loja\/wp-json\/wp\/v2\/types\/product"}],"replies":[{"embeddable":true,"href":"https:\/\/ztlrolamentos.com.br\/loja\/wp-json\/wp\/v2\/comments?post=2077"}],"wp:attachment":[{"href":"https:\/\/ztlrolamentos.com.br\/loja\/wp-json\/wp\/v2\/media?parent=2077"}],"wp:term":[{"taxonomy":"product_brand","embeddable":true,"href":"https:\/\/ztlrolamentos.com.br\/loja\/wp-json\/wp\/v2\/product_brand?post=2077"},{"taxonomy":"product_cat","embeddable":true,"href":"https:\/\/ztlrolamentos.com.br\/loja\/wp-json\/wp\/v2\/product_cat?post=2077"},{"taxonomy":"product_tag","embeddable":true,"href":"https:\/\/ztlrolamentos.com.br\/loja\/wp-json\/wp\/v2\/product_tag?post=2077"}],"curies":[{"name":"wp","href":"https:\/\/api.w.org\/{rel}","templated":true}]}}