{"id":2072,"date":"2024-07-12T11:05:23","date_gmt":"2024-07-12T14:05:23","guid":{"rendered":"https:\/\/ztlrolamentos.com.br\/loja\/?post_type=product&#038;p=2072"},"modified":"2024-07-12T11:05:48","modified_gmt":"2024-07-12T14:05:48","slug":"rolamento-594a-592a-traseiro-cubo-vw-cargo-1517e-802604","status":"publish","type":"product","link":"https:\/\/ztlrolamentos.com.br\/loja\/produto\/rolamento-594a-592a-traseiro-cubo-vw-cargo-1517e-802604\/","title":{"rendered":"ROLAMENTO 594A\/592A TRASEIRO CUBO VW CARGO 1517E 802604"},"content":{"rendered":"<p><strong>Cont\u00e9m 1 Pe\u00e7a;<\/strong><\/p>\n<p><strong>Descri\u00e7\u00e3o do item: Rolamento 594a\/592a Roda Cubo T\/ E Ford Cargo Vw<\/strong><\/p>\n<p><strong>FIAT 180<\/strong><br \/>\n<strong>FIAT D-11000<\/strong><br \/>\n<strong>GM &#8211; CHEVROLET 12-170<\/strong><br \/>\n<strong>GM &#8211; CHEVROLET 14-190<\/strong><br \/>\n<strong>GM &#8211; CHEVROLET 16-220<\/strong><br \/>\n<strong>GMC 12-170<\/strong><br \/>\n<strong>GMC 14-190<\/strong><br \/>\n<strong>GMC 16-220<\/strong><br \/>\n<strong>IVECO 170ES22<\/strong><br \/>\n<strong>IVECO 170ES25<\/strong><br \/>\n<strong>IVECO 170ES25T<\/strong><br \/>\n<strong>IVECO 240E25S<\/strong><br \/>\n<strong>IVECO 260E25<\/strong><br \/>\n<strong>IVECO 450 E32<\/strong><br \/>\n<strong>SCANIA B-58<\/strong><br \/>\n<strong>SCANIA B-58BR<\/strong><br \/>\n<strong>SCANIA B58<\/strong><br \/>\n<strong>SCANIA B58BR<\/strong><br \/>\n<strong>VOLVO FH-12<\/strong><br \/>\n<strong>VOLVO FH12<\/strong><br \/>\n<strong>VOLVO N-10BR<\/strong><br \/>\n<strong>VOLVO N-12BR<\/strong><br \/>\n<strong>VOLVO N10BR<\/strong><br \/>\n<strong>VOLVO N12BR<\/strong><br \/>\n<strong>VOLVO NH-12<\/strong><br \/>\n<strong>VOLVO NH12<\/strong><br \/>\n<strong>VOLVO NL-10BR<\/strong><br \/>\n<strong>VOLVO NL-12BR<\/strong><br \/>\n<strong>VOLVO NL10BR<\/strong><br \/>\n<strong>VOLVO NL12BR<\/strong><br \/>\n<strong>VW &#8211; VOLKSWAGEN 13.170<\/strong><br \/>\n<strong>VW &#8211; VOLKSWAGEN 13.180<\/strong><br \/>\n<strong>VW &#8211; VOLKSWAGEN 13.210<\/strong><br \/>\n<strong>VW &#8211; VOLKSWAGEN 14.140<\/strong><br \/>\n<strong>VW &#8211; VOLKSWAGEN 14.150<\/strong><br \/>\n<strong>VW &#8211; VOLKSWAGEN 14.200<\/strong><br \/>\n<strong>VW &#8211; VOLKSWAGEN 14.210<\/strong><br \/>\n<strong>VW &#8211; VOLKSWAGEN 14.220<\/strong><br \/>\n<strong>VW &#8211; VOLKSWAGEN 15.170<\/strong><br \/>\n<strong>VW &#8211; VOLKSWAGEN 15.180<\/strong><br \/>\n<strong>VW &#8211; VOLKSWAGEN 15.190<\/strong><br \/>\n<strong>VW &#8211; VOLKSWAGEN 15.210<\/strong><br \/>\n<strong>VW &#8211; VOLKSWAGEN 16.170<\/strong><br \/>\n<strong>VW &#8211; VOLKSWAGEN 16.180<\/strong><br \/>\n<strong>VW &#8211; VOLKSWAGEN 16.210<\/strong><br \/>\n<strong>VW &#8211; VOLKSWAGEN 16.210CO<\/strong><br \/>\n<strong>VW &#8211; VOLKSWAGEN 16.220<\/strong><br \/>\n<strong>VW &#8211; VOLKSWAGEN 16.300<\/strong><br \/>\n<strong>VW &#8211; VOLKSWAGEN 17.210<\/strong><br \/>\n<strong>VW &#8211; VOLKSWAGEN 17.220<\/strong><br \/>\n<strong>VW &#8211; VOLKSWAGEN 17.240<\/strong><br \/>\n<strong>VW &#8211; VOLKSWAGEN 17.260<\/strong><br \/>\n<strong>VW &#8211; VOLKSWAGEN 17.300<\/strong><br \/>\n<strong>VW &#8211; VOLKSWAGEN 18.310 de 2003 em diante<\/strong><br \/>\n<strong>VW &#8211; VOLKSWAGEN 18.320<\/strong><br \/>\n<strong>VW &#8211; VOLKSWAGEN 22.140<\/strong><br \/>\n<strong>VW &#8211; VOLKSWAGEN 22.210<\/strong><br \/>\n<strong>VW &#8211; VOLKSWAGEN 23.250E<\/strong><br \/>\n<strong>VW &#8211; VOLKSWAGEN 24.220<\/strong><br \/>\n<strong>VW &#8211; VOLKSWAGEN 24.250<\/strong><br \/>\n<strong>VW &#8211; VOLKSWAGEN 26.260<\/strong><br \/>\n<strong>VW &#8211; VOLKSWAGEN 26.300<\/strong><br \/>\n<strong>VW &#8211; VOLKSWAGEN 31.260<\/strong><br \/>\n<strong>VW &#8211; VOLKSWAGEN 31.320E<\/strong><br \/>\n<strong>VW &#8211; VOLKSWAGEN 31.370E<\/strong><br \/>\n<strong>VW &#8211; VOLKSWAGEN 35.300<\/strong><br \/>\n<strong>VW &#8211; VOLKSWAGEN 40.300<\/strong><br \/>\n<strong>VW &#8211; VOLKSWAGEN VOLKSBUS<\/strong><\/p>\n<p><strong>MEDIDAS<\/strong><\/p>\n<p><strong>Di\u00e2metro Interno: 95,25 mm<\/strong><br \/>\n<strong>Largura: 39,688 mm<\/strong><br \/>\n<strong>Di\u00e2metro Externo: 152,4 mm<\/strong><\/p>\n<p><strong>As fotos deste an\u00fancio s\u00e3o meramente ilustrativas.<\/strong><br \/>\n<strong>PE\u00c7AS PARA CAMINH\u00d5ES, VANS, \u00d4NIBUS, TRATORES E M\u00c1QUINAS PESADAS<\/strong><br \/>\n<strong>______________________________________________________________<\/strong><br \/>\n<strong>Pe\u00e7as nacionais e importadas, com excelente pre\u00e7o e prazo de entrega.<\/strong><\/p>\n<p><strong>Encaminhe suas d\u00favidas na \u00e1rea de perguntas antes de comprar.<\/strong><\/p>\n<p><strong>Nossa equipe \u00e9 especializada e vai ajudar voc\u00ea a encontrar o produto certo para seu ve\u00edculo.<\/strong><\/p>\n<p><strong>PARA UMA MELHOR COMPRA:<\/strong><br \/>\n<strong>&#8211; Confira se o endere\u00e7o de entrega est\u00e1 completo e correto. Mantenha seus dados atualizados.<\/strong><br \/>\n<strong>&#8211; N\u00e3o utilize Caixa Postal como endere\u00e7o de entrega.<\/strong><br \/>\n<strong>&#8211; Antes de concretizar sua compra, tire suas d\u00favidas na \u00e1rea de perguntas.<\/strong><br \/>\n<strong>&#8211; Se necess\u00e1rio, confirme a aplica\u00e7\u00e3o com seu mec\u00e2nico.<\/strong><\/p>\n<p><strong>Muito obrigado,<\/strong><\/p>\n<p><strong>GARANTIA DE ENTREGA OU SEU DINHEIRO DE VOLTA.<\/strong><\/p>\n<p><strong>Equipe LPI COMERCIAL \u2013 Prazer em servir!<\/strong><\/p>\n<p><strong>Garantia do vendedor: 180 dias<\/strong><\/p>\n","protected":false},"excerpt":{"rendered":"<p><strong>MEDIDAS<\/strong><\/p>\n<p><strong>Di\u00e2metro Interno: 95,25 mm<\/strong><br \/>\n<strong>Largura: 39,688 mm<\/strong><br \/>\n<strong>Di\u00e2metro Externo: 152,4 mm<\/strong><\/p>\n","protected":false},"featured_media":2018,"comment_status":"open","ping_status":"closed","template":"","meta":{"_joinchat":[]},"product_brand":[],"product_cat":[148,37],"product_tag":[],"class_list":{"0":"post-2072","1":"product","2":"type-product","3":"status-publish","4":"has-post-thumbnail","6":"product_cat-linha-pesada-conicos","7":"product_cat-rolamento","9":"first","10":"instock","11":"sale","12":"taxable","13":"shipping-taxable","14":"purchasable","15":"product-type-simple"},"_links":{"self":[{"href":"https:\/\/ztlrolamentos.com.br\/loja\/wp-json\/wp\/v2\/product\/2072","targetHints":{"allow":["GET"]}}],"collection":[{"href":"https:\/\/ztlrolamentos.com.br\/loja\/wp-json\/wp\/v2\/product"}],"about":[{"href":"https:\/\/ztlrolamentos.com.br\/loja\/wp-json\/wp\/v2\/types\/product"}],"replies":[{"embeddable":true,"href":"https:\/\/ztlrolamentos.com.br\/loja\/wp-json\/wp\/v2\/comments?post=2072"}],"wp:featuredmedia":[{"embeddable":true,"href":"https:\/\/ztlrolamentos.com.br\/loja\/wp-json\/wp\/v2\/media\/2018"}],"wp:attachment":[{"href":"https:\/\/ztlrolamentos.com.br\/loja\/wp-json\/wp\/v2\/media?parent=2072"}],"wp:term":[{"taxonomy":"product_brand","embeddable":true,"href":"https:\/\/ztlrolamentos.com.br\/loja\/wp-json\/wp\/v2\/product_brand?post=2072"},{"taxonomy":"product_cat","embeddable":true,"href":"https:\/\/ztlrolamentos.com.br\/loja\/wp-json\/wp\/v2\/product_cat?post=2072"},{"taxonomy":"product_tag","embeddable":true,"href":"https:\/\/ztlrolamentos.com.br\/loja\/wp-json\/wp\/v2\/product_tag?post=2072"}],"curies":[{"name":"wp","href":"https:\/\/api.w.org\/{rel}","templated":true}]}}