{"id":2067,"date":"2024-07-12T10:37:08","date_gmt":"2024-07-12T13:37:08","guid":{"rendered":"https:\/\/ztlrolamentos.com.br\/loja\/?post_type=product&#038;p=2067"},"modified":"2024-07-12T10:37:08","modified_gmt":"2024-07-12T13:37:08","slug":"rolamento-220149-10","status":"publish","type":"product","link":"https:\/\/ztlrolamentos.com.br\/loja\/produto\/rolamento-220149-10\/","title":{"rendered":"Rolamento 220149\/10"},"content":{"rendered":"<p><strong>Cont\u00e9m 1 Pe\u00e7a;<\/strong><\/p>\n<p><strong>Descri\u00e7\u00e3o do item: ROLAMENTO CUBO DE RODA TRASEIRO INTERNO\/EXTERNO SCANIA\/VOLVO N-10\/12 NL-10\/12 &#8211; 100X157X42MM<\/strong><\/p>\n<p><strong>Modelos de ve\u00edculos em que este produto serve<\/strong><\/p>\n<p><strong>SCANIA R112 todos os anos<\/strong><\/p>\n<p><strong>SCANIA R113 todos os anos<\/strong><\/p>\n<p><strong>SCANIA R143 todos os anos<\/strong><\/p>\n<p><strong>SCANIA T112 todos os anos<\/strong><\/p>\n<p><strong>SCANIA T113 todos os anos<\/strong><\/p>\n<p><strong>SCANIA T142E todos os anos<\/strong><\/p>\n<p><strong>SCANIA T143 todos os anos<\/strong><\/p>\n<p><strong>VOLVO N10BR todos os anos<\/strong><\/p>\n<p><strong>VOLVO N12BR todos os anos<\/strong><\/p>\n<p><strong>VOLVO NL10BR todos os anos<\/strong><\/p>\n<p><strong>VOLVO NL12BR todos os anos<\/strong><\/p>\n<p><strong>As fotos deste an\u00fancio s\u00e3o meramente ilustrativas.<\/strong><br \/>\n<strong>PE\u00c7AS PARA CAMINH\u00d5ES, VANS, \u00d4NIBUS, TRATORES E M\u00c1QUINAS PESADAS<\/strong><br \/>\n<strong>______________________________________________________________<\/strong><br \/>\n<strong>Pe\u00e7as nacionais e importadas, com excelente pre\u00e7o e prazo de entrega.<\/strong><\/p>\n<p><strong>Encaminhe suas d\u00favidas na \u00e1rea de perguntas antes de comprar.<\/strong><\/p>\n<p><strong>Nossa equipe \u00e9 especializada e vai ajudar voc\u00ea a encontrar o produto certo para seu ve\u00edculo.<\/strong><\/p>\n<p><strong>PARA UMA MELHOR COMPRA:<\/strong><br \/>\n<strong>&#8211; Confira se o endere\u00e7o de entrega est\u00e1 completo e correto. Mantenha seus dados atualizados.<\/strong><br \/>\n<strong>&#8211; N\u00e3o utilize Caixa Postal como endere\u00e7o de entrega.<\/strong><br \/>\n<strong>&#8211; Antes de concretizar sua compra, tire suas d\u00favidas na \u00e1rea de perguntas.<\/strong><br \/>\n<strong>&#8211; Se necess\u00e1rio, confirme a aplica\u00e7\u00e3o com seu mec\u00e2nico.<\/strong><\/p>\n<p><strong>Muito obrigado,<\/strong><\/p>\n<p><strong>GARANTIA DE ENTREGA OU SEU DINHEIRO DE VOLTA.<\/strong><\/p>\n<p><strong>Equipe LPI COMERCIAL \u2013 Prazer em servir!<\/strong><\/p>\n<p><strong>Garantia do vendedor: 180 dias<\/strong><\/p>\n","protected":false},"excerpt":{"rendered":"<p>Cont\u00e9m 1 Pe\u00e7a; Descri\u00e7\u00e3o do item: ROLAMENTO CUBO DE RODA TRASEIRO INTERNO\/EXTERNO SCANIA\/VOLVO N-10\/12 NL-10\/12 &#8211; 100X157X42MM Modelos de ve\u00edculos em que este produto serve SCANIA R112 todos os anos SCANIA R113 todos os anos SCANIA R143 todos os anos SCANIA T112 todos os anos SCANIA T113 todos os anos SCANIA T142E todos os anos SCANIA T143 todos os anos VOLVO N10BR todos os anos VOLVO N12BR todos os anos VOLVO NL10BR todos os anos VOLVO NL12BR todos os anos As fotos deste an\u00fancio s\u00e3o meramente ilustrativas. PE\u00c7AS PARA CAMINH\u00d5ES, VANS, \u00d4NIBUS, TRATORES E M\u00c1QUINAS PESADAS ______________________________________________________________ Pe\u00e7as nacionais e importadas, com excelente pre\u00e7o e prazo de entrega. Encaminhe suas&hellip; <a class=\"read-more\" href=\"https:\/\/ztlrolamentos.com.br\/loja\/produto\/rolamento-220149-10\/\">Leia Mais<\/a><\/p>\n","protected":false},"featured_media":2018,"comment_status":"open","ping_status":"closed","template":"","meta":{"_joinchat":[]},"product_brand":[],"product_cat":[148,37],"product_tag":[],"class_list":{"0":"post-2067","1":"product","2":"type-product","3":"status-publish","4":"has-post-thumbnail","6":"product_cat-linha-pesada-conicos","7":"product_cat-rolamento","9":"first","10":"instock","11":"sale","12":"taxable","13":"shipping-taxable","14":"purchasable","15":"product-type-simple"},"_links":{"self":[{"href":"https:\/\/ztlrolamentos.com.br\/loja\/wp-json\/wp\/v2\/product\/2067","targetHints":{"allow":["GET"]}}],"collection":[{"href":"https:\/\/ztlrolamentos.com.br\/loja\/wp-json\/wp\/v2\/product"}],"about":[{"href":"https:\/\/ztlrolamentos.com.br\/loja\/wp-json\/wp\/v2\/types\/product"}],"replies":[{"embeddable":true,"href":"https:\/\/ztlrolamentos.com.br\/loja\/wp-json\/wp\/v2\/comments?post=2067"}],"wp:featuredmedia":[{"embeddable":true,"href":"https:\/\/ztlrolamentos.com.br\/loja\/wp-json\/wp\/v2\/media\/2018"}],"wp:attachment":[{"href":"https:\/\/ztlrolamentos.com.br\/loja\/wp-json\/wp\/v2\/media?parent=2067"}],"wp:term":[{"taxonomy":"product_brand","embeddable":true,"href":"https:\/\/ztlrolamentos.com.br\/loja\/wp-json\/wp\/v2\/product_brand?post=2067"},{"taxonomy":"product_cat","embeddable":true,"href":"https:\/\/ztlrolamentos.com.br\/loja\/wp-json\/wp\/v2\/product_cat?post=2067"},{"taxonomy":"product_tag","embeddable":true,"href":"https:\/\/ztlrolamentos.com.br\/loja\/wp-json\/wp\/v2\/product_tag?post=2067"}],"curies":[{"name":"wp","href":"https:\/\/api.w.org\/{rel}","templated":true}]}}