{"id":2065,"date":"2024-07-12T10:32:50","date_gmt":"2024-07-12T13:32:50","guid":{"rendered":"https:\/\/ztlrolamentos.com.br\/loja\/?post_type=product&#038;p=2065"},"modified":"2024-07-12T10:32:51","modified_gmt":"2024-07-12T13:32:51","slug":"rolamento-212049-011-roda-dianteira-int-ford-carrgo-valtra","status":"publish","type":"product","link":"https:\/\/ztlrolamentos.com.br\/loja\/produto\/rolamento-212049-011-roda-dianteira-int-ford-carrgo-valtra\/","title":{"rendered":"ROLAMENTO 212049\/011 RODA DIANTEIRA INT. FORD CARRGO\/ VALTRA"},"content":{"rendered":"<p><strong>Cont\u00e9m 1 Pe\u00e7a;<\/strong><\/p>\n<p><strong>Descri\u00e7\u00e3o do item: Rolamento roda D INT | Eixo 11\/13 Sifco\/ FE 844 Meritor Aplica com: 37823720 e com 35853525(Ford).<\/strong><\/p>\n<p><strong>Ford Cargo<\/strong><br \/>\n<strong>Valtra \u2013 Valmet Trator 60<\/strong><br \/>\n<strong>Valtra \u2013 Valmet Trator 62<\/strong><br \/>\n<strong>Valtra \u2013 Valmet Trator 65<\/strong><br \/>\n<strong>Valtra \u2013 Valmet Trator 68<\/strong><br \/>\n<strong>Valtra \u2013 Valmet Trator 78<\/strong><br \/>\n<strong>Valtra \u2013 Valmet Trator 80<\/strong><br \/>\n<strong>Valtra \u2013 Valmet Trator 85<\/strong><br \/>\n<strong>Valtra \u2013 Valmet Trator 86<\/strong><br \/>\n<strong>Valtra \u2013 Valmet Trator 88<\/strong><\/p>\n<p><strong>MEDIDAS<\/strong><\/p>\n<p><strong>Interno: 66,675 mm <\/strong><\/p>\n<p><strong>Externo: 122,238 mm <\/strong><\/p>\n<p><strong>Altura: 38,354 mm<\/strong><\/p>\n<p><strong>MARCA: ZTL \u2013 212049\/11<\/strong><\/p>\n<p><strong>As fotos deste an\u00fancio s\u00e3o meramente ilustrativas.<\/strong><br \/>\n<strong>PE\u00c7AS PARA CAMINH\u00d5ES, VANS, \u00d4NIBUS, TRATORES E M\u00c1QUINAS PESADAS<\/strong><br \/>\n<strong>______________________________________________________________<\/strong><br \/>\n<strong>Pe\u00e7as nacionais e importadas, com excelente pre\u00e7o e prazo de entrega.<\/strong><\/p>\n<p><strong>Encaminhe suas d\u00favidas na \u00e1rea de perguntas antes de comprar.<\/strong><\/p>\n<p><strong>Nossa equipe \u00e9 especializada e vai ajudar voc\u00ea a encontrar o produto certo para seu ve\u00edculo.<\/strong><\/p>\n<p><strong>PARA UMA MELHOR COMPRA:<\/strong><br \/>\n<strong>&#8211; Confira se o endere\u00e7o de entrega est\u00e1 completo e correto. Mantenha seus dados atualizados.<\/strong><br \/>\n<strong>&#8211; N\u00e3o utilize Caixa Postal como endere\u00e7o de entrega.<\/strong><br \/>\n<strong>&#8211; Antes de concretizar sua compra, tire suas d\u00favidas na \u00e1rea de perguntas.<\/strong><br \/>\n<strong>&#8211; Se necess\u00e1rio, confirme a aplica\u00e7\u00e3o com seu mec\u00e2nico.<\/strong><\/p>\n<p><strong>Muito obrigado,<\/strong><\/p>\n<p><strong>GARANTIA DE ENTREGA OU SEU DINHEIRO DE VOLTA.<\/strong><\/p>\n<p><strong>Equipe LPI COMERCIAL \u2013 Prazer em servir!<\/strong><\/p>\n<p><strong>Garantia do vendedor: 180 dias<\/strong><\/p>\n","protected":false},"excerpt":{"rendered":"<p>Cont\u00e9m 1 Pe\u00e7a; Descri\u00e7\u00e3o do item: Rolamento roda D INT | Eixo 11\/13 Sifco\/ FE 844 Meritor Aplica com: 37823720 e com 35853525(Ford). Ford Cargo Valtra \u2013 Valmet Trator 60 Valtra \u2013 Valmet Trator 62 Valtra \u2013 Valmet Trator 65 Valtra \u2013 Valmet Trator 68 Valtra \u2013 Valmet Trator 78 Valtra \u2013 Valmet Trator 80 Valtra \u2013 Valmet Trator 85 Valtra \u2013 Valmet Trator 86 Valtra \u2013 Valmet Trator 88 MEDIDAS Interno: 66,675 mm Externo: 122,238 mm Altura: 38,354 mm MARCA: ZTL \u2013 212049\/11 As fotos deste an\u00fancio s\u00e3o meramente ilustrativas. PE\u00c7AS PARA CAMINH\u00d5ES, VANS, \u00d4NIBUS, TRATORES E M\u00c1QUINAS PESADAS ______________________________________________________________ Pe\u00e7as nacionais e importadas, com excelente pre\u00e7o e prazo&hellip; <a class=\"read-more\" href=\"https:\/\/ztlrolamentos.com.br\/loja\/produto\/rolamento-212049-011-roda-dianteira-int-ford-carrgo-valtra\/\">Leia Mais<\/a><\/p>\n","protected":false},"featured_media":0,"comment_status":"open","ping_status":"closed","template":"","meta":{"_joinchat":[]},"product_brand":[],"product_cat":[148,37],"product_tag":[],"class_list":{"0":"post-2065","1":"product","2":"type-product","3":"status-publish","5":"product_cat-linha-pesada-conicos","6":"product_cat-rolamento","8":"first","9":"instock","10":"sale","11":"taxable","12":"shipping-taxable","13":"purchasable","14":"product-type-simple"},"_links":{"self":[{"href":"https:\/\/ztlrolamentos.com.br\/loja\/wp-json\/wp\/v2\/product\/2065","targetHints":{"allow":["GET"]}}],"collection":[{"href":"https:\/\/ztlrolamentos.com.br\/loja\/wp-json\/wp\/v2\/product"}],"about":[{"href":"https:\/\/ztlrolamentos.com.br\/loja\/wp-json\/wp\/v2\/types\/product"}],"replies":[{"embeddable":true,"href":"https:\/\/ztlrolamentos.com.br\/loja\/wp-json\/wp\/v2\/comments?post=2065"}],"wp:attachment":[{"href":"https:\/\/ztlrolamentos.com.br\/loja\/wp-json\/wp\/v2\/media?parent=2065"}],"wp:term":[{"taxonomy":"product_brand","embeddable":true,"href":"https:\/\/ztlrolamentos.com.br\/loja\/wp-json\/wp\/v2\/product_brand?post=2065"},{"taxonomy":"product_cat","embeddable":true,"href":"https:\/\/ztlrolamentos.com.br\/loja\/wp-json\/wp\/v2\/product_cat?post=2065"},{"taxonomy":"product_tag","embeddable":true,"href":"https:\/\/ztlrolamentos.com.br\/loja\/wp-json\/wp\/v2\/product_tag?post=2065"}],"curies":[{"name":"wp","href":"https:\/\/api.w.org\/{rel}","templated":true}]}}