{"id":2060,"date":"2024-07-12T10:09:00","date_gmt":"2024-07-12T13:09:00","guid":{"rendered":"https:\/\/ztlrolamentos.com.br\/loja\/?post_type=product&#038;p=2060"},"modified":"2024-07-12T10:09:00","modified_gmt":"2024-07-12T13:09:00","slug":"rolamento-33116-roda-trans-int-mb-915c-accelo-ext-trans","status":"publish","type":"product","link":"https:\/\/ztlrolamentos.com.br\/loja\/produto\/rolamento-33116-roda-trans-int-mb-915c-accelo-ext-trans\/","title":{"rendered":"ROLAMENTO 33116 RODA TRANS.INT.MB 915C ACCELO\/EXT.TRANS"},"content":{"rendered":"<p><strong>Cont\u00e9m 1 Pe\u00e7a;<\/strong><\/p>\n<p><strong>Descri\u00e7\u00e3o do item: Rolamento 33116 RODA TRAS.INT.MB 915C ACCELO\/ EXT. TRAS. MB ATEGO 2425<\/strong><\/p>\n<p><strong>Aplica\u00e7\u00f5es:<\/strong><\/p>\n<p><strong>Caminh\u00e3o Mercedes-Benz 1636 L &#8211; Eixo Traseiro Externo<\/strong><br \/>\n<strong>Caminh\u00e3o Mercedes-Benz 1728 &#8211; Eixo Traseiro Externo<\/strong><br \/>\n<strong>Caminh\u00e3o Mercedes-Benz 1938 LS \/ S &#8211; Eixo Traseiro Externo<\/strong><br \/>\n<strong>Caminh\u00e3o Mercedes-Benz 1944 S &#8211; Eixo Traseiro Externo<\/strong><br \/>\n<strong>Caminh\u00e3o Mercedes-Benz 2428 &#8211; Eixo Traseiro Externo<\/strong><br \/>\n<strong>Caminh\u00e3o Mercedes-Benz ACTROS 2546 LS Rodovi\u00e1rio &#8211; Eixo Traseiro Externo<\/strong><br \/>\n<strong>Caminh\u00e3o Mercedes-Benz ATEGO 1315 &#8211; Eixo Traseiro<\/strong><br \/>\n<strong>Caminh\u00e3o Mercedes-Benz ATEGO 1418 &#8211; Eixo Traseiro<\/strong><br \/>\n<strong>Caminh\u00e3o Mercedes-Benz ATEGO 1419 Plataforma &#8211; Eixo Traseiro Externo<\/strong><br \/>\n<strong>Caminh\u00e3o Mercedes-Benz ATEGO 1719 &#8211; Eixo Traseiro Externo<\/strong><br \/>\n<strong>Caminh\u00e3o Mercedes-Benz ATEGO 1725 &#8211; Eixo Traseiro Externo<\/strong><br \/>\n<strong>Caminh\u00e3o Mercedes-Benz ATEGO 1726 &#8211; Eixo Traseiro Externo<\/strong><br \/>\n<strong>Caminh\u00e3o Mercedes-Benz ATEGO 1729 &#8211; Eixo Traseiro Externo<\/strong><br \/>\n<strong>Caminh\u00e3o Mercedes-Benz ATEGO 2426 &#8211; Eixo Traseiro Externo<\/strong><br \/>\n<strong>Caminh\u00e3o Mercedes-Benz ATEGO 2429 &#8211; Eixo Traseiro Externo<\/strong><br \/>\n<strong>Caminh\u00e3o Mercedes-Benz ATRON 1319 &#8211; Eixo Traseiro Externo<\/strong><br \/>\n<strong>Caminh\u00e3o Mercedes-Benz AXOR 2533 Rodov\u00edario &#8211; Eixo Traseiro Externo<\/strong><br \/>\n<strong>Caminh\u00e3o Mercedes-Benz AXOR 2536 Rodovi\u00e1rio &#8211; Eixo Traseiro Externo<\/strong><br \/>\n<strong>Caminh\u00e3o Mercedes-Benz AXOR 2541 Rodovi\u00e1rio &#8211; Eixo Traseiro Externo<\/strong><br \/>\n<strong>Caminh\u00e3o Mercedes-Benz AXOR 2544 Rodovi\u00e1rio &#8211; Eixo Traseiro Externo<\/strong><br \/>\n<strong>Caminh\u00e3o\/\u00d4nibus Mercedes-Benz 1417 OF \/ OH &#8211; Eixo Traseiro Externo<\/strong><br \/>\n<strong>Caminh\u00e3o\/\u00d4nibus Mercedes-Benz 1622 L &#8211; Eixo Traseiro Externo<\/strong><br \/>\n<strong>Caminh\u00e3o\/\u00d4nibus Mercedes-Benz 1625 L \/ LS \/ OF &#8211; Eixo Traseiro Externo<\/strong><br \/>\n<strong>Caminh\u00e3o\/\u00d4nibus Mercedes-Benz 1632 LS \/ OH &#8211; Eixo Traseiro Externo<\/strong><br \/>\n<strong>\u00d4nibus Mercedes-Benz 1722 OF &#8211; Eixo Traseiro Externo<\/strong><br \/>\n<strong>\u00d4nibus Mercedes-Benz O 500 &#8211; Eixo Traseiro Externo<\/strong><br \/>\n<strong>\u00d4nibus Mercedes-Benz O 500 RS 1636 &#8211; Eixo Traseiro Externo<\/strong><br \/>\n<strong>\u00d4nibus Mercedes-Benz O 500 RSD 2036 &#8211; Eixo Traseiro Externo<\/strong><br \/>\n<strong>\u00d4nibus Mercedes-Benz O-500 M 1826 &#8211; Eixo Traseiro Externo<\/strong><br \/>\n<strong>\u00d4nibus Mercedes-Benz O-500 M 1826 BUGGY &#8211; Eixo Traseiro Externo<\/strong><br \/>\n<strong>\u00d4nibus Mercedes-Benz O-500 R 1830 &#8211; Eixo Traseiro Externo<\/strong><br \/>\n<strong>\u00d4nibus Mercedes-Benz O-500 RS 1836 &#8211; Eixo Traseiro Externo<\/strong><br \/>\n<strong>\u00d4nibus Mercedes-Benz O-500 RSD 2436 6X2 &#8211; Eixo Traseiro Externo<\/strong><br \/>\n<strong>\u00d4nibus Mercedes-Benz O-500 RSD 2441 6X2 &#8211; Eixo Traseiro Externo<\/strong><br \/>\n<strong>\u00d4nibus Mercedes-Benz O-500 U 1826 &#8211; Eixo Traseiro Externo<\/strong><br \/>\n<strong>\u00d4nibus Mercedes-Benz OF 1519 R &#8211; Eixo Traseiro Externo<\/strong><br \/>\n<strong>\u00d4nibus Mercedes-Benz OH-1621 L &#8211; Eixo Traseiro Externo<\/strong><\/p>\n<p><strong>MEDIDAS<\/strong><\/p>\n<p><strong>Altura [mm]: 37<\/strong><br \/>\n<strong>Di\u00e2metro exterior [mm]: 130<\/strong><br \/>\n<strong>Di\u00e2metro interior [mm]: 80<\/strong><\/p>\n<p><strong>As fotos deste an\u00fancio s\u00e3o meramente ilustrativas.<\/strong><br \/>\n<strong>PE\u00c7AS PARA CAMINH\u00d5ES, VANS, \u00d4NIBUS, TRATORES E M\u00c1QUINAS PESADAS<\/strong><br \/>\n<strong>______________________________________________________________<\/strong><br \/>\n<strong>Pe\u00e7as nacionais e importadas, com excelente pre\u00e7o e prazo de entrega.<\/strong><\/p>\n<p><strong>Encaminhe suas d\u00favidas na \u00e1rea de perguntas antes de comprar.<\/strong><\/p>\n<p><strong>Nossa equipe \u00e9 especializada e vai ajudar voc\u00ea a encontrar o produto certo para seu ve\u00edculo.<\/strong><\/p>\n<p><strong>PARA UMA MELHOR COMPRA:<\/strong><br \/>\n<strong>&#8211; Confira se o endere\u00e7o de entrega est\u00e1 completo e correto. Mantenha seus dados atualizados.<\/strong><br \/>\n<strong>&#8211; N\u00e3o utilize Caixa Postal como endere\u00e7o de entrega.<\/strong><br \/>\n<strong>&#8211; Antes de concretizar sua compra, tire suas d\u00favidas na \u00e1rea de perguntas.<\/strong><br \/>\n<strong>&#8211; Se necess\u00e1rio, confirme a aplica\u00e7\u00e3o com seu mec\u00e2nico.<\/strong><\/p>\n<p><strong>Muito obrigado,<\/strong><\/p>\n<p><strong>GARANTIA DE ENTREGA OU SEU DINHEIRO DE VOLTA.<\/strong><\/p>\n<p><strong>Equipe LPI COMERCIAL \u2013 Prazer em servir!<\/strong><\/p>\n<p><strong>Garantia do vendedor: 180 dias<\/strong><\/p>\n","protected":false},"excerpt":{"rendered":"<p><strong>MEDIDAS<\/strong><\/p>\n<p><strong>Altura [mm]: 37<\/strong><br \/>\n<strong>Di\u00e2metro exterior [mm]: 130<\/strong><br \/>\n<strong>Di\u00e2metro interior [mm]: 80<\/strong><\/p>\n","protected":false},"featured_media":2038,"comment_status":"open","ping_status":"closed","template":"","meta":{"_joinchat":[]},"product_brand":[],"product_cat":[148,37],"product_tag":[],"class_list":{"0":"post-2060","1":"product","2":"type-product","3":"status-publish","4":"has-post-thumbnail","6":"product_cat-linha-pesada-conicos","7":"product_cat-rolamento","9":"first","10":"instock","11":"sale","12":"taxable","13":"shipping-taxable","14":"purchasable","15":"product-type-simple"},"_links":{"self":[{"href":"https:\/\/ztlrolamentos.com.br\/loja\/wp-json\/wp\/v2\/product\/2060","targetHints":{"allow":["GET"]}}],"collection":[{"href":"https:\/\/ztlrolamentos.com.br\/loja\/wp-json\/wp\/v2\/product"}],"about":[{"href":"https:\/\/ztlrolamentos.com.br\/loja\/wp-json\/wp\/v2\/types\/product"}],"replies":[{"embeddable":true,"href":"https:\/\/ztlrolamentos.com.br\/loja\/wp-json\/wp\/v2\/comments?post=2060"}],"wp:featuredmedia":[{"embeddable":true,"href":"https:\/\/ztlrolamentos.com.br\/loja\/wp-json\/wp\/v2\/media\/2038"}],"wp:attachment":[{"href":"https:\/\/ztlrolamentos.com.br\/loja\/wp-json\/wp\/v2\/media?parent=2060"}],"wp:term":[{"taxonomy":"product_brand","embeddable":true,"href":"https:\/\/ztlrolamentos.com.br\/loja\/wp-json\/wp\/v2\/product_brand?post=2060"},{"taxonomy":"product_cat","embeddable":true,"href":"https:\/\/ztlrolamentos.com.br\/loja\/wp-json\/wp\/v2\/product_cat?post=2060"},{"taxonomy":"product_tag","embeddable":true,"href":"https:\/\/ztlrolamentos.com.br\/loja\/wp-json\/wp\/v2\/product_tag?post=2060"}],"curies":[{"name":"wp","href":"https:\/\/api.w.org\/{rel}","templated":true}]}}