{"id":2059,"date":"2024-07-12T09:57:49","date_gmt":"2024-07-12T12:57:49","guid":{"rendered":"https:\/\/ztlrolamentos.com.br\/loja\/?post_type=product&#038;p=2059"},"modified":"2024-07-12T09:59:48","modified_gmt":"2024-07-12T12:59:48","slug":"rolamento-32314b-pinhao-traseiro-mb-1929-1935-1941-vec-2","status":"publish","type":"product","link":"https:\/\/ztlrolamentos.com.br\/loja\/produto\/rolamento-32314b-pinhao-traseiro-mb-1929-1935-1941-vec-2\/","title":{"rendered":"ROLAMENTO 32314B PINH\u00c3O TRASEIRO MB 1929 1935 1941 &#8211; VEC"},"content":{"rendered":"<p><strong>Cont\u00e9m 1 Pe\u00e7a;<\/strong><\/p>\n<p><strong>Descri\u00e7\u00e3o do item: <em>Rolamento 32314B Pinhao Traseiro Mb 1929 1935 1941 0370 0371 &#8211; VEC<\/em><\/strong><\/p>\n<p><strong>MEDIDAS<\/strong><\/p>\n<ul>\n<li><strong>Di\u00e2metro externo: 150 mm<\/strong><\/li>\n<li><strong>Di\u00e2metro interno: 70 mm<\/strong><\/li>\n<li><strong>Largura: 54 mm<\/strong><\/li>\n<\/ul>\n<p><b>Aplica\u00e7\u00e3o<\/b><\/p>\n<p><strong>MERCEDES BENZ 1630 <\/strong><br \/>\n<strong>MERCEDES BENZ 1630 <\/strong><br \/>\n<strong>MERCEDES BENZ 1632 <\/strong><br \/>\n<strong>MERCEDES BENZ 1632 <\/strong><br \/>\n<strong>MERCEDES BENZ 1634 2001-2015 <\/strong><br \/>\n<strong>MERCEDES BENZ 1634 2001-2015 <\/strong><br \/>\n<strong>MERCEDES BENZ 1924 1976-1984 <\/strong><br \/>\n<strong>MERCEDES BENZ 1924 1976-1984 <\/strong><br \/>\n<strong>MERCEDES BENZ 1929 1985-1988 <\/strong><br \/>\n<strong>MERCEDES BENZ 1929 1985-1988 <\/strong><br \/>\n<strong>MERCEDES BENZ 1932 1985-1988 <\/strong><br \/>\n<strong>MERCEDES BENZ 1932 1985-1988 <\/strong><br \/>\n<strong>MERCEDES BENZ 1933 1988-1991 <\/strong><br \/>\n<strong>MERCEDES BENZ 1933 1988-1991 <\/strong><br \/>\n<strong>MERCEDES BENZ 1934 1988-1991 <\/strong><br \/>\n<strong>MERCEDES BENZ 1934 1988-1991 <\/strong><br \/>\n<strong>MERCEDES BENZ 1935 1990-1995 <\/strong><br \/>\n<strong>MERCEDES BENZ 1935 1990-1995 <\/strong><br \/>\n<strong>MERCEDES BENZ 1941 <\/strong><br \/>\n<strong>MERCEDES BENZ 1941 <\/strong><br \/>\n<strong>MERCEDES BENZ 1944 2002-2005 <\/strong><br \/>\n<strong>MERCEDES BENZ 1944 2002-2005 <\/strong><br \/>\n<strong>MERCEDES BENZ 2635 1994-2000 <\/strong><br \/>\n<strong>MERCEDES BENZ 2635 1994-2000 <\/strong><br \/>\n<strong>MERCEDES BENZ 2638 <\/strong><br \/>\n<strong>MERCEDES BENZ 2638 <\/strong><br \/>\n<strong>MERCEDES BENZ Actros <\/strong><br \/>\n<strong>MERCEDES BENZ Actros <\/strong><br \/>\n<strong>MERCEDES BENZ O 1984-1987 <\/strong><br \/>\n<strong>MERCEDES BENZ O 1984-1987 <\/strong><br \/>\n<strong>MERCEDES BENZ O 1987-1996 <\/strong><br \/>\n<strong>MERCEDES BENZ O 1987-1996<\/strong><\/p>\n<p><strong>As fotos deste an\u00fancio s\u00e3o meramente ilustrativas.<\/strong><br \/>\n<strong>PE\u00c7AS PARA CAMINH\u00d5ES, VANS, \u00d4NIBUS, TRATORES E M\u00c1QUINAS PESADAS<\/strong><br \/>\n<strong>______________________________________________________________<\/strong><br \/>\n<strong>Pe\u00e7as nacionais e importadas, com excelente pre\u00e7o e prazo de entrega.<\/strong><\/p>\n<p><strong>Encaminhe suas d\u00favidas na \u00e1rea de perguntas antes de comprar.<\/strong><\/p>\n<p><strong>Nossa equipe \u00e9 especializada e vai ajudar voc\u00ea a encontrar o produto certo para seu ve\u00edculo.<\/strong><\/p>\n<p><strong>PARA UMA MELHOR COMPRA:<\/strong><br \/>\n<strong>&#8211; Confira se o endere\u00e7o de entrega est\u00e1 completo e correto. Mantenha seus dados atualizados.<\/strong><br \/>\n<strong>&#8211; N\u00e3o utilize Caixa Postal como endere\u00e7o de entrega.<\/strong><br \/>\n<strong>&#8211; Antes de concretizar sua compra, tire suas d\u00favidas na \u00e1rea de perguntas.<\/strong><br \/>\n<strong>&#8211; Se necess\u00e1rio, confirme a aplica\u00e7\u00e3o com seu mec\u00e2nico.<\/strong><\/p>\n<p><strong>Muito obrigado,<\/strong><\/p>\n<p><strong>GARANTIA DE ENTREGA OU SEU DINHEIRO DE VOLTA.<\/strong><\/p>\n<p><strong>Equipe LPI COMERCIAL \u2013 Prazer em servir!<\/strong><\/p>\n<p><strong>Garantia do vendedor: 180 dias<\/strong><\/p>\n","protected":false},"excerpt":{"rendered":"<p><strong>MEDIDAS<\/strong><\/p>\n<ul>\n<li><strong>Di\u00e2metro externo: 150 mm<\/strong><\/li>\n<li><strong>Di\u00e2metro interno: 70 mm<\/strong><\/li>\n<li><strong>Largura: 54 mm<\/strong><\/li>\n<\/ul>\n","protected":false},"featured_media":1903,"comment_status":"open","ping_status":"closed","template":"","meta":{"_joinchat":[]},"product_brand":[],"product_cat":[148,37],"product_tag":[],"class_list":{"0":"post-2059","1":"product","2":"type-product","3":"status-publish","4":"has-post-thumbnail","6":"product_cat-linha-pesada-conicos","7":"product_cat-rolamento","9":"first","10":"instock","11":"sale","12":"taxable","13":"shipping-taxable","14":"purchasable","15":"product-type-simple"},"_links":{"self":[{"href":"https:\/\/ztlrolamentos.com.br\/loja\/wp-json\/wp\/v2\/product\/2059","targetHints":{"allow":["GET"]}}],"collection":[{"href":"https:\/\/ztlrolamentos.com.br\/loja\/wp-json\/wp\/v2\/product"}],"about":[{"href":"https:\/\/ztlrolamentos.com.br\/loja\/wp-json\/wp\/v2\/types\/product"}],"replies":[{"embeddable":true,"href":"https:\/\/ztlrolamentos.com.br\/loja\/wp-json\/wp\/v2\/comments?post=2059"}],"wp:featuredmedia":[{"embeddable":true,"href":"https:\/\/ztlrolamentos.com.br\/loja\/wp-json\/wp\/v2\/media\/1903"}],"wp:attachment":[{"href":"https:\/\/ztlrolamentos.com.br\/loja\/wp-json\/wp\/v2\/media?parent=2059"}],"wp:term":[{"taxonomy":"product_brand","embeddable":true,"href":"https:\/\/ztlrolamentos.com.br\/loja\/wp-json\/wp\/v2\/product_brand?post=2059"},{"taxonomy":"product_cat","embeddable":true,"href":"https:\/\/ztlrolamentos.com.br\/loja\/wp-json\/wp\/v2\/product_cat?post=2059"},{"taxonomy":"product_tag","embeddable":true,"href":"https:\/\/ztlrolamentos.com.br\/loja\/wp-json\/wp\/v2\/product_tag?post=2059"}],"curies":[{"name":"wp","href":"https:\/\/api.w.org\/{rel}","templated":true}]}}