{"id":2051,"date":"2024-07-12T08:16:24","date_gmt":"2024-07-12T11:16:24","guid":{"rendered":"https:\/\/ztlrolamentos.com.br\/loja\/?post_type=product&#038;p=2051"},"modified":"2024-07-12T08:33:32","modified_gmt":"2024-07-12T11:33:32","slug":"rolamento-cubo-dianteiro-572813a-bt10084-vec-2","status":"publish","type":"product","link":"https:\/\/ztlrolamentos.com.br\/loja\/produto\/rolamento-cubo-dianteiro-572813a-bt10084-vec-2\/","title":{"rendered":"ROLAMENTO CUBO DIANTEIRO 572813A BT10084 &#8211; VEC"},"content":{"rendered":"<p><strong>Cont\u00e9m 1 Pe\u00e7a;<\/strong><\/p>\n<p>Descri\u00e7\u00e3o do item: Rolamento Cubo Dianteiro 572813A Bt10084 MERCEDES AXOR\/ATEGO\/ACTROS &#8211; VEC<\/p>\n<p style=\"font-weight: 400\"><strong>Aplicado nos Modelos:<\/strong><\/p>\n<p style=\"font-weight: 400\"><strong>Cubo de roda Dianteiro Interno Actros 2646 11<\/strong><\/p>\n<p style=\"font-weight: 400\"><strong>Cubo de roda Dianteiro Interno Actros 2655 12<\/strong><\/p>\n<p style=\"font-weight: 400\"><strong>Cubo de roda Dianteiro Interno Axor 1933 05<\/strong><\/p>\n<p style=\"font-weight: 400\"><strong>Cubo de roda Dianteiro Interno 2641 12<\/strong><\/p>\n<p style=\"font-weight: 400\"><strong>Cubo de roda Dianteiro Interno 2644 05<\/strong><\/p>\n<p style=\"font-weight: 400\"><strong>Cubo de roda Dianteiro Interno\u00a0 1944 02\/05<\/strong><\/p>\n<p style=\"font-weight: 400\"><strong>Para Montadora: Mercedes-Benz<\/strong><\/p>\n<p style=\"font-weight: 400\"><strong>Marca: VEC<\/strong><\/p>\n<p>&nbsp;<\/p>\n<p><strong>MEDIDAS<\/strong><\/p>\n<p><strong>Di\u00e2metro interior [mm]: 69,00\u00a0<\/strong><\/p>\n<p><strong>Di\u00e2metro exterior [mm]: 150,00 <\/strong><\/p>\n<p><strong>Largura [mm]: 65,00.<\/strong><\/p>\n<p>&nbsp;<\/p>\n<p><strong>As fotos deste an<\/strong><strong>\u00fancio s\u00e3o meramente ilustrativas.<\/strong><\/p>\n<p><strong>PE\u00c7AS PARA CAMINH\u00d5ES, VANS, \u00d4NIBUS, TRATORES E M\u00c1QUINAS PESADAS<br \/>\n______________________________________________________________<br \/>\nPe\u00e7as nacionais e importadas, com excelente pre\u00e7o e prazo de entrega.<\/strong><\/p>\n<p><strong>As fotos deste an\u00fancio s\u00e3o meramente ilustrativas.<\/strong><br \/>\n<strong>PE\u00c7AS PARA CAMINH\u00d5ES, VANS, \u00d4NIBUS, TRATORES E M\u00c1QUINAS PESADAS<\/strong><br \/>\n<strong>______________________________________________________________<\/strong><br \/>\n<strong>Pe\u00e7as nacionais e importadas, com excelente pre\u00e7o e prazo de entrega.<\/strong><\/p>\n<p><strong>Encaminhe suas d\u00favidas na \u00e1rea de perguntas antes de comprar.<\/strong><\/p>\n<p><strong>Nossa equipe \u00e9 especializada e vai ajudar voc\u00ea a encontrar o produto certo para seu ve\u00edculo.<\/strong><\/p>\n<p><strong>PARA UMA MELHOR COMPRA:<\/strong><br \/>\n<strong>&#8211; Confira se o endere\u00e7o de entrega est\u00e1 completo e correto. Mantenha seus dados atualizados.<\/strong><br \/>\n<strong>&#8211; N\u00e3o utilize Caixa Postal como endere\u00e7o de entrega.<\/strong><br \/>\n<strong>&#8211; Antes de concretizar sua compra, tire suas d\u00favidas na \u00e1rea de perguntas.<\/strong><br \/>\n<strong>&#8211; Se necess\u00e1rio, confirme a aplica\u00e7\u00e3o com seu mec\u00e2nico.<\/strong><\/p>\n<p><strong>Muito obrigado,<\/strong><\/p>\n<p><strong>GARANTIA DE ENTREGA OU SEU DINHEIRO DE VOLTA.<\/strong><\/p>\n<p><strong>Equipe LPI COMERCIAL \u2013 Prazer em servir!<\/strong><\/p>\n<p><strong>Garantia do vendedor: 180 dias<\/strong><\/p>\n","protected":false},"excerpt":{"rendered":"<p>Cont\u00e9m 1 Pe\u00e7a; Descri\u00e7\u00e3o do item: Rolamento Cubo Dianteiro 572813A Bt10084 MERCEDES AXOR\/ATEGO\/ACTROS &#8211; VEC Aplicado nos Modelos: Cubo de roda Dianteiro Interno Actros 2646 11 Cubo de roda Dianteiro Interno Actros 2655 12 Cubo de roda Dianteiro Interno Axor 1933 05 Cubo de roda Dianteiro Interno 2641 12 Cubo de roda Dianteiro Interno 2644 05 Cubo de roda Dianteiro Interno\u00a0 1944 02\/05 Para Montadora: Mercedes-Benz Marca: VEC &nbsp; MEDIDAS Di\u00e2metro interior [mm]: 69,00\u00a0 Di\u00e2metro exterior [mm]: 150,00 Largura [mm]: 65,00. &nbsp; As fotos deste an\u00fancio s\u00e3o meramente ilustrativas. PE\u00c7AS PARA CAMINH\u00d5ES, VANS, \u00d4NIBUS, TRATORES E M\u00c1QUINAS PESADAS ______________________________________________________________ Pe\u00e7as nacionais e importadas, com excelente pre\u00e7o e prazo de entrega.&hellip; <a class=\"read-more\" href=\"https:\/\/ztlrolamentos.com.br\/loja\/produto\/rolamento-cubo-dianteiro-572813a-bt10084-vec-2\/\">Leia Mais<\/a><\/p>\n","protected":false},"featured_media":2005,"comment_status":"open","ping_status":"closed","template":"","meta":{"_joinchat":[]},"product_brand":[],"product_cat":[40,148,37],"product_tag":[],"class_list":{"0":"post-2051","1":"product","2":"type-product","3":"status-publish","4":"has-post-thumbnail","6":"product_cat-cubo-de-roda","7":"product_cat-linha-pesada-conicos","8":"product_cat-rolamento","10":"first","11":"instock","12":"sale","13":"taxable","14":"shipping-taxable","15":"purchasable","16":"product-type-simple"},"_links":{"self":[{"href":"https:\/\/ztlrolamentos.com.br\/loja\/wp-json\/wp\/v2\/product\/2051","targetHints":{"allow":["GET"]}}],"collection":[{"href":"https:\/\/ztlrolamentos.com.br\/loja\/wp-json\/wp\/v2\/product"}],"about":[{"href":"https:\/\/ztlrolamentos.com.br\/loja\/wp-json\/wp\/v2\/types\/product"}],"replies":[{"embeddable":true,"href":"https:\/\/ztlrolamentos.com.br\/loja\/wp-json\/wp\/v2\/comments?post=2051"}],"wp:featuredmedia":[{"embeddable":true,"href":"https:\/\/ztlrolamentos.com.br\/loja\/wp-json\/wp\/v2\/media\/2005"}],"wp:attachment":[{"href":"https:\/\/ztlrolamentos.com.br\/loja\/wp-json\/wp\/v2\/media?parent=2051"}],"wp:term":[{"taxonomy":"product_brand","embeddable":true,"href":"https:\/\/ztlrolamentos.com.br\/loja\/wp-json\/wp\/v2\/product_brand?post=2051"},{"taxonomy":"product_cat","embeddable":true,"href":"https:\/\/ztlrolamentos.com.br\/loja\/wp-json\/wp\/v2\/product_cat?post=2051"},{"taxonomy":"product_tag","embeddable":true,"href":"https:\/\/ztlrolamentos.com.br\/loja\/wp-json\/wp\/v2\/product_tag?post=2051"}],"curies":[{"name":"wp","href":"https:\/\/api.w.org\/{rel}","templated":true}]}}