{"id":2047,"date":"2024-07-11T16:43:30","date_gmt":"2024-07-11T19:43:30","guid":{"rendered":"https:\/\/ztlrolamentos.com.br\/loja\/?post_type=product&#038;p=2047"},"modified":"2024-07-12T08:32:05","modified_gmt":"2024-07-12T11:32:05","slug":"rolamento-roda-traseira-carreta-moderna-804358","status":"publish","type":"product","link":"https:\/\/ztlrolamentos.com.br\/loja\/produto\/rolamento-roda-traseira-carreta-moderna-804358\/","title":{"rendered":"ROLAMENTO RODA TRASEIRA CARRETA MODERNA 804358"},"content":{"rendered":"<p><strong>Cont\u00e9m 1 Pe\u00e7a;<\/strong><\/p>\n<p><strong>Descri\u00e7\u00e3o do item: 804358 Rolamento Roda Traseira Carreta Moderna<\/strong><\/p>\n<p><strong>APLICA\u00c7\u00c3O:<\/strong><\/p>\n<p><strong>Randon 205 &#8211; ANO 1994 &gt; &#8211; COMBUST\u00cdVEL Todos<\/strong><br \/>\n<strong>Randon Carreta &#8211; ANO 1994 &gt; &#8211; COMBUST\u00cdVEL Todos<\/strong><br \/>\n<strong>Randon RK425B &#8211; ANO 1994 &gt; &#8211; COMBUST\u00cdVEL Todos<\/strong><br \/>\n<strong>Volvo VM17 &#8211; ANO Todos &#8211; COMBUST\u00cdVEL Todos<\/strong><br \/>\n<strong>Volvo VM23 &#8211; ANO Todos &#8211; COMBUST\u00cdVEL Todos<\/strong><br \/>\n<strong>Rolamento roda carreta \u2013 eixo T INT\/EXT | Randon. 24 roletes. Nome popular: 32216 EXTRA LARGO.<\/strong><\/p>\n<p><strong>Interno: 80,000 mm Externo: 140,000 mm Altura: 39,250 mm<\/strong><\/p>\n<p><strong>MARCA: ZTL \u2013 804358<\/strong><\/p>\n<p><strong>As fotos deste an\u00fancio s\u00e3o meramente ilustrativas.<\/strong><br \/>\n<strong>PE\u00c7AS PARA CAMINH\u00d5ES, VANS, \u00d4NIBUS, TRATORES E M\u00c1QUINAS PESADAS<\/strong><br \/>\n<strong>______________________________________________________________<\/strong><br \/>\n<strong>Pe\u00e7as nacionais e importadas, com excelente pre\u00e7o e prazo de entrega.<\/strong><\/p>\n<p><strong>Encaminhe suas d\u00favidas na \u00e1rea de perguntas antes de comprar.<\/strong><\/p>\n<p><strong>Nossa equipe \u00e9 especializada e vai ajudar voc\u00ea a encontrar o produto certo para seu ve\u00edculo.<\/strong><\/p>\n<p><strong>PARA UMA MELHOR COMPRA:<\/strong><br \/>\n<strong>&#8211; Confira se o endere\u00e7o de entrega est\u00e1 completo e correto. Mantenha seus dados atualizados.<\/strong><br \/>\n<strong>&#8211; N\u00e3o utilize Caixa Postal como endere\u00e7o de entrega.<\/strong><br \/>\n<strong>&#8211; Antes de concretizar sua compra, tire suas d\u00favidas na \u00e1rea de perguntas.<\/strong><br \/>\n<strong>&#8211; Se necess\u00e1rio, confirme a aplica\u00e7\u00e3o com seu mec\u00e2nico.<\/strong><\/p>\n<p><strong>Muito obrigado,<\/strong><\/p>\n<p><strong>GARANTIA DE ENTREGA OU SEU DINHEIRO DE VOLTA.<\/strong><\/p>\n<p><strong>Equipe LPI COMERCIAL \u2013 Prazer em servir!<\/strong><\/p>\n<p>Garantia do vendedor: 180 dias<\/p>\n","protected":false},"excerpt":{"rendered":"<p>Cont\u00e9m 1 Pe\u00e7a; Descri\u00e7\u00e3o do item: 804358 Rolamento Roda Traseira Carreta Moderna APLICA\u00c7\u00c3O: Randon 205 &#8211; ANO 1994 &gt; &#8211; COMBUST\u00cdVEL Todos Randon Carreta &#8211; ANO 1994 &gt; &#8211; COMBUST\u00cdVEL Todos Randon RK425B &#8211; ANO 1994 &gt; &#8211; COMBUST\u00cdVEL Todos Volvo VM17 &#8211; ANO Todos &#8211; COMBUST\u00cdVEL Todos Volvo VM23 &#8211; ANO Todos &#8211; COMBUST\u00cdVEL Todos Rolamento roda carreta \u2013 eixo T INT\/EXT | Randon. 24 roletes. Nome popular: 32216 EXTRA LARGO. Interno: 80,000 mm Externo: 140,000 mm Altura: 39,250 mm MARCA: ZTL \u2013 804358 As fotos deste an\u00fancio s\u00e3o meramente ilustrativas. PE\u00c7AS PARA CAMINH\u00d5ES, VANS, \u00d4NIBUS, TRATORES E M\u00c1QUINAS PESADAS ______________________________________________________________ Pe\u00e7as nacionais e importadas, com excelente pre\u00e7o e&hellip; <a class=\"read-more\" href=\"https:\/\/ztlrolamentos.com.br\/loja\/produto\/rolamento-roda-traseira-carreta-moderna-804358\/\">Leia Mais<\/a><\/p>\n","protected":false},"featured_media":0,"comment_status":"open","ping_status":"closed","template":"","meta":{"_joinchat":[]},"product_brand":[],"product_cat":[148,37],"product_tag":[],"class_list":{"0":"post-2047","1":"product","2":"type-product","3":"status-publish","5":"product_cat-linha-pesada-conicos","6":"product_cat-rolamento","8":"first","9":"instock","10":"sale","11":"taxable","12":"shipping-taxable","13":"purchasable","14":"product-type-simple"},"_links":{"self":[{"href":"https:\/\/ztlrolamentos.com.br\/loja\/wp-json\/wp\/v2\/product\/2047","targetHints":{"allow":["GET"]}}],"collection":[{"href":"https:\/\/ztlrolamentos.com.br\/loja\/wp-json\/wp\/v2\/product"}],"about":[{"href":"https:\/\/ztlrolamentos.com.br\/loja\/wp-json\/wp\/v2\/types\/product"}],"replies":[{"embeddable":true,"href":"https:\/\/ztlrolamentos.com.br\/loja\/wp-json\/wp\/v2\/comments?post=2047"}],"wp:attachment":[{"href":"https:\/\/ztlrolamentos.com.br\/loja\/wp-json\/wp\/v2\/media?parent=2047"}],"wp:term":[{"taxonomy":"product_brand","embeddable":true,"href":"https:\/\/ztlrolamentos.com.br\/loja\/wp-json\/wp\/v2\/product_brand?post=2047"},{"taxonomy":"product_cat","embeddable":true,"href":"https:\/\/ztlrolamentos.com.br\/loja\/wp-json\/wp\/v2\/product_cat?post=2047"},{"taxonomy":"product_tag","embeddable":true,"href":"https:\/\/ztlrolamentos.com.br\/loja\/wp-json\/wp\/v2\/product_tag?post=2047"}],"curies":[{"name":"wp","href":"https:\/\/api.w.org\/{rel}","templated":true}]}}