{"id":2042,"date":"2024-07-11T15:41:22","date_gmt":"2024-07-11T18:41:22","guid":{"rendered":"https:\/\/ztlrolamentos.com.br\/loja\/?post_type=product&#038;p=2042"},"modified":"2024-07-12T08:31:21","modified_gmt":"2024-07-12T11:31:21","slug":"2042","status":"publish","type":"product","link":"https:\/\/ztlrolamentos.com.br\/loja\/produto\/2042\/","title":{"rendered":"ROLAMENTO RODA TRASEIRA MERCEDES BENZ SCANIA VOLVO VW 32218"},"content":{"rendered":"<p><strong>Cont\u00e9m 1 Pe\u00e7a;<\/strong><\/p>\n<p><strong>Descri\u00e7\u00e3o do item: Rolamento MB\/MERCEDES BENZ: 32218<\/strong><\/p>\n<p><strong>1513 L \/ LB \/ LG \/ LK \/ LS (3\u00ba eixo)<\/strong><br \/>\n<strong>1513 LA \/ LAK (3\u00ba eixo)<\/strong><br \/>\n<strong>1514 L \/ LK \/ LS (3\u00ba eixo)<\/strong><br \/>\n<strong>1516 L \/ LA \/ LAK \/ LB \/ LG \/ LK \/ LS (3\u00ba eixo)<\/strong><br \/>\n<strong>1517 L \/ LK \/ OF \/ OH (3\u00ba eixo)<\/strong><br \/>\n<strong>1518 L \/ LK \/ LS \/ OF \/ OH (3\u00ba eixo)<\/strong><br \/>\n<strong>1519 L \/ LAK \/ LB \/ LG \/ LK \/ LS \/ OH (3\u00ba eixo)<\/strong><br \/>\n<strong>1520 L \/ LK \/ LS \/ OF \/ OH (3\u00ba eixo)<\/strong><br \/>\n<strong>1524 L \/ LK \/ LS (3\u00ba eixo)<\/strong><br \/>\n<strong>1525 L \/ LK \/ LS (3\u00ba eixo)<\/strong><br \/>\n<strong>331 L \/ LPK \/ LPS ano 1964<\/strong><\/p>\n<p><strong>SCANIA:<\/strong><\/p>\n<p><strong>101 L \/ LS (externo e interno)<\/strong><br \/>\n<strong>110 L \/ LS (externo e interno)<\/strong><br \/>\n<strong>110B (externo e interno)<\/strong><br \/>\n<strong>111B (externo e interno)<\/strong><br \/>\n<strong>111B Articulado (externo e interno)<\/strong><br \/>\n<strong>111 L \/ LS \/ LT (externo e interno)<\/strong><br \/>\n<strong>112 F \/ K \/ R \/ S \/ T AD 90&#8243;8X20&#8243; (externo e interno)<\/strong><br \/>\n<strong>113 K \/ R \/ T AD\/AS 90&#8243;8X20&#8243; at\u00e9 chassi 3459105 (externo e interno)<\/strong><br \/>\n<strong>115 BR (externo e interno)<\/strong><br \/>\n<strong>116 BR (externo e interno)<\/strong><br \/>\n<strong>142 MA 4X2 R AD 90&#8243;8X20&#8243; (externo e interno)<\/strong><br \/>\n<strong>143 R \/ T AD\/AS 90&#8243;8X20&#8243; (externo e interno)<\/strong><br \/>\n<strong>75 B \/ L \/ LS (externo e interno)<\/strong><br \/>\n<strong>76 B \/ L \/ LS (externo e interno)<\/strong><\/p>\n<p><strong>VW\/VOLKSWAGEN:<\/strong><\/p>\n<p><strong>17-180 6&#215;2 Terceiro Eixo (externo e interno)<\/strong><br \/>\n<strong>17-220 6&#215;2 Terceiro Eixo (externo e interno)<\/strong><br \/>\n<strong>24-220 6&#215;2 Terceiro Eixo (externo e interno)<\/strong><\/p>\n<p><strong>VOLVO:<\/strong><\/p>\n<p><strong>Volvo VM17<\/strong><br \/>\n<strong>Volvo VM23<\/strong><\/p>\n<p><strong>Rolamento roda carreta \u2013 eixo T INT\/EXT | Todas as carretas. 20 roletes.<\/strong><\/p>\n<p><strong>Interno: 90,000 mm <\/strong><\/p>\n<p><strong>Externo: 160,000 mm <\/strong><\/p>\n<p><strong>Altura: 42,500 mm<\/strong><\/p>\n<p><strong>MARCA: VEC \u2013 32218<\/strong><\/p>\n<p><strong>As fotos deste an\u00fancio s\u00e3o meramente ilustrativas.<\/strong><br \/>\n<strong>PE\u00c7AS PARA CAMINH\u00d5ES, VANS, \u00d4NIBUS, TRATORES E M\u00c1QUINAS PESADAS<\/strong><br \/>\n<strong>______________________________________________________________<\/strong><br \/>\n<strong>Pe\u00e7as nacionais e importadas, com excelente pre\u00e7o e prazo de entrega.<\/strong><\/p>\n<p><strong>Encaminhe suas d\u00favidas na \u00e1rea de perguntas antes de comprar.<\/strong><\/p>\n<p><strong>Nossa equipe \u00e9 especializada e vai ajudar voc\u00ea a encontrar o produto certo para seu ve\u00edculo.<\/strong><\/p>\n<p><strong>PARA UMA MELHOR COMPRA:<\/strong><br \/>\n<strong>&#8211; Confira se o endere\u00e7o de entrega est\u00e1 completo e correto. Mantenha seus dados atualizados.<\/strong><br \/>\n<strong>&#8211; N\u00e3o utilize Caixa Postal como endere\u00e7o de entrega.<\/strong><br \/>\n<strong>&#8211; Antes de concretizar sua compra, tire suas d\u00favidas na \u00e1rea de perguntas.<\/strong><br \/>\n<strong>&#8211; Se necess\u00e1rio, confirme a aplica\u00e7\u00e3o com seu mec\u00e2nico.<\/strong><\/p>\n<p><strong>Muito obrigado,<\/strong><\/p>\n<p><strong>GARANTIA DE ENTREGA OU SEU DINHEIRO DE VOLTA.<\/strong><\/p>\n<p><strong>Equipe LPI COMERCIAL \u2013 Prazer em servir!<\/strong><\/p>\n<p><strong>Garantia do vendedor: 180 dias<\/strong><\/p>\n","protected":false},"excerpt":{"rendered":"<p>Rolamento roda carreta \u2013 eixo T INT\/EXT | Todas as carretas. 20 roletes.<\/p>\n<p>Interno: 90,000 mm<\/p>\n<p>Externo: 160,000 mm<\/p>\n<p>Altura: 42,500 mm<\/p>\n<p>MARCA: VEC \u2013 32218<\/p>\n","protected":false},"featured_media":2043,"comment_status":"open","ping_status":"closed","template":"","meta":{"_joinchat":[]},"product_brand":[],"product_cat":[148,37],"product_tag":[],"class_list":{"0":"post-2042","1":"product","2":"type-product","3":"status-publish","4":"has-post-thumbnail","6":"product_cat-linha-pesada-conicos","7":"product_cat-rolamento","9":"first","10":"instock","11":"sale","12":"taxable","13":"shipping-taxable","14":"purchasable","15":"product-type-simple"},"_links":{"self":[{"href":"https:\/\/ztlrolamentos.com.br\/loja\/wp-json\/wp\/v2\/product\/2042","targetHints":{"allow":["GET"]}}],"collection":[{"href":"https:\/\/ztlrolamentos.com.br\/loja\/wp-json\/wp\/v2\/product"}],"about":[{"href":"https:\/\/ztlrolamentos.com.br\/loja\/wp-json\/wp\/v2\/types\/product"}],"replies":[{"embeddable":true,"href":"https:\/\/ztlrolamentos.com.br\/loja\/wp-json\/wp\/v2\/comments?post=2042"}],"wp:featuredmedia":[{"embeddable":true,"href":"https:\/\/ztlrolamentos.com.br\/loja\/wp-json\/wp\/v2\/media\/2043"}],"wp:attachment":[{"href":"https:\/\/ztlrolamentos.com.br\/loja\/wp-json\/wp\/v2\/media?parent=2042"}],"wp:term":[{"taxonomy":"product_brand","embeddable":true,"href":"https:\/\/ztlrolamentos.com.br\/loja\/wp-json\/wp\/v2\/product_brand?post=2042"},{"taxonomy":"product_cat","embeddable":true,"href":"https:\/\/ztlrolamentos.com.br\/loja\/wp-json\/wp\/v2\/product_cat?post=2042"},{"taxonomy":"product_tag","embeddable":true,"href":"https:\/\/ztlrolamentos.com.br\/loja\/wp-json\/wp\/v2\/product_tag?post=2042"}],"curies":[{"name":"wp","href":"https:\/\/api.w.org\/{rel}","templated":true}]}}