{"id":2026,"date":"2024-07-11T14:00:58","date_gmt":"2024-07-11T17:00:58","guid":{"rendered":"https:\/\/ztlrolamentos.com.br\/loja\/?post_type=product&#038;p=2026"},"modified":"2024-07-12T08:27:50","modified_gmt":"2024-07-12T11:27:50","slug":"rolamento-vkhb-4109-55x90x70mm-vec","status":"publish","type":"product","link":"https:\/\/ztlrolamentos.com.br\/loja\/produto\/rolamento-vkhb-4109-55x90x70mm-vec\/","title":{"rendered":"ROLAMENTO &#8211; VKHB 4109 &#8211; 55X90X70MM &#8211; VEC"},"content":{"rendered":"<p><strong>Cont\u00e9m 1 Pe\u00e7a;<\/strong><\/p>\n<p><strong>Descri\u00e7\u00e3o do item: <em>Rolamento VKHB 4109 &#8211; VEC<\/em><\/strong><\/p>\n<p><strong>Aplica\u00e7\u00e3o:<\/strong><\/p>\n<p><strong>VOLKSWAGEN DELIVERY 11.180 2018<\/strong><br \/>\n<strong>VOLKSWAGEN DELIVERY 11.180 2019<\/strong><br \/>\n<strong>VOLKSWAGEN DELIVERY 11.180 2020<\/strong><br \/>\n<strong>VOLKSWAGEN DELIVERY 13.180 2019<\/strong><br \/>\n<strong>VOLKSWAGEN DELIVERY 13.180 2020<\/strong><br \/>\n<strong>VOLKSWAGEN DELIVERY 4.150 2019 DIANTEIRO E TRASEIRO AP\u00d3S 2019 RODAGEM SIMPLES<\/strong><br \/>\n<strong>VOLKSWAGEN DELIVERY 4.150 2020<\/strong><br \/>\n<strong>VOLKSWAGEN DELIVERY 6.150 DIANTEIRO E TRASEIRO AP\u00d3S 2018 RODAGEM SIMPLES<\/strong><br \/>\n<strong>VOLKSWAGEN DELIVERY 6.160 2017<\/strong><br \/>\n<strong>VOLKSWAGEN DELIVERY 6.160 2018<\/strong><br \/>\n<strong>VOLKSWAGEN DELIVERY 6.160 2019<\/strong><br \/>\n<strong>VOLKSWAGEN DELIVERY 6.160 2020<\/strong><br \/>\n<strong>VOLKSWAGEN DELIVERY 9.170 2018<\/strong><br \/>\n<strong>VOLKSWAGEN DELIVERY 9.170 2019<\/strong><br \/>\n<strong>VOLKSWAGEN DELIVERY 9.170 2020<\/strong><\/p>\n<p><strong>Marca: VEC<\/strong><\/p>\n<p><strong>Di\u00e2metro Interno <\/strong><strong>55<\/strong><\/p>\n<p><strong>Di\u00e2metro Externo <\/strong><strong>90<\/strong><\/p>\n<p><strong>Altura Total. (mm) <\/strong><strong>70<\/strong><\/p>\n<p><strong>As fotos deste an\u00fancio s\u00e3o meramente ilustrativas.<\/strong><br \/>\n<strong>PE\u00c7AS PARA CAMINH\u00d5ES, VANS, \u00d4NIBUS, TRATORES E M\u00c1QUINAS PESADAS<\/strong><\/p>\n<p><strong>Pe\u00e7as nacionais e importadas, com excelente pre\u00e7o e prazo de entrega.<\/strong><\/p>\n<p><strong>Encaminhe suas d\u00favidas na \u00e1rea de perguntas antes de comprar.<\/strong><\/p>\n<p><strong>Nossa equipe \u00e9 especializada e vai ajudar voc\u00ea a encontrar o produto certo para seu ve\u00edculo.<\/strong><\/p>\n<p><strong>PARA UMA MELHOR COMPRA:<\/strong><\/p>\n<p><strong>Confira se o endere\u00e7o de entrega est\u00e1 completo e correto. Mantenha seus dados atualizados.<\/strong><br \/>\n<strong>N\u00e3o utilize Caixa Postal como endere\u00e7o de entrega.<\/strong><br \/>\n<strong>Antes de concretizar sua compra, tire suas d\u00favidas na \u00e1rea de perguntas.<\/strong><br \/>\n<strong>Se necess\u00e1rio, confirme a aplica\u00e7\u00e3o com seu mec\u00e2nico.<\/strong><br \/>\n<strong>Muito obrigado,<\/strong><\/p>\n<p><strong>GARANTIA DE ENTREGA OU SEU DINHEIRO DE VOLTA.<\/strong><\/p>\n<p><strong>Equipe LPI COMERCIAL \u2013 Prazer em servir!<\/strong><\/p>\n<p><strong>Garantia do vendedor: 180 dias<\/strong><\/p>\n","protected":false},"excerpt":{"rendered":"<p>Marca: VEC<\/p>\n<p>Di\u00e2metro Interno 55<\/p>\n<p>Di\u00e2metro Externo 90<\/p>\n<p>Altura Total. (mm) 70<\/p>\n","protected":false},"featured_media":2027,"comment_status":"open","ping_status":"closed","template":"","meta":{"_joinchat":[]},"product_brand":[],"product_cat":[148,37],"product_tag":[],"class_list":{"0":"post-2026","1":"product","2":"type-product","3":"status-publish","4":"has-post-thumbnail","6":"product_cat-linha-pesada-conicos","7":"product_cat-rolamento","9":"first","10":"instock","11":"sale","12":"taxable","13":"shipping-taxable","14":"purchasable","15":"product-type-simple"},"_links":{"self":[{"href":"https:\/\/ztlrolamentos.com.br\/loja\/wp-json\/wp\/v2\/product\/2026","targetHints":{"allow":["GET"]}}],"collection":[{"href":"https:\/\/ztlrolamentos.com.br\/loja\/wp-json\/wp\/v2\/product"}],"about":[{"href":"https:\/\/ztlrolamentos.com.br\/loja\/wp-json\/wp\/v2\/types\/product"}],"replies":[{"embeddable":true,"href":"https:\/\/ztlrolamentos.com.br\/loja\/wp-json\/wp\/v2\/comments?post=2026"}],"wp:featuredmedia":[{"embeddable":true,"href":"https:\/\/ztlrolamentos.com.br\/loja\/wp-json\/wp\/v2\/media\/2027"}],"wp:attachment":[{"href":"https:\/\/ztlrolamentos.com.br\/loja\/wp-json\/wp\/v2\/media?parent=2026"}],"wp:term":[{"taxonomy":"product_brand","embeddable":true,"href":"https:\/\/ztlrolamentos.com.br\/loja\/wp-json\/wp\/v2\/product_brand?post=2026"},{"taxonomy":"product_cat","embeddable":true,"href":"https:\/\/ztlrolamentos.com.br\/loja\/wp-json\/wp\/v2\/product_cat?post=2026"},{"taxonomy":"product_tag","embeddable":true,"href":"https:\/\/ztlrolamentos.com.br\/loja\/wp-json\/wp\/v2\/product_tag?post=2026"}],"curies":[{"name":"wp","href":"https:\/\/api.w.org\/{rel}","templated":true}]}}