{"id":2022,"date":"2024-07-11T13:49:58","date_gmt":"2024-07-11T16:49:58","guid":{"rendered":"https:\/\/ztlrolamentos.com.br\/loja\/?post_type=product&#038;p=2022"},"modified":"2024-07-12T08:27:21","modified_gmt":"2024-07-12T11:27:21","slug":"rolamento-559-552-de-roda-dianteira-para-mercedes-benz-1414-vec","status":"publish","type":"product","link":"https:\/\/ztlrolamentos.com.br\/loja\/produto\/rolamento-559-552-de-roda-dianteira-para-mercedes-benz-1414-vec\/","title":{"rendered":"ROLAMENTO 559\/552 DE RODA DIANTEIRA PARA MERCEDES BENZ 1414 &#8211; VEC"},"content":{"rendered":"<p><strong>Cont\u00e9m 1 Pe\u00e7a;<\/strong><\/p>\n<p>&nbsp;<\/p>\n<p><strong>Descri\u00e7\u00e3o do item: Rolamento 559\/552 de Roda Dianteira para Mercedes Benz 1414, 1416, 1417, 1418, 1422, 1513, 1514, 1516, 1518, 1521, Cargo 1517 3 Eixos (Todos Diesel)<\/strong><\/p>\n<p><strong>ROLAMENTO CUBO DT INTERNO MB 1313\/1513 FREIO OLEO (559\/552A) &#8211; VEC<\/strong><\/p>\n<p><strong>Aplica\u00e7\u00e3o:Refer\u00eancia 802766<\/strong><\/p>\n<p><strong>Descri\u00e7\u00e3o ROLAMENTO CUBO DT MBB 1313\/1513 INT<\/strong><strong>Complemento &#8230;\/82<\/strong><br \/>\n<strong>Observa\u00e7\u00f5es 559552A 559\/552A 559 552A<\/strong><br \/>\n<strong>N Antigo 0009808802<\/strong><br \/>\n<strong>N 3449817005<\/strong><\/p>\n<p><strong>MEDIDA:<\/strong><br \/>\n<strong>Di\u00e2metro interior (mm)<\/strong><strong>63,50\u00a0<\/strong><\/p>\n<p><strong>Di\u00e2metro exterior (mm)<\/strong><strong>123,83<\/strong><\/p>\n<p><strong>T (mm)<\/strong><strong>\u00a038,10<\/strong><\/p>\n<p><strong>Peso: kg<\/strong><strong>\u00a01,98<\/strong><\/p>\n<p><strong>As fotos deste an\u00fancio s\u00e3o meramente ilustrativas.<\/strong><br \/>\n<strong>PE\u00c7AS PARA CAMINH\u00d5ES, VANS, \u00d4NIBUS, TRATORES E M\u00c1QUINAS PESADAS<\/strong><\/p>\n<p><strong>Pe\u00e7as nacionais e importadas, com excelente pre\u00e7o e prazo de entrega.<\/strong><\/p>\n<p><strong>Encaminhe suas d\u00favidas na \u00e1rea de perguntas antes de comprar.<\/strong><\/p>\n<p><strong>Nossa equipe \u00e9 especializada e vai ajudar voc\u00ea a encontrar o produto certo para seu ve\u00edculo.<\/strong><\/p>\n<p><strong>PARA UMA MELHOR COMPRA:<\/strong><\/p>\n<p><strong>Confira se o endere\u00e7o de entrega est\u00e1 completo e correto. Mantenha seus dados atualizados.<\/strong><br \/>\n<strong>N\u00e3o utilize Caixa Postal como endere\u00e7o de entrega.<\/strong><br \/>\n<strong>Antes de concretizar sua compra, tire suas d\u00favidas na \u00e1rea de perguntas.<\/strong><br \/>\n<strong>Se necess\u00e1rio, confirme a aplica\u00e7\u00e3o com seu mec\u00e2nico.<\/strong><br \/>\n<strong>Muito obrigado,<\/strong><\/p>\n<p><strong>GARANTIA DE ENTREGA OU SEU DINHEIRO DE VOLTA.<\/strong><\/p>\n<p><strong>Equipe LPI COMERCIAL \u2013 Prazer em servir!<\/strong><\/p>\n<p><strong>Garantia do vendedor: 180 dias<\/strong><\/p>\n","protected":false},"excerpt":{"rendered":"<p><strong>MEDIDA:<\/strong><\/p>\n<p><strong>Di\u00e2metro interior (mm)<\/strong><strong>63,50\u00a0<\/strong><\/p>\n<p><strong>Di\u00e2metro exterior (mm)<\/strong><strong>123,83<\/strong><\/p>\n<p><strong>T (mm)<\/strong><strong>\u00a038,10<\/strong><\/p>\n<p><strong>Peso: kg<\/strong><strong>\u00a01,98<\/strong><\/p>\n","protected":false},"featured_media":2023,"comment_status":"open","ping_status":"closed","template":"","meta":{"_joinchat":[]},"product_brand":[],"product_cat":[148,37],"product_tag":[],"class_list":{"0":"post-2022","1":"product","2":"type-product","3":"status-publish","4":"has-post-thumbnail","6":"product_cat-linha-pesada-conicos","7":"product_cat-rolamento","9":"first","10":"instock","11":"sale","12":"taxable","13":"shipping-taxable","14":"purchasable","15":"product-type-simple"},"_links":{"self":[{"href":"https:\/\/ztlrolamentos.com.br\/loja\/wp-json\/wp\/v2\/product\/2022","targetHints":{"allow":["GET"]}}],"collection":[{"href":"https:\/\/ztlrolamentos.com.br\/loja\/wp-json\/wp\/v2\/product"}],"about":[{"href":"https:\/\/ztlrolamentos.com.br\/loja\/wp-json\/wp\/v2\/types\/product"}],"replies":[{"embeddable":true,"href":"https:\/\/ztlrolamentos.com.br\/loja\/wp-json\/wp\/v2\/comments?post=2022"}],"wp:featuredmedia":[{"embeddable":true,"href":"https:\/\/ztlrolamentos.com.br\/loja\/wp-json\/wp\/v2\/media\/2023"}],"wp:attachment":[{"href":"https:\/\/ztlrolamentos.com.br\/loja\/wp-json\/wp\/v2\/media?parent=2022"}],"wp:term":[{"taxonomy":"product_brand","embeddable":true,"href":"https:\/\/ztlrolamentos.com.br\/loja\/wp-json\/wp\/v2\/product_brand?post=2022"},{"taxonomy":"product_cat","embeddable":true,"href":"https:\/\/ztlrolamentos.com.br\/loja\/wp-json\/wp\/v2\/product_cat?post=2022"},{"taxonomy":"product_tag","embeddable":true,"href":"https:\/\/ztlrolamentos.com.br\/loja\/wp-json\/wp\/v2\/product_tag?post=2022"}],"curies":[{"name":"wp","href":"https:\/\/api.w.org\/{rel}","templated":true}]}}