{"id":2013,"date":"2024-07-11T13:12:10","date_gmt":"2024-07-11T16:12:10","guid":{"rendered":"https:\/\/ztlrolamentos.com.br\/loja\/?post_type=product&#038;p=2013"},"modified":"2024-07-12T08:26:10","modified_gmt":"2024-07-12T11:26:10","slug":"rolamento-33019-rol-roda-tras-int-mb-1317-1418-1517-1618-vec","status":"publish","type":"product","link":"https:\/\/ztlrolamentos.com.br\/loja\/produto\/rolamento-33019-rol-roda-tras-int-mb-1317-1418-1517-1618-vec\/","title":{"rendered":"ROLAMENTO 33019 ROL.RODA TRAS.INT.MB 1317\/1418\/1517\/1618 &#8211; VEC"},"content":{"rendered":"<p><strong>Cont\u00e9m 1 Pe\u00e7a;<\/strong><\/p>\n<p><strong>Descri\u00e7\u00e3o do item: <em>ROLAMENTO 33019 ROL.RODA TRAS.INT.MB 1317\/1418\/1517\/1618\/1519\/15 25\/1620\/1630\/1714\/1721\/2220\/2325 &#8211; VEC<\/em><\/strong><\/p>\n<p><strong>APLICA\u00c7\u00c3O:<\/strong><strong>\u00a0 \u00a0 \u00a0 \u00a0 \u00a0 \u00a0 \u00a0 \u00a0 \u00a0 \u00a0 \u00a0 \u00a0 \u00a0 \u00a0 \u00a0 \u00a0 \u00a0 \u00a0 \u00a0 \u00a0 \u00a0 \u00a0 \u00a0 \u00a0 \u00a0 \u00a0 \u00a0 \u00a0 \u00a0 \u00a0 \u00a0 \u00a0 \u00a0 \u00a0 \u00a0 \u00a0 \u00a0 \u00a0 \u00a0 \u00a0 \u00a0 \u00a0 \u00a0 \u00a0\u00a0<\/strong><\/p>\n<p><strong>COMBUST\u00cdVEL TODOS<\/strong><\/p>\n<p><strong>Mercedes Benz 1111<\/strong><br \/>\n<strong>Mercedes Benz 1114<\/strong><br \/>\n<strong>Mercedes Benz 1116<\/strong><br \/>\n<strong>Mercedes Benz 1117<\/strong><br \/>\n<strong>Mercedes Benz 1118<\/strong><br \/>\n<strong>Mercedes Benz 1215C \u2013 OM904 LA<\/strong><br \/>\n<strong>Mercedes Benz 1218 LA \u2013 OM904 LA<\/strong><br \/>\n<strong>Mercedes Benz 1313<\/strong><br \/>\n<strong>Mercedes Benz 1316<\/strong><br \/>\n<strong>Mercedes Benz 1317<\/strong><br \/>\n<strong>Mercedes Benz 1318<\/strong><br \/>\n<strong>Mercedes Benz 1319 OM352A 366A<\/strong><br \/>\n<strong>Mercedes Benz 1414<\/strong><br \/>\n<strong>Mercedes Benz 1414 K<\/strong><br \/>\n<strong>Mercedes Benz 1418 R<\/strong><br \/>\n<strong>Mercedes Benz 1513<\/strong><br \/>\n<strong>Mercedes Benz 1514<\/strong><br \/>\n<strong>Mercedes Benz 1516<\/strong><br \/>\n<strong>Mercedes Benz 1518<\/strong><br \/>\n<strong>Mercedes Benz 1519<\/strong><br \/>\n<strong>Mercedes Benz 1520<\/strong><br \/>\n<strong>Mercedes Benz 1524<\/strong><br \/>\n<strong>Mercedes Benz 1525<\/strong><br \/>\n<strong>Mercedes Benz 1618 M<\/strong><br \/>\n<strong>Mercedes Benz 1622<\/strong><br \/>\n<strong>Mercedes Benz 1630<\/strong><br \/>\n<strong>Mercedes Benz 1718 M<\/strong><br \/>\n<strong>Mercedes Benz 1718C \u2013 OM904 LA<\/strong><br \/>\n<strong>Mercedes Benz 1718M \u2013 OM904 LA<\/strong><br \/>\n<strong>Mercedes Benz 1720<\/strong><br \/>\n<strong>Mercedes Benz 1720 K<\/strong><br \/>\n<strong>Mercedes Benz 1725 \u2013 OM906 LA<\/strong><br \/>\n<strong>Mercedes Benz 1728 \u2013 OM906 LA 280cv<\/strong><br \/>\n<strong>Mercedes Benz 2013 OM352 130CV<\/strong><br \/>\n<strong>Mercedes Benz 2014<\/strong><br \/>\n<strong>Mercedes Benz 2016<\/strong><br \/>\n<strong>Mercedes Benz 2017<\/strong><br \/>\n<strong>Mercedes Benz 2213<\/strong><br \/>\n<strong>Mercedes Benz 2215<\/strong><br \/>\n<strong>Mercedes Benz 2217 OM352 156 CV<\/strong><br \/>\n<strong>Mercedes Benz 2220<\/strong><br \/>\n<strong>Mercedes Benz 2423 B\/K \u2013 OM906 LA 231cv<\/strong><br \/>\n<strong>Mercedes Benz 2428 \u2013 OM906 LA<\/strong><br \/>\n<strong>Mercedes Benz 2431 L<\/strong><br \/>\n<strong>Mercedes Benz 321 (O365 O370)<\/strong><br \/>\n<strong>Mercedes Benz 352 (O365 O370)<\/strong><br \/>\n<strong>Mercedes Benz 362 (O365 O370)<\/strong><br \/>\n<strong>Mercedes Benz 364 (O365 O370)<\/strong><br \/>\n<strong>Mercedes Benz 370 (O365 O370)<\/strong><br \/>\n<strong>Mercedes Benz 371 (O365 O370)<\/strong><\/p>\n<p><strong>Interno: 95,000 mm<\/strong><\/p>\n<p><strong> Externo: 145,000 mm <\/strong><\/p>\n<p><strong>Altura: 39,000 mm<\/strong><\/p>\n<p><strong>MARCA: VEC \u2013 33019<\/strong><\/p>\n<p><strong>As fotos deste an\u00fancio s\u00e3o meramente ilustrativas.<\/strong><br \/>\n<strong>PE\u00c7AS PARA CAMINH\u00d5ES, VANS, \u00d4NIBUS, TRATORES E M\u00c1QUINAS PESADAS<\/strong><\/p>\n<p><strong>Pe\u00e7as nacionais e importadas, com excelente pre\u00e7o e prazo de entrega.<\/strong><\/p>\n<p><strong>Encaminhe suas d\u00favidas na \u00e1rea de perguntas antes de comprar.<\/strong><\/p>\n<p><strong>Nossa equipe \u00e9 especializada e vai ajudar voc\u00ea a encontrar o produto certo para seu ve\u00edculo.<\/strong><\/p>\n<p><strong>PARA UMA MELHOR COMPRA:<\/strong><\/p>\n<p><strong>Confira se o endere\u00e7o de entrega est\u00e1 completo e correto. Mantenha seus dados atualizados.<\/strong><br \/>\n<strong>N\u00e3o utilize Caixa Postal como endere\u00e7o de entrega.<\/strong><br \/>\n<strong>Antes de concretizar sua compra, tire suas d\u00favidas na \u00e1rea de perguntas.<\/strong><br \/>\n<strong>Se necess\u00e1rio, confirme a aplica\u00e7\u00e3o com seu mec\u00e2nico.<\/strong><br \/>\n<strong>Muito obrigado,<\/strong><\/p>\n<p><strong>GARANTIA DE ENTREGA OU SEU DINHEIRO DE VOLTA.<\/strong><\/p>\n<p><strong>Equipe LPI COMERCIAL \u2013 Prazer em servir!<\/strong><\/p>\n<p><strong>Garantia do vendedor: 180 dias<\/strong><\/p>\n","protected":false},"excerpt":{"rendered":"<p>&nbsp;<\/p>\n<p>ROLAMENTO 33019 ROL.RODA TRAS.INT.MB 1317\/1418\/1517\/1618\/1519\/15 25\/1620\/1630\/1714\/1721\/2220\/2325 &#8211; VEC<\/p>\n<p>Interno: 95,000 mm Externo: 145,000 mm Altura: 39,000 mm<\/p>\n<p>MARCA: VEC \u2013 33019<\/p>\n","protected":false},"featured_media":2014,"comment_status":"open","ping_status":"closed","template":"","meta":{"_joinchat":[]},"product_brand":[],"product_cat":[148,37],"product_tag":[],"class_list":{"0":"post-2013","1":"product","2":"type-product","3":"status-publish","4":"has-post-thumbnail","6":"product_cat-linha-pesada-conicos","7":"product_cat-rolamento","9":"first","10":"instock","11":"sale","12":"taxable","13":"shipping-taxable","14":"purchasable","15":"product-type-simple"},"_links":{"self":[{"href":"https:\/\/ztlrolamentos.com.br\/loja\/wp-json\/wp\/v2\/product\/2013","targetHints":{"allow":["GET"]}}],"collection":[{"href":"https:\/\/ztlrolamentos.com.br\/loja\/wp-json\/wp\/v2\/product"}],"about":[{"href":"https:\/\/ztlrolamentos.com.br\/loja\/wp-json\/wp\/v2\/types\/product"}],"replies":[{"embeddable":true,"href":"https:\/\/ztlrolamentos.com.br\/loja\/wp-json\/wp\/v2\/comments?post=2013"}],"wp:featuredmedia":[{"embeddable":true,"href":"https:\/\/ztlrolamentos.com.br\/loja\/wp-json\/wp\/v2\/media\/2014"}],"wp:attachment":[{"href":"https:\/\/ztlrolamentos.com.br\/loja\/wp-json\/wp\/v2\/media?parent=2013"}],"wp:term":[{"taxonomy":"product_brand","embeddable":true,"href":"https:\/\/ztlrolamentos.com.br\/loja\/wp-json\/wp\/v2\/product_brand?post=2013"},{"taxonomy":"product_cat","embeddable":true,"href":"https:\/\/ztlrolamentos.com.br\/loja\/wp-json\/wp\/v2\/product_cat?post=2013"},{"taxonomy":"product_tag","embeddable":true,"href":"https:\/\/ztlrolamentos.com.br\/loja\/wp-json\/wp\/v2\/product_tag?post=2013"}],"curies":[{"name":"wp","href":"https:\/\/api.w.org\/{rel}","templated":true}]}}