{"id":2004,"date":"2024-07-11T11:39:20","date_gmt":"2024-07-11T14:39:20","guid":{"rendered":"https:\/\/ztlrolamentos.com.br\/loja\/?post_type=product&#038;p=2004"},"modified":"2024-07-12T08:24:17","modified_gmt":"2024-07-12T11:24:17","slug":"rolamento-cubo-dianteiro-572813a-bt10084-vec","status":"publish","type":"product","link":"https:\/\/ztlrolamentos.com.br\/loja\/produto\/rolamento-cubo-dianteiro-572813a-bt10084-vec\/","title":{"rendered":"ROLAMENTO CUBO DIANTEIRO 572813A BT10084 &#8211; VEC"},"content":{"rendered":"<p><strong>Cont\u00e9m 1 Pe\u00e7a;<\/strong><\/p>\n<p><strong>Descri\u00e7\u00e3o do item: <em>ROLAMENTO CUBO DIANTEIRO 572813A BT10084 &#8211; VEC<\/em><\/strong><\/p>\n<p><strong>Interno Roda Eixo Dianteiro para:<\/strong><br \/>\n<strong>Rolamento De Roda 1944 02\/05<\/strong><br \/>\n<strong>Rolamento De Roda Actros 2646 11<\/strong><br \/>\n<strong>Rolamento De Roda Actros 2655 12<\/strong><br \/>\n<strong>Rolamento De Roda Axor 1933 05<\/strong><br \/>\n<strong>Rolamento De Roda Axor 2641 12<\/strong><br \/>\n<strong>Rolamento De Roda Axor 2644 05<\/strong><\/p>\n<p><strong>As fotos deste an\u00fancio s\u00e3o meramente ilustrativas.<\/strong><br \/>\n<strong>PE\u00c7AS PARA CAMINH\u00d5ES, VANS, \u00d4NIBUS, TRATORES E M\u00c1QUINAS PESADAS<\/strong><br \/>\n<strong>______________________________________________________________<\/strong><br \/>\n<strong>Pe\u00e7as nacionais e importadas, com excelente pre\u00e7o e prazo de entrega.<\/strong><\/p>\n<p><strong>Encaminhe suas d\u00favidas na \u00e1rea de perguntas antes de comprar.<\/strong><\/p>\n<p><strong>Nossa equipe \u00e9 especializada e vai ajudar voc\u00ea a encontrar o produto certo para seu ve\u00edculo.<\/strong><\/p>\n<p><strong>PARA UMA MELHOR COMPRA:<\/strong><br \/>\n<strong>&#8211; Confira se o endere\u00e7o de entrega est\u00e1 completo e correto. Mantenha seus dados atualizados.<\/strong><br \/>\n<strong>&#8211; N\u00e3o utilize Caixa Postal como endere\u00e7o de entrega.<\/strong><br \/>\n<strong>&#8211; Antes de concretizar sua compra, tire suas d\u00favidas na \u00e1rea de perguntas.<\/strong><br \/>\n<strong>&#8211; Se necess\u00e1rio, confirme a aplica\u00e7\u00e3o com seu mec\u00e2nico.<\/strong><\/p>\n<p><strong>Muito obrigado,<\/strong><\/p>\n<p><strong>GARANTIA DE ENTREGA OU SEU DINHEIRO DE VOLTA.<\/strong><\/p>\n<p><strong>Equipe LPI COMERCIAL \u2013 Prazer em servir!<\/strong><\/p>\n<p><strong>Garantia do vendedor: 180 dias<\/strong><\/p>\n","protected":false},"excerpt":{"rendered":"<p>Cont\u00e9m 1 Pe\u00e7a; Descri\u00e7\u00e3o do item: ROLAMENTO CUBO DIANTEIRO 572813A BT10084 &#8211; VEC Interno Roda Eixo Dianteiro para: Rolamento De Roda 1944 02\/05 Rolamento De Roda Actros 2646 11 Rolamento De Roda Actros 2655 12 Rolamento De Roda Axor 1933 05 Rolamento De Roda Axor 2641 12 Rolamento De Roda Axor 2644 05 As fotos deste an\u00fancio s\u00e3o meramente ilustrativas. PE\u00c7AS PARA CAMINH\u00d5ES, VANS, \u00d4NIBUS, TRATORES E M\u00c1QUINAS PESADAS ______________________________________________________________ Pe\u00e7as nacionais e importadas, com excelente pre\u00e7o e prazo de entrega. Encaminhe suas d\u00favidas na \u00e1rea de perguntas antes de comprar. Nossa equipe \u00e9 especializada e vai ajudar voc\u00ea a encontrar o produto certo para seu ve\u00edculo. PARA UMA MELHOR&hellip; <a class=\"read-more\" href=\"https:\/\/ztlrolamentos.com.br\/loja\/produto\/rolamento-cubo-dianteiro-572813a-bt10084-vec\/\">Leia Mais<\/a><\/p>\n","protected":false},"featured_media":2005,"comment_status":"open","ping_status":"closed","template":"","meta":{"_joinchat":[]},"product_brand":[],"product_cat":[40,148,37],"product_tag":[],"class_list":{"0":"post-2004","1":"product","2":"type-product","3":"status-publish","4":"has-post-thumbnail","6":"product_cat-cubo-de-roda","7":"product_cat-linha-pesada-conicos","8":"product_cat-rolamento","10":"first","11":"instock","12":"sale","13":"taxable","14":"shipping-taxable","15":"purchasable","16":"product-type-simple"},"_links":{"self":[{"href":"https:\/\/ztlrolamentos.com.br\/loja\/wp-json\/wp\/v2\/product\/2004","targetHints":{"allow":["GET"]}}],"collection":[{"href":"https:\/\/ztlrolamentos.com.br\/loja\/wp-json\/wp\/v2\/product"}],"about":[{"href":"https:\/\/ztlrolamentos.com.br\/loja\/wp-json\/wp\/v2\/types\/product"}],"replies":[{"embeddable":true,"href":"https:\/\/ztlrolamentos.com.br\/loja\/wp-json\/wp\/v2\/comments?post=2004"}],"wp:featuredmedia":[{"embeddable":true,"href":"https:\/\/ztlrolamentos.com.br\/loja\/wp-json\/wp\/v2\/media\/2005"}],"wp:attachment":[{"href":"https:\/\/ztlrolamentos.com.br\/loja\/wp-json\/wp\/v2\/media?parent=2004"}],"wp:term":[{"taxonomy":"product_brand","embeddable":true,"href":"https:\/\/ztlrolamentos.com.br\/loja\/wp-json\/wp\/v2\/product_brand?post=2004"},{"taxonomy":"product_cat","embeddable":true,"href":"https:\/\/ztlrolamentos.com.br\/loja\/wp-json\/wp\/v2\/product_cat?post=2004"},{"taxonomy":"product_tag","embeddable":true,"href":"https:\/\/ztlrolamentos.com.br\/loja\/wp-json\/wp\/v2\/product_tag?post=2004"}],"curies":[{"name":"wp","href":"https:\/\/api.w.org\/{rel}","templated":true}]}}