{"id":1985,"date":"2024-07-11T10:34:31","date_gmt":"2024-07-11T13:34:31","guid":{"rendered":"https:\/\/ztlrolamentos.com.br\/loja\/?post_type=product&#038;p=1985"},"modified":"2024-07-16T13:18:59","modified_gmt":"2024-07-16T16:18:59","slug":"rolamentos-534565-roda-dianteira-vec","status":"publish","type":"product","link":"https:\/\/ztlrolamentos.com.br\/loja\/produto\/rolamentos-534565-roda-dianteira-vec\/","title":{"rendered":"ROLAMENTOS 534565 RODA DIANTEIRA &#8211; VEC"},"content":{"rendered":"<p><strong>Cont\u00e9m 1 Pe\u00e7a;<\/strong><\/p>\n<p><strong>Descri\u00e7\u00e3o do item: <em>ROLAMENTOS 534565 RODA DIANTEIRA &#8211; VEC<\/em><\/strong><\/p>\n<p><strong>Rolamentos 534565 RODA DIANTEIRA MB 1614 L, LK, LS 1615 L, LK, LS 1617, K,L, LK 1618 L, LK, LS, OF, M 1620 OF, L, LK, LS 1621 L, LE, LK, LS, OH, OF 1622 L, LK, LS1623 L, LS, S 1625 L, LK, LS, OH 1628 L, OH 1630 L, LK, LS<\/strong><\/p>\n<p><strong>APLICA\u00c7\u00c3O\u00a0<\/strong><\/p>\n<ul>\n<li><strong>MERCEDES BENZ\u00a0<\/strong><\/li>\n<li><strong>1621 &#8230;\u00a0<\/strong><\/li>\n<li><strong>1632 &#8230;<\/strong><\/li>\n<li><strong>1924 &#8211; 1976\/1984<\/strong><\/li>\n<li><strong>1929 &#8211; 1985\/1988<\/strong><\/li>\n<li><strong>1932 &#8211; 1985\/1988<\/strong><\/li>\n<li><strong>2629 &#8230;<\/strong><\/li>\n<li><strong>2635 &#8211; 1994\/2000<\/strong><\/li>\n<li><strong>2638 &#8230;<\/strong><\/li>\n<li><strong>O370 &#8211; 1984\/1987<\/strong><\/li>\n<li><strong>O371 &#8211; 1987\/1996<\/strong><\/li>\n<li><strong>O400 &#8211; 1994\/2005\u00a0<\/strong><\/li>\n<li><strong>O500 &#8211; 2004\/&#8230;<\/strong><\/li>\n<\/ul>\n<p><strong>Di\u00e2metro interior [mm] <\/strong><strong><span class=\"csv ng-tns-c410-8 ng-star-inserted\">70<\/span><\/strong><\/p>\n<p><strong>di\u00e2metro externo [mm] <span class=\"csv ng-tns-c410-8 ng-star-inserted\">130<\/span><\/strong><\/p>\n<p><strong>Largura [mm] <span class=\"csv ng-tns-c410-8 ng-star-inserted\">57<\/span><\/strong><\/p>\n<p><strong>As fotos deste an\u00fancio s\u00e3o meramente ilustrativas.<\/strong><br \/>\n<strong>PE\u00c7AS PARA CAMINH\u00d5ES, VANS, \u00d4NIBUS, TRATORES E M\u00c1QUINAS PESADAS<\/strong><br \/>\n<strong>______________________________________________________________<\/strong><br \/>\n<strong>Pe\u00e7as nacionais e importadas, com excelente pre\u00e7o e prazo de entrega.<\/strong><\/p>\n<p><strong>Encaminhe suas d\u00favidas na \u00e1rea de perguntas antes de comprar.<\/strong><\/p>\n<p><strong>Nossa equipe \u00e9 especializada e vai ajudar voc\u00ea a encontrar o produto certo para seu ve\u00edculo.<\/strong><\/p>\n<p><strong>PARA UMA MELHOR COMPRA:<\/strong><br \/>\n<strong>&#8211; Confira se o endere\u00e7o de entrega est\u00e1 completo e correto. Mantenha seus dados atualizados.<\/strong><br \/>\n<strong>&#8211; N\u00e3o utilize Caixa Postal como endere\u00e7o de entrega.<\/strong><br \/>\n<strong>&#8211; Antes de concretizar sua compra, tire suas d\u00favidas na \u00e1rea de perguntas.<\/strong><br \/>\n<strong>&#8211; Se necess\u00e1rio, confirme a aplica\u00e7\u00e3o com seu mec\u00e2nico.<\/strong><\/p>\n<p><strong>Muito obrigado,<\/strong><\/p>\n<p><strong>GARANTIA DE ENTREGA OU SEU DINHEIRO DE VOLTA.<\/strong><\/p>\n<p><strong>Equipe LPI COMERCIAL \u2013 Prazer em servir!<\/strong><\/p>\n<p><strong>Garantia do vendedor: 180 dia<\/strong><\/p>\n","protected":false},"excerpt":{"rendered":"<p><strong>Di\u00e2metro interior [mm] <span class=\"csv ng-tns-c410-8 ng-star-inserted\">70<\/span><\/strong><\/p>\n<p><strong>di\u00e2metro externo [mm] <span class=\"csv ng-tns-c410-8 ng-star-inserted\">130<\/span><\/strong><\/p>\n<p><strong>Largura [mm] <span class=\"csv ng-tns-c410-8 ng-star-inserted\">57<\/span><\/strong><\/p>\n<p>&nbsp;<\/p>\n","protected":false},"featured_media":2233,"comment_status":"open","ping_status":"closed","template":"","meta":{"_joinchat":[]},"product_brand":[],"product_cat":[148,37],"product_tag":[],"class_list":{"0":"post-1985","1":"product","2":"type-product","3":"status-publish","4":"has-post-thumbnail","6":"product_cat-linha-pesada-conicos","7":"product_cat-rolamento","9":"first","10":"instock","11":"taxable","12":"shipping-taxable","13":"purchasable","14":"product-type-simple"},"_links":{"self":[{"href":"https:\/\/ztlrolamentos.com.br\/loja\/wp-json\/wp\/v2\/product\/1985","targetHints":{"allow":["GET"]}}],"collection":[{"href":"https:\/\/ztlrolamentos.com.br\/loja\/wp-json\/wp\/v2\/product"}],"about":[{"href":"https:\/\/ztlrolamentos.com.br\/loja\/wp-json\/wp\/v2\/types\/product"}],"replies":[{"embeddable":true,"href":"https:\/\/ztlrolamentos.com.br\/loja\/wp-json\/wp\/v2\/comments?post=1985"}],"wp:featuredmedia":[{"embeddable":true,"href":"https:\/\/ztlrolamentos.com.br\/loja\/wp-json\/wp\/v2\/media\/2233"}],"wp:attachment":[{"href":"https:\/\/ztlrolamentos.com.br\/loja\/wp-json\/wp\/v2\/media?parent=1985"}],"wp:term":[{"taxonomy":"product_brand","embeddable":true,"href":"https:\/\/ztlrolamentos.com.br\/loja\/wp-json\/wp\/v2\/product_brand?post=1985"},{"taxonomy":"product_cat","embeddable":true,"href":"https:\/\/ztlrolamentos.com.br\/loja\/wp-json\/wp\/v2\/product_cat?post=1985"},{"taxonomy":"product_tag","embeddable":true,"href":"https:\/\/ztlrolamentos.com.br\/loja\/wp-json\/wp\/v2\/product_tag?post=1985"}],"curies":[{"name":"wp","href":"https:\/\/api.w.org\/{rel}","templated":true}]}}