{"id":1973,"date":"2024-07-11T09:05:13","date_gmt":"2024-07-11T12:05:13","guid":{"rendered":"https:\/\/ztlrolamentos.com.br\/loja\/?post_type=product&#038;p=1973"},"modified":"2024-07-12T08:19:56","modified_gmt":"2024-07-12T11:19:56","slug":"kit-rolamento-cubo-dianteiro-volvo-fh-nh-fm-566427-h195-vec","status":"publish","type":"product","link":"https:\/\/ztlrolamentos.com.br\/loja\/produto\/kit-rolamento-cubo-dianteiro-volvo-fh-nh-fm-566427-h195-vec\/","title":{"rendered":"KIT ROLAMENTO CUBO DIANTEIRO VOLVO FH\/NH\/FM 566427.H195 &#8211; VEC"},"content":{"rendered":"<p><strong>Cont\u00e9m 1 Kit;<\/strong><\/p>\n<p><strong>Descri\u00e7\u00e3o do item: <em>KIT ROLAMENTO CUBO DIANTEIRO VOLVO FH\/NH\/FM 566427.H195 &#8211; VEC<\/em><\/strong><\/p>\n<p><strong>APLICA\u00c7\u00d5ES:<\/strong><\/p>\n<div class=\"p-md card-block\">\n<div class=\"product-characteristic medium-text--std xl:flex\"><strong>VOLVO FH 12 380 12.1 L 12V (1993 &#8211; 1998)<\/strong><br \/>\n<strong>VOLVO FH 12 420 12.1 L 24V (2003 &#8211; 2006)<\/strong><br \/>\n<strong>VOLVO FH 440 12.8 L 24V (2006 &#8211; 2011)<\/strong><br \/>\n<strong>VOLVO FH 460 12.8 L 24V (2012 em diante)<\/strong><br \/>\n<strong>VOLVO FH 500 12.8 L 24V (2012 em diante)<\/strong><br \/>\n<strong>VOLVO FH 520 12.8 L 24V (2006 &#8211; 2011)<\/strong><br \/>\n<strong>VOLVO FM 12 340 12.1 L 24V (2000 &#8211; 2003)<\/strong><br \/>\n<strong>VOLVO FM 12 380 12.1 L 24V (2000 &#8211; 2003)<\/strong><br \/>\n<strong>VOLVO FM 12 420 12.1 L 24V (2000 &#8211; 2003)<\/strong><br \/>\n<strong>VOLVO FM 380 10.9 L 24V (2014 em diante)<\/strong><br \/>\n<strong>VOLVO VM 17 210 6.5 L 12V (2003 &#8211; 2005)<\/strong><br \/>\n<strong>VOLVO VM 17 240 6.5 L 12V (2003 &#8211; 2005)<\/strong><br \/>\n<strong>VOLVO VM 23 210 6.5 L 12V (2003 &#8211; 2005)<\/strong><br \/>\n<strong>VOLVO VM 23 240 6.5 L 12V (2003 &#8211; 2005)<\/strong><\/div>\n<\/div>\n<div><\/div>\n<div><strong>Di\u00e2metro interior 1 [mm]<span class=\"csv ng-tns-c410-8 ng-star-inserted\">57,8<\/span><\/strong><\/div>\n<div><strong>di\u00e2metro externo 1 [mm]<span class=\"csv ng-tns-c410-8 ng-star-inserted\">110<\/span><\/strong><\/div>\n<div><strong>Largura 1 [mm]<span class=\"csv ng-tns-c410-8 ng-star-inserted\">57,5<\/span><\/strong><\/div>\n<div><strong>Di\u00e2metro interior 2 [mm]<span class=\"csv ng-tns-c410-8 ng-star-inserted\">58<\/span><\/strong><\/div>\n<div><strong>Di\u00e2metro externo 2 [mm]<span class=\"csv ng-tns-c410-8 ng-star-inserted\">110<\/span><\/strong><\/div>\n<div><strong>Largura 2 [mm]<span class=\"csv ng-tns-c410-8 ng-star-inserted\">57,5<\/span><\/strong><\/div>\n<div class=\"p-md card-block\">\n<div><\/div>\n<\/div>\n<p><strong>As fotos deste an\u00fancio s\u00e3o meramente ilustrativas.<\/strong><br \/>\n<strong>PE\u00c7AS PARA CAMINH\u00d5ES, VANS, \u00d4NIBUS, TRATORES E M\u00c1QUINAS PESADAS<\/strong><br \/>\n<strong>______________________________________________________________<\/strong><br \/>\n<strong>Pe\u00e7as nacionais e importadas, com excelente pre\u00e7o e prazo de entrega.<\/strong><\/p>\n<p><strong>Encaminhe suas d\u00favidas na \u00e1rea de perguntas antes de comprar.<\/strong><\/p>\n<p><strong>Nossa equipe \u00e9 especializada e vai ajudar voc\u00ea a encontrar o produto certo para seu ve\u00edculo.<\/strong><\/p>\n<p><strong>PARA UMA MELHOR COMPRA:<\/strong><br \/>\n<strong>&#8211; Confira se o endere\u00e7o de entrega est\u00e1 completo e correto. Mantenha seus dados atualizados.<\/strong><br \/>\n<strong>&#8211; N\u00e3o utilize Caixa Postal como endere\u00e7o de entrega.<\/strong><br \/>\n<strong>&#8211; Antes de concretizar sua compra, tire suas d\u00favidas na \u00e1rea de perguntas.<\/strong><br \/>\n<strong>&#8211; Se necess\u00e1rio, confirme a aplica\u00e7\u00e3o com seu mec\u00e2nico.<\/strong><\/p>\n<p><strong>Muito obrigado,<\/strong><\/p>\n<p><strong>GARANTIA DE ENTREGA OU SEU DINHEIRO DE VOLTA.<\/strong><\/p>\n<p><strong>Equipe LPI COMERCIAL \u2013 Prazer em servir!<\/strong><\/p>\n<p><strong>Garantia do vendedor: 180 dia<\/strong><\/p>\n","protected":false},"excerpt":{"rendered":"<h6 class=\"my-md small-hero--std text-md\/sm font-secondary font-bold text-gray-400 font-bold uppercase\"><\/h6>\n<div class=\"p-md card-block\">\n<div class=\"product-characteristic medium-text--std xl:flex\">\n<div><strong>Di\u00e2metro interior 1 [mm]<span class=\"csv ng-tns-c410-8 ng-star-inserted\">57,8<\/span><\/strong><\/div>\n<div><strong>di\u00e2metro externo 1 [mm]<span class=\"csv ng-tns-c410-8 ng-star-inserted\">110<\/span><\/strong><\/div>\n<div><strong>Largura 1 [mm]<span class=\"csv ng-tns-c410-8 ng-star-inserted\">57,5<\/span><\/strong><\/div>\n<div><strong>Di\u00e2metro interior 2 [mm]<span class=\"csv ng-tns-c410-8 ng-star-inserted\">58<\/span><\/strong><\/div>\n<div><strong>Di\u00e2metro externo 2 [mm]<span class=\"csv ng-tns-c410-8 ng-star-inserted\">110<\/span><\/strong><\/div>\n<div><strong>Largura 2 [mm]<span class=\"csv ng-tns-c410-8 ng-star-inserted\">57,5<\/span><\/strong><\/div>\n<\/div>\n<\/div>\n","protected":false},"featured_media":1965,"comment_status":"open","ping_status":"closed","template":"","meta":{"_joinchat":[]},"product_brand":[],"product_cat":[40,148,37],"product_tag":[406],"class_list":{"0":"post-1973","1":"product","2":"type-product","3":"status-publish","4":"has-post-thumbnail","6":"product_cat-cubo-de-roda","7":"product_cat-linha-pesada-conicos","8":"product_cat-rolamento","9":"product_tag-https-youtu-be-moc0-c8ob2u","11":"first","12":"instock","13":"sale","14":"taxable","15":"shipping-taxable","16":"purchasable","17":"product-type-simple"},"_links":{"self":[{"href":"https:\/\/ztlrolamentos.com.br\/loja\/wp-json\/wp\/v2\/product\/1973","targetHints":{"allow":["GET"]}}],"collection":[{"href":"https:\/\/ztlrolamentos.com.br\/loja\/wp-json\/wp\/v2\/product"}],"about":[{"href":"https:\/\/ztlrolamentos.com.br\/loja\/wp-json\/wp\/v2\/types\/product"}],"replies":[{"embeddable":true,"href":"https:\/\/ztlrolamentos.com.br\/loja\/wp-json\/wp\/v2\/comments?post=1973"}],"wp:featuredmedia":[{"embeddable":true,"href":"https:\/\/ztlrolamentos.com.br\/loja\/wp-json\/wp\/v2\/media\/1965"}],"wp:attachment":[{"href":"https:\/\/ztlrolamentos.com.br\/loja\/wp-json\/wp\/v2\/media?parent=1973"}],"wp:term":[{"taxonomy":"product_brand","embeddable":true,"href":"https:\/\/ztlrolamentos.com.br\/loja\/wp-json\/wp\/v2\/product_brand?post=1973"},{"taxonomy":"product_cat","embeddable":true,"href":"https:\/\/ztlrolamentos.com.br\/loja\/wp-json\/wp\/v2\/product_cat?post=1973"},{"taxonomy":"product_tag","embeddable":true,"href":"https:\/\/ztlrolamentos.com.br\/loja\/wp-json\/wp\/v2\/product_tag?post=1973"}],"curies":[{"name":"wp","href":"https:\/\/api.w.org\/{rel}","templated":true}]}}