{"id":1964,"date":"2024-07-11T08:42:54","date_gmt":"2024-07-11T11:42:54","guid":{"rendered":"https:\/\/ztlrolamentos.com.br\/loja\/?post_type=product&#038;p=1964"},"modified":"2024-07-12T08:18:39","modified_gmt":"2024-07-12T11:18:39","slug":"kit-rolamento-cubo-traseiro-volvo-fh-nh-fm-566425-h195-vec","status":"publish","type":"product","link":"https:\/\/ztlrolamentos.com.br\/loja\/produto\/kit-rolamento-cubo-traseiro-volvo-fh-nh-fm-566425-h195-vec\/","title":{"rendered":"KIT ROLAMENTO CUBO TRASEIRO VOLVO FH\/NH\/FM 566425.H195 &#8211; VEC"},"content":{"rendered":"<p><strong>Cont\u00e9m 1 Kit;<\/strong><\/p>\n<p><strong>Descri\u00e7\u00e3o do item: <em>KIT ROLAMENTO CUBO TRASEIRO VOLVO FH\/NH\/FM 566425.H195 &#8211; VEC\u00a0<\/em><\/strong><\/p>\n<p><strong>APLICA\u00c7\u00d5ES:<\/strong><\/p>\n<p><strong>Volvo FH\/FM\/FMX\/NH 9\/10\/11\/12\/13\/16 FH 12 1993-2005, FH 16 1993-2006, FM 9 2001-2005, FM 10, FM 12 1998-2005, FH\/FM 2005-, FMX, NH 12 \/BR<\/strong><br \/>\n<strong>Volvo F\/FL\/N\/NL 10\/12\/16 FL 10\/12<\/strong><br \/>\n<strong>Volvo F\/FL 6 (-2000), F\/FL\/FM 7, FLC FL 7 1985-2000, FM 7 1998-2001<\/strong><br \/>\n<strong>Volvo Onibus B 5\/6\/7\/8 B 7 R<\/strong><br \/>\n<strong>Volvo Onibus 9\/11\/12\/13 (D\/DH motor) B 9 R, B 11 R, B 12 B \/M \/R, B 13 R<\/strong><br \/>\n<strong>SCANIA SERIE 6 TRA\u00c7ADO<\/strong><\/p>\n<h6 class=\"my-md small-hero--std text-md\/sm font-secondary font-bold text-gray-400 font-bold uppercase\"><strong>CARACTER\u00cdSTICAS TECNICAS<\/strong><\/h6>\n<div class=\"p-md card-block\">\n<div class=\"product-characteristic medium-text--std xl:flex\">\n<table class=\"w-full\">\n<tbody>\n<tr class=\"flex medium-text--std\">\n<td class=\"text-left fx-center-start w-1\/2 even:bg-gray-100 odd:bg-white px-sm py-xs\"><em><strong><span class=\"font-bold\">Di\u00e2metro interior [mm]\u00a0:<\/span><span class=\"pl-xxs\">94<\/span><\/strong><\/em><\/td>\n<td class=\"text-left fx-center-start w-1\/2 even:bg-gray-100 odd:bg-white px-sm py-xs\"><em><strong><span class=\"font-bold\">Di\u00e2metro interior 2 [mm]\u00a0:<\/span><span class=\"pl-xxs\">94,00<\/span><\/strong><\/em><\/td>\n<\/tr>\n<tr class=\"flex medium-text--std\">\n<td class=\"text-left fx-center-start w-1\/2 odd:bg-gray-100 even:bg-white px-sm py-xs\"><em><strong><span class=\"font-bold\">Di\u00e2metro exterior (mm)\u00a0:<\/span><span class=\"pl-xxs\">148<\/span><\/strong><\/em><\/td>\n<td class=\"text-left fx-center-start w-1\/2 odd:bg-gray-100 even:bg-white px-sm py-xs\"><em><strong><span class=\"font-bold\">Di\u00e2metro exterior 2 [mm]\u00a0:<\/span><span class=\"pl-xxs\">148,00<\/span><\/strong><\/em><\/td>\n<\/tr>\n<tr class=\"flex medium-text--std\">\n<td class=\"text-left fx-center-start w-1\/2 even:bg-gray-100 odd:bg-white px-sm py-xs\"><em><strong><span class=\"font-bold\">Largura [mm]\u00a0:<\/span><span class=\"pl-xxs\">68<\/span><\/strong><\/em><\/td>\n<td class=\"text-left fx-center-start w-1\/2 even:bg-gray-100 odd:bg-white px-sm py-xs\"><em><strong><span class=\"font-bold\">Largura 2 [mm]\u00a0:<\/span><span class=\"pl-xxs\">67,50<\/span><\/strong><\/em><\/td>\n<\/tr>\n<\/tbody>\n<\/table>\n<\/div>\n<\/div>\n<p><strong>As fotos deste an\u00fancio s\u00e3o meramente ilustrativas.<\/strong><br \/>\n<strong>PE\u00c7AS PARA CAMINH\u00d5ES, VANS, \u00d4NIBUS, TRATORES E M\u00c1QUINAS PESADAS<\/strong><br \/>\n<strong>______________________________________________________________<\/strong><br \/>\n<strong>Pe\u00e7as nacionais e importadas, com excelente pre\u00e7o e prazo de entrega.<\/strong><\/p>\n<p><strong>Encaminhe suas d\u00favidas na \u00e1rea de perguntas antes de comprar.<\/strong><\/p>\n<p><strong>Nossa equipe \u00e9 especializada e vai ajudar voc\u00ea a encontrar o produto certo para seu ve\u00edculo.<\/strong><\/p>\n<p><strong>PARA UMA MELHOR COMPRA:<\/strong><br \/>\n<strong>&#8211; Confira se o endere\u00e7o de entrega est\u00e1 completo e correto. Mantenha seus dados atualizados.<\/strong><br \/>\n<strong>&#8211; N\u00e3o utilize Caixa Postal como endere\u00e7o de entrega.<\/strong><br \/>\n<strong>&#8211; Antes de concretizar sua compra, tire suas d\u00favidas na \u00e1rea de perguntas.<\/strong><br \/>\n<strong>&#8211; Se necess\u00e1rio, confirme a aplica\u00e7\u00e3o com seu mec\u00e2nico.<\/strong><\/p>\n<p><strong>Muito obrigado,<\/strong><\/p>\n<p><strong>GARANTIA DE ENTREGA OU SEU DINHEIRO DE VOLTA.<\/strong><\/p>\n<p><strong>Equipe LPI COMERCIAL \u2013 Prazer em servir!<\/strong><\/p>\n<p><strong>Garantia do vendedor: 180 dia<\/strong><\/p>\n","protected":false},"excerpt":{"rendered":"<h6 class=\"my-md small-hero--std text-md\/sm font-secondary font-bold text-gray-400 font-bold uppercase\"><strong>CARACTER\u00cdSTICAS TECNICAS<\/strong><\/h6>\n<div class=\"p-md card-block\">\n<div class=\"product-characteristic medium-text--std xl:flex\">\n<table class=\"w-full\">\n<tbody>\n<tr class=\"flex medium-text--std\">\n<td class=\"text-left fx-center-start w-1\/2 even:bg-gray-100 odd:bg-white px-sm py-xs\"><em><strong><span class=\"font-bold\">Di\u00e2metro interior [mm]\u00a0:<\/span><span class=\"pl-xxs\">94<\/span><\/strong><\/em><\/td>\n<td class=\"text-left fx-center-start w-1\/2 even:bg-gray-100 odd:bg-white px-sm py-xs\"><em><strong><span class=\"font-bold\">Di\u00e2metro interior 2 [mm]\u00a0:<\/span><span class=\"pl-xxs\">94,00<\/span><\/strong><\/em><\/td>\n<\/tr>\n<tr class=\"flex medium-text--std\">\n<td class=\"text-left fx-center-start w-1\/2 odd:bg-gray-100 even:bg-white px-sm py-xs\"><em><strong><span class=\"font-bold\">Di\u00e2metro exterior (mm)\u00a0:<\/span><span class=\"pl-xxs\">148<\/span><\/strong><\/em><\/td>\n<td class=\"text-left fx-center-start w-1\/2 odd:bg-gray-100 even:bg-white px-sm py-xs\"><em><strong><span class=\"font-bold\">Di\u00e2metro exterior 2 [mm]\u00a0:<\/span><span class=\"pl-xxs\">148,00<\/span><\/strong><\/em><\/td>\n<\/tr>\n<tr class=\"flex medium-text--std\">\n<td class=\"text-left fx-center-start w-1\/2 even:bg-gray-100 odd:bg-white px-sm py-xs\"><em><strong><span class=\"font-bold\">Largura [mm]\u00a0:<\/span><span class=\"pl-xxs\">68<\/span><\/strong><\/em><\/td>\n<td class=\"text-left fx-center-start w-1\/2 even:bg-gray-100 odd:bg-white px-sm py-xs\"><em><strong><span class=\"font-bold\">Largura 2 [mm]\u00a0:<\/span><span class=\"pl-xxs\">67,50<\/span><\/strong><\/em><\/td>\n<\/tr>\n<\/tbody>\n<\/table>\n<\/div>\n<\/div>\n","protected":false},"featured_media":1965,"comment_status":"open","ping_status":"closed","template":"","meta":{"_joinchat":[]},"product_brand":[],"product_cat":[40,148,37],"product_tag":[406],"class_list":{"0":"post-1964","1":"product","2":"type-product","3":"status-publish","4":"has-post-thumbnail","6":"product_cat-cubo-de-roda","7":"product_cat-linha-pesada-conicos","8":"product_cat-rolamento","9":"product_tag-https-youtu-be-moc0-c8ob2u","11":"first","12":"instock","13":"sale","14":"taxable","15":"shipping-taxable","16":"purchasable","17":"product-type-simple"},"_links":{"self":[{"href":"https:\/\/ztlrolamentos.com.br\/loja\/wp-json\/wp\/v2\/product\/1964","targetHints":{"allow":["GET"]}}],"collection":[{"href":"https:\/\/ztlrolamentos.com.br\/loja\/wp-json\/wp\/v2\/product"}],"about":[{"href":"https:\/\/ztlrolamentos.com.br\/loja\/wp-json\/wp\/v2\/types\/product"}],"replies":[{"embeddable":true,"href":"https:\/\/ztlrolamentos.com.br\/loja\/wp-json\/wp\/v2\/comments?post=1964"}],"wp:featuredmedia":[{"embeddable":true,"href":"https:\/\/ztlrolamentos.com.br\/loja\/wp-json\/wp\/v2\/media\/1965"}],"wp:attachment":[{"href":"https:\/\/ztlrolamentos.com.br\/loja\/wp-json\/wp\/v2\/media?parent=1964"}],"wp:term":[{"taxonomy":"product_brand","embeddable":true,"href":"https:\/\/ztlrolamentos.com.br\/loja\/wp-json\/wp\/v2\/product_brand?post=1964"},{"taxonomy":"product_cat","embeddable":true,"href":"https:\/\/ztlrolamentos.com.br\/loja\/wp-json\/wp\/v2\/product_cat?post=1964"},{"taxonomy":"product_tag","embeddable":true,"href":"https:\/\/ztlrolamentos.com.br\/loja\/wp-json\/wp\/v2\/product_tag?post=1964"}],"curies":[{"name":"wp","href":"https:\/\/api.w.org\/{rel}","templated":true}]}}