{"id":1957,"date":"2024-07-10T16:21:48","date_gmt":"2024-07-10T19:21:48","guid":{"rendered":"https:\/\/ztlrolamentos.com.br\/loja\/?post_type=product&#038;p=1957"},"modified":"2024-07-10T16:40:57","modified_gmt":"2024-07-10T19:40:57","slug":"rolamento-208krrah04-roda-traseira-ford-f100","status":"publish","type":"product","link":"https:\/\/ztlrolamentos.com.br\/loja\/produto\/rolamento-208krrah04-roda-traseira-ford-f100\/","title":{"rendered":"Rolamento 208KRRAH04 Roda Traseira Ford F100"},"content":{"rendered":"<p>Cont\u00e9m 1 Pe\u00e7a;<\/p>\n<p>Descri\u00e7\u00e3o do item: Rolamento 208KRRAH04 Roda Traseira FORD f100<\/p>\n<p>VE\u00cdCULOS COMPAT\u00cdVEIS:<\/p>\n<p>FORD<\/p>\n<p>FORD F-100 1957 at\u00e9 1982 4.5 TODOS<\/p>\n<p>FORD F-100 1976 at\u00e9 1986 2.3 TODOS<\/p>\n<p>FORD F-75 1975 at\u00e9 1982 2.3 OHC<\/p>\n<p>FORD F-75 8\/ 1968 at\u00e9 &#8230; 2.6 TODOS<\/p>\n<p>FORD JEEP 1968 at\u00e9 &#8230; 2.3 TODOS<\/p>\n<p>FORD JEEP 1968 at\u00e9 &#8230; 2.6 TODOS<\/p>\n<p>AERO WILLYS &#8211; 1968 A 1971<\/p>\n<p>F1000<\/p>\n<p>F75 &#8211; 1968 A 1971<\/p>\n<p>GALAXIE &#8211; 1974 EM DIANTE.<\/p>\n<p>MAVERICK 1973 A 1978<\/p>\n<p>RURAL WILLYS &#8211; 1968 A 197<\/p>\n<p>As fotos deste an\u00fancio s\u00e3o meramente ilustrativas.<br \/>\nPE\u00c7AS PARA CAMINH\u00d5ES, VANS, \u00d4NIBUS, TRATORES E M\u00c1QUINAS PESADAS<br \/>\n______________________________________________________________<br \/>\nPe\u00e7as nacionais e importadas, com excelente pre\u00e7o e prazo de entrega.<\/p>\n<p>Encaminhe suas d\u00favidas na \u00e1rea de perguntas antes de comprar.<\/p>\n<p>Nossa equipe \u00e9 especializada e vai ajudar voc\u00ea a encontrar o produto certo para seu ve\u00edculo.<\/p>\n<p>PARA UMA MELHOR COMPRA:<br \/>\n&#8211; Confira se o endere\u00e7o de entrega est\u00e1 completo e correto. Mantenha seus dados atualizados.<br \/>\n&#8211; N\u00e3o utilize Caixa Postal como endere\u00e7o de entrega.<br \/>\n&#8211; Antes de concretizar sua compra, tire suas d\u00favidas na \u00e1rea de perguntas.<br \/>\n&#8211; Se necess\u00e1rio, confirme a aplica\u00e7\u00e3o com seu mec\u00e2nico.<\/p>\n<p>Muito obrigado,<\/p>\n<p>GARANTIA DE ENTREGA OU SEU DINHEIRO DE VOLTA.<\/p>\n<p>Equipe MM COMERCIAL \u2013 Prazer em servir!<\/p>\n<p>Garantia do vendedor: 180 dia<\/p>\n","protected":false},"excerpt":{"rendered":"<p>Cont\u00e9m 1 Pe\u00e7a; Descri\u00e7\u00e3o do item: Rolamento 208KRRAH04 Roda Traseira FORD f100 VE\u00cdCULOS COMPAT\u00cdVEIS: FORD FORD F-100 1957 at\u00e9 1982 4.5 TODOS FORD F-100 1976 at\u00e9 1986 2.3 TODOS FORD F-75 1975 at\u00e9 1982 2.3 OHC FORD F-75 8\/ 1968 at\u00e9 &#8230; 2.6 TODOS FORD JEEP 1968 at\u00e9 &#8230; 2.3 TODOS FORD JEEP 1968 at\u00e9 &#8230; 2.6 TODOS AERO WILLYS &#8211; 1968 A 1971 F1000 F75 &#8211; 1968 A 1971 GALAXIE &#8211; 1974 EM DIANTE. MAVERICK 1973 A 1978 RURAL WILLYS &#8211; 1968 A 197 As fotos deste an\u00fancio s\u00e3o meramente ilustrativas. PE\u00c7AS PARA CAMINH\u00d5ES, VANS, \u00d4NIBUS, TRATORES E M\u00c1QUINAS PESADAS ______________________________________________________________ Pe\u00e7as nacionais e importadas, com excelente pre\u00e7o e&hellip; <a class=\"read-more\" href=\"https:\/\/ztlrolamentos.com.br\/loja\/produto\/rolamento-208krrah04-roda-traseira-ford-f100\/\">Leia Mais<\/a><\/p>\n","protected":false},"featured_media":1959,"comment_status":"open","ping_status":"closed","template":"","meta":{"_joinchat":{"telephone":"+5511963066903"}},"product_brand":[],"product_cat":[15,148,37,160],"product_tag":[],"class_list":{"0":"post-1957","1":"product","2":"type-product","3":"status-publish","4":"has-post-thumbnail","6":"product_cat-sem-categoria","7":"product_cat-linha-pesada-conicos","8":"product_cat-rolamento","9":"product_cat-utilitarios-conicos","11":"first","12":"instock","13":"sale","14":"taxable","15":"shipping-taxable","16":"purchasable","17":"product-type-simple"},"_links":{"self":[{"href":"https:\/\/ztlrolamentos.com.br\/loja\/wp-json\/wp\/v2\/product\/1957","targetHints":{"allow":["GET"]}}],"collection":[{"href":"https:\/\/ztlrolamentos.com.br\/loja\/wp-json\/wp\/v2\/product"}],"about":[{"href":"https:\/\/ztlrolamentos.com.br\/loja\/wp-json\/wp\/v2\/types\/product"}],"replies":[{"embeddable":true,"href":"https:\/\/ztlrolamentos.com.br\/loja\/wp-json\/wp\/v2\/comments?post=1957"}],"wp:featuredmedia":[{"embeddable":true,"href":"https:\/\/ztlrolamentos.com.br\/loja\/wp-json\/wp\/v2\/media\/1959"}],"wp:attachment":[{"href":"https:\/\/ztlrolamentos.com.br\/loja\/wp-json\/wp\/v2\/media?parent=1957"}],"wp:term":[{"taxonomy":"product_brand","embeddable":true,"href":"https:\/\/ztlrolamentos.com.br\/loja\/wp-json\/wp\/v2\/product_brand?post=1957"},{"taxonomy":"product_cat","embeddable":true,"href":"https:\/\/ztlrolamentos.com.br\/loja\/wp-json\/wp\/v2\/product_cat?post=1957"},{"taxonomy":"product_tag","embeddable":true,"href":"https:\/\/ztlrolamentos.com.br\/loja\/wp-json\/wp\/v2\/product_tag?post=1957"}],"curies":[{"name":"wp","href":"https:\/\/api.w.org\/{rel}","templated":true}]}}