{"id":1936,"date":"2023-06-16T11:50:44","date_gmt":"2023-06-16T14:50:44","guid":{"rendered":"https:\/\/www.lpicomercial.com.br\/?post_type=product&#038;p=1936"},"modified":"2024-07-10T16:38:01","modified_gmt":"2024-07-10T19:38:01","slug":"rolamento-2340-he-bucha-de-fixacao-em-polegadas","status":"publish","type":"product","link":"https:\/\/ztlrolamentos.com.br\/loja\/produto\/rolamento-2340-he-bucha-de-fixacao-em-polegadas\/","title":{"rendered":"ROLAMENTO 2340-HE BUCHA DE FIXA\u00c7\u00c3O EM POLEGADAS"},"content":{"rendered":"<p>LPI.PRODUTOS DE QUALIDADE PARA SEU VE\u00cdCULO. LINHA LEVE,PESADA E VANS.<\/p>\n<p><span style=\"color: #00ccff\"><strong>APLICA\u00c7\u00c3O:<\/strong><\/span><\/p>\n<p>Usada para fixar rolamento de furo c\u00f4nico em eixo liso (toler\u00e2ncia m\u00e1xima h10), sem encosto.<br \/>\n\u00c9 composta por 3 partes: a bucha, uma porca e uma arruela de trava ou grampo MS. S\u00e3o fornecidas sempre com esse conjunto completo.<\/p>\n<p>Dimens\u00f5es:<\/p>\n<table>\n<tbody>\n<tr>\n<td>d1:<\/td>\n<td>177,8\u00a0mm\u00a0(7&#8243;)<\/td>\n<td>Medida do Eixo<\/td>\n<\/tr>\n<tr>\n<td>d:<\/td>\n<td>200 mm<\/td>\n<td>Di\u00e2metro Interno do Rolamento<\/td>\n<\/tr>\n<tr>\n<td>G:<\/td>\n<td>M\u00a0200&#215;3 mm<\/td>\n<td>Rosca<\/td>\n<\/tr>\n<tr>\n<td>l:<\/td>\n<td>176 mm<\/td>\n<td>Comprimento<\/td>\n<\/tr>\n<tr>\n<td>Dm:<\/td>\n<td>250 mm<\/td>\n<td>Di\u00e2metro Externo da Porca<\/td>\n<\/tr>\n<\/tbody>\n<\/table>\n<p>Peso:<\/p>\n<table>\n<tbody>\n<tr>\n<td>13.6 kg<\/td>\n<\/tr>\n<\/tbody>\n<\/table>\n<p>Conicidade:<\/p>\n<table>\n<tbody>\n<tr>\n<td>1:12<\/td>\n<\/tr>\n<\/tbody>\n<\/table>\n<p>Rolamentos Compat\u00edveis:<\/p>\n<table>\n<tbody>\n<tr>\n<td>22340K<\/td>\n<\/tr>\n<tr>\n<td>23240K<\/td>\n<\/tr>\n<\/tbody>\n<\/table>\n<p>Acompanha:<\/p>\n<table>\n<tbody>\n<tr>\n<td>Porca de Fixa\u00e7\u00e3o<\/td>\n<td>KM\u00a040<\/td>\n<\/tr>\n<tr>\n<td>Arruela de Trava<\/td>\n<td>MB\u00a040<\/td>\n<\/tr>\n<\/tbody>\n<\/table>\n<p>Ferramentas\u00a0(n\u00e3o inclu\u00eddas):<\/p>\n<table>\n<tbody>\n<tr>\n<td>Chave de Gancho<\/td>\n<td>HN\u00a040<\/td>\n<\/tr>\n<tr>\n<td>Porca Hidr\u00e1ulica<\/td>\n<td>HMV\u00a040E<\/td>\n<\/tr>\n<\/tbody>\n<\/table>\n<table>\n<tbody>\n<tr>\n<td>Dispon\u00edvel na vers\u00e3o hidr\u00e1ulica,\u00a0OHE\u00a02340H<\/td>\n<\/tr>\n<\/tbody>\n<\/table>\n<div class=\"title\">\n<p>&nbsp;<\/p>\n<p><span style=\"color: #00ccff\"><strong>MARCA:<\/strong><\/span> \u00a0ZTL HE-2340<\/p>\n<\/div>\n<p><span style=\"color: #00ccff\"><strong>PRODUTO NOVO<\/strong><\/span><\/p>\n<p><strong><span style=\"color: #00ccff\">GARANTIA:<\/span>\u00a0<\/strong> 90 dias ap\u00f3s o recebimento do produto. Todas as garantias s\u00e3o dadas pelos fabricantes, e variam de produto para produto. Para devolu\u00e7\u00f5es, os produtos dever\u00e3o ser remetidos em suas embalagens originais e caso for constatado mal uso, o custo ser\u00e1 por parte do comprador.<\/p>\n","protected":false},"excerpt":{"rendered":"<p>LPI.PRODUTOS DE QUALIDADE PARA SEU VE\u00cdCULO. LINHA LEVE,PESADA E VANS. APLICA\u00c7\u00c3O: Usada para fixar rolamento de furo c\u00f4nico em eixo liso (toler\u00e2ncia m\u00e1xima h10), sem encosto. \u00c9 composta por 3 partes: a bucha, uma porca e uma arruela de trava ou grampo MS. S\u00e3o fornecidas sempre com esse conjunto completo. Dimens\u00f5es: d1: 177,8\u00a0mm\u00a0(7&#8243;) Medida do Eixo d: 200 mm Di\u00e2metro Interno do Rolamento G: M\u00a0200&#215;3 mm Rosca l: 176 mm Comprimento Dm: 250 mm Di\u00e2metro Externo da Porca Peso: 13.6 kg Conicidade: 1:12 Rolamentos Compat\u00edveis: 22340K 23240K Acompanha: Porca de Fixa\u00e7\u00e3o KM\u00a040 Arruela de Trava MB\u00a040 Ferramentas\u00a0(n\u00e3o inclu\u00eddas): Chave de Gancho HN\u00a040 Porca Hidr\u00e1ulica HMV\u00a040E Dispon\u00edvel na vers\u00e3o hidr\u00e1ulica,\u00a0OHE\u00a02340H &nbsp;&hellip; <a class=\"read-more\" href=\"https:\/\/ztlrolamentos.com.br\/loja\/produto\/rolamento-2340-he-bucha-de-fixacao-em-polegadas\/\">Leia Mais<\/a><\/p>\n","protected":false},"featured_media":1933,"comment_status":"open","ping_status":"closed","template":"","meta":{"_joinchat":[]},"product_brand":[],"product_cat":[15],"product_tag":[],"class_list":{"0":"post-1936","1":"product","2":"type-product","3":"status-publish","4":"has-post-thumbnail","6":"product_cat-sem-categoria","8":"first","9":"instock","10":"taxable","11":"shipping-taxable","12":"purchasable","13":"product-type-simple"},"_links":{"self":[{"href":"https:\/\/ztlrolamentos.com.br\/loja\/wp-json\/wp\/v2\/product\/1936","targetHints":{"allow":["GET"]}}],"collection":[{"href":"https:\/\/ztlrolamentos.com.br\/loja\/wp-json\/wp\/v2\/product"}],"about":[{"href":"https:\/\/ztlrolamentos.com.br\/loja\/wp-json\/wp\/v2\/types\/product"}],"replies":[{"embeddable":true,"href":"https:\/\/ztlrolamentos.com.br\/loja\/wp-json\/wp\/v2\/comments?post=1936"}],"wp:featuredmedia":[{"embeddable":true,"href":"https:\/\/ztlrolamentos.com.br\/loja\/wp-json\/wp\/v2\/media\/1933"}],"wp:attachment":[{"href":"https:\/\/ztlrolamentos.com.br\/loja\/wp-json\/wp\/v2\/media?parent=1936"}],"wp:term":[{"taxonomy":"product_brand","embeddable":true,"href":"https:\/\/ztlrolamentos.com.br\/loja\/wp-json\/wp\/v2\/product_brand?post=1936"},{"taxonomy":"product_cat","embeddable":true,"href":"https:\/\/ztlrolamentos.com.br\/loja\/wp-json\/wp\/v2\/product_cat?post=1936"},{"taxonomy":"product_tag","embeddable":true,"href":"https:\/\/ztlrolamentos.com.br\/loja\/wp-json\/wp\/v2\/product_tag?post=1936"}],"curies":[{"name":"wp","href":"https:\/\/api.w.org\/{rel}","templated":true}]}}