{"id":1932,"date":"2023-06-16T11:37:27","date_gmt":"2023-06-16T14:37:27","guid":{"rendered":"https:\/\/www.lpicomercial.com.br\/?post_type=product&#038;p=1932"},"modified":"2024-07-10T16:38:01","modified_gmt":"2024-07-10T19:38:01","slug":"rolamento-he-2316-bucha-de-fixacao","status":"publish","type":"product","link":"https:\/\/ztlrolamentos.com.br\/loja\/produto\/rolamento-he-2316-bucha-de-fixacao\/","title":{"rendered":"ROLAMENTO HE-2316 BUCHA DE FIXA\u00c7\u00c3O"},"content":{"rendered":"<p>LPI.PRODUTOS DE QUALIDADE PARA SEU VE\u00cdCULO. LINHA LEVE,PESADA E VANS.<\/p>\n<p><span style=\"color: #00ccff\"><strong>APLICA\u00c7\u00c3O:<\/strong><\/span><\/p>\n<p><span class=\"long-description\">As buchas de fixa\u00e7\u00e3o s\u00e3o os componentes mais usados para fixar rolamentos com furo c\u00f4nico em um assento cil\u00edndrico, pois podem ser usadas em eixos lisos ou escalonados. Elas s\u00e3o fendidas e fornecidas completas com uma porca de fixa\u00e7\u00e3o KM e uma arruela de fixa\u00e7\u00e3o MB.<\/span><\/p>\n<ul class=\"benefits\">\n<li>F\u00e1cil de instalar<\/li>\n<li>Completo com porca de fixa\u00e7\u00e3o<\/li>\n<li>Completo com dispositivo de fixa\u00e7\u00e3o<\/li>\n<\/ul>\n<div class=\"title\">\n<p><span style=\"color: #00ccff\"><strong>MARCA:<\/strong><\/span> \u00a0ZTL HE-2316<\/p>\n<\/div>\n<p><span class=\"name\">Di\u00e2metro do furo <span class=\"value\">69.85<\/span><span class=\"unit\">\u00a0mm<\/span><\/span><\/p>\n<p><span class=\"name\">Largura 78<\/span><span class=\"unit\">\u00a0mm<\/span><\/p>\n<p><span class=\"name\">Designa\u00e7\u00e3o da rosca <\/span><span class=\"value\">M 80&#215;2<\/span><\/p>\n<p><span style=\"color: #00ccff\"><strong>PRODUTO NOVO<\/strong><\/span><\/p>\n<p><strong><span style=\"color: #00ccff\">GARANTIA:<\/span>\u00a0<\/strong> 90 dias ap\u00f3s o recebimento do produto. Todas as garantias s\u00e3o dadas pelos fabricantes, e variam de produto para produto. Para devolu\u00e7\u00f5es, os produtos dever\u00e3o ser remetidos em suas embalagens originais e caso for constatado mal uso, o custo ser\u00e1 por parte do comprador.<\/p>\n","protected":false},"excerpt":{"rendered":"<p>LPI.PRODUTOS DE QUALIDADE PARA SEU VE\u00cdCULO. LINHA LEVE,PESADA E VANS. APLICA\u00c7\u00c3O: As buchas de fixa\u00e7\u00e3o s\u00e3o os componentes mais usados para fixar rolamentos com furo c\u00f4nico em um assento cil\u00edndrico, pois podem ser usadas em eixos lisos ou escalonados. Elas s\u00e3o fendidas e fornecidas completas com uma porca de fixa\u00e7\u00e3o KM e uma arruela de fixa\u00e7\u00e3o MB. F\u00e1cil de instalar Completo com porca de fixa\u00e7\u00e3o Completo com dispositivo de fixa\u00e7\u00e3o MARCA: \u00a0ZTL HE-2316 Di\u00e2metro do furo 69.85\u00a0mm Largura 78\u00a0mm Designa\u00e7\u00e3o da rosca M 80&#215;2 PRODUTO NOVO GARANTIA:\u00a0 90 dias ap\u00f3s o recebimento do produto. Todas as garantias s\u00e3o dadas pelos fabricantes, e variam de produto para produto. Para devolu\u00e7\u00f5es, os&hellip; <a class=\"read-more\" href=\"https:\/\/ztlrolamentos.com.br\/loja\/produto\/rolamento-he-2316-bucha-de-fixacao\/\">Leia Mais<\/a><\/p>\n","protected":false},"featured_media":1933,"comment_status":"open","ping_status":"closed","template":"","meta":{"_joinchat":[]},"product_brand":[],"product_cat":[15],"product_tag":[],"class_list":{"0":"post-1932","1":"product","2":"type-product","3":"status-publish","4":"has-post-thumbnail","6":"product_cat-sem-categoria","8":"first","9":"instock","10":"taxable","11":"shipping-taxable","12":"purchasable","13":"product-type-simple"},"_links":{"self":[{"href":"https:\/\/ztlrolamentos.com.br\/loja\/wp-json\/wp\/v2\/product\/1932","targetHints":{"allow":["GET"]}}],"collection":[{"href":"https:\/\/ztlrolamentos.com.br\/loja\/wp-json\/wp\/v2\/product"}],"about":[{"href":"https:\/\/ztlrolamentos.com.br\/loja\/wp-json\/wp\/v2\/types\/product"}],"replies":[{"embeddable":true,"href":"https:\/\/ztlrolamentos.com.br\/loja\/wp-json\/wp\/v2\/comments?post=1932"}],"wp:featuredmedia":[{"embeddable":true,"href":"https:\/\/ztlrolamentos.com.br\/loja\/wp-json\/wp\/v2\/media\/1933"}],"wp:attachment":[{"href":"https:\/\/ztlrolamentos.com.br\/loja\/wp-json\/wp\/v2\/media?parent=1932"}],"wp:term":[{"taxonomy":"product_brand","embeddable":true,"href":"https:\/\/ztlrolamentos.com.br\/loja\/wp-json\/wp\/v2\/product_brand?post=1932"},{"taxonomy":"product_cat","embeddable":true,"href":"https:\/\/ztlrolamentos.com.br\/loja\/wp-json\/wp\/v2\/product_cat?post=1932"},{"taxonomy":"product_tag","embeddable":true,"href":"https:\/\/ztlrolamentos.com.br\/loja\/wp-json\/wp\/v2\/product_tag?post=1932"}],"curies":[{"name":"wp","href":"https:\/\/api.w.org\/{rel}","templated":true}]}}