{"id":1922,"date":"2023-06-16T10:44:41","date_gmt":"2023-06-16T13:44:41","guid":{"rendered":"https:\/\/www.lpicomercial.com.br\/?post_type=product&#038;p=1922"},"modified":"2024-07-10T16:38:02","modified_gmt":"2024-07-10T19:38:02","slug":"rolamento-h-3124-bucha-de-fixacao-com-porca-de-fixacao-km","status":"publish","type":"product","link":"https:\/\/ztlrolamentos.com.br\/loja\/produto\/rolamento-h-3124-bucha-de-fixacao-com-porca-de-fixacao-km\/","title":{"rendered":"ROLAMENTO H-3124 BUCHA DE FIXA\u00c7\u00c3O COM PORCA DE FIXA\u00c7\u00c3O KM"},"content":{"rendered":"<p>LPI.PRODUTOS DE QUALIDADE PARA SEU VE\u00cdCULO. LINHA LEVE,PESADA E VANS.<\/p>\n<p><span style=\"color: #00ccff\"><strong>APLICA\u00c7\u00c3O:<\/strong><\/span><\/p>\n<div class=\"title\">\n<p><span class=\"long-description\">As buchas de fixa\u00e7\u00e3o s\u00e3o os componentes mais usados para fixar rolamentos com furo c\u00f4nico em um assento cil\u00edndrico, pois podem ser usadas em eixos lisos ou escalonados. Elas s\u00e3o fendidas e fornecidas completas com uma porca de fixa\u00e7\u00e3o KM e uma arruela de fixa\u00e7\u00e3o MB.<\/span><\/p>\n<ul class=\"benefits\">\n<li>F\u00e1cil de instalar<\/li>\n<li>Completo com porca de fixa\u00e7\u00e3o<\/li>\n<li>Completo com dispositivo de fixa\u00e7\u00e3o<\/li>\n<\/ul>\n<p><span style=\"color: #00ccff\"><strong>MARCA:<\/strong><\/span> \u00a0ZTL H-3124<\/p>\n<\/div>\n<table class=\"table\" aria-describedby=\"Dimens\u00f5es\">\n<tbody>\n<tr>\n<td class=\"feature-name\"><span class=\"name\">Di\u00e2metro do furo<\/span><\/td>\n<td class=\"feature-value value-no-wrap\"><span class=\"value\">110 <\/span><span class=\"unit\">mm<\/span><\/td>\n<\/tr>\n<tr>\n<td class=\"feature-name\"><span class=\"name\">Largura<\/span><\/td>\n<td class=\"feature-value value-no-wrap\"><span class=\"value\">88<\/span><span class=\"unit\">\u00a0mm<\/span><\/td>\n<\/tr>\n<tr>\n<td class=\"feature-name\"><span class=\"name\">Designa\u00e7\u00e3o da rosca<\/span><\/td>\n<td class=\"feature-value value-no-wrap\"><span class=\"value\">M120x2<\/span><\/td>\n<\/tr>\n<\/tbody>\n<\/table>\n","protected":false},"excerpt":{"rendered":"<p>LPI.PRODUTOS DE QUALIDADE PARA SEU VE\u00cdCULO. LINHA LEVE,PESADA E VANS. APLICA\u00c7\u00c3O: As buchas de fixa\u00e7\u00e3o s\u00e3o os componentes mais usados para fixar rolamentos com furo c\u00f4nico em um assento cil\u00edndrico, pois podem ser usadas em eixos lisos ou escalonados. Elas s\u00e3o fendidas e fornecidas completas com uma porca de fixa\u00e7\u00e3o KM e uma arruela de fixa\u00e7\u00e3o MB. F\u00e1cil de instalar Completo com porca de fixa\u00e7\u00e3o Completo com dispositivo de fixa\u00e7\u00e3o MARCA: \u00a0ZTL H-3124 Di\u00e2metro do furo 110 mm Largura 88\u00a0mm Designa\u00e7\u00e3o da rosca M120x2<\/p>\n","protected":false},"featured_media":1912,"comment_status":"open","ping_status":"closed","template":"","meta":{"_joinchat":[]},"product_brand":[],"product_cat":[15],"product_tag":[],"class_list":{"0":"post-1922","1":"product","2":"type-product","3":"status-publish","4":"has-post-thumbnail","6":"product_cat-sem-categoria","8":"first","9":"instock","10":"taxable","11":"shipping-taxable","12":"purchasable","13":"product-type-simple"},"_links":{"self":[{"href":"https:\/\/ztlrolamentos.com.br\/loja\/wp-json\/wp\/v2\/product\/1922","targetHints":{"allow":["GET"]}}],"collection":[{"href":"https:\/\/ztlrolamentos.com.br\/loja\/wp-json\/wp\/v2\/product"}],"about":[{"href":"https:\/\/ztlrolamentos.com.br\/loja\/wp-json\/wp\/v2\/types\/product"}],"replies":[{"embeddable":true,"href":"https:\/\/ztlrolamentos.com.br\/loja\/wp-json\/wp\/v2\/comments?post=1922"}],"wp:featuredmedia":[{"embeddable":true,"href":"https:\/\/ztlrolamentos.com.br\/loja\/wp-json\/wp\/v2\/media\/1912"}],"wp:attachment":[{"href":"https:\/\/ztlrolamentos.com.br\/loja\/wp-json\/wp\/v2\/media?parent=1922"}],"wp:term":[{"taxonomy":"product_brand","embeddable":true,"href":"https:\/\/ztlrolamentos.com.br\/loja\/wp-json\/wp\/v2\/product_brand?post=1922"},{"taxonomy":"product_cat","embeddable":true,"href":"https:\/\/ztlrolamentos.com.br\/loja\/wp-json\/wp\/v2\/product_cat?post=1922"},{"taxonomy":"product_tag","embeddable":true,"href":"https:\/\/ztlrolamentos.com.br\/loja\/wp-json\/wp\/v2\/product_tag?post=1922"}],"curies":[{"name":"wp","href":"https:\/\/api.w.org\/{rel}","templated":true}]}}