{"id":1906,"date":"2023-06-16T09:40:21","date_gmt":"2023-06-16T12:40:21","guid":{"rendered":"https:\/\/www.lpicomercial.com.br\/?post_type=product&#038;p=1906"},"modified":"2023-06-16T09:40:21","modified_gmt":"2023-06-16T12:40:21","slug":"rolamento-h-2318v-autocompensador-de-esfera","status":"publish","type":"product","link":"https:\/\/ztlrolamentos.com.br\/loja\/produto\/rolamento-h-2318v-autocompensador-de-esfera\/","title":{"rendered":"ROLAMENTO H-2318V AUTOCOMPENSADOR DE ESFERA"},"content":{"rendered":"<p>LPI.PRODUTOS DE QUALIDADE PARA SEU VE\u00cdCULO. LINHA LEVE,PESADA E VANS.<\/p>\n<p><span style=\"color: #00ccff\"><strong>APLICA\u00c7\u00c3O:<\/strong><\/span><\/p>\n<div class=\"title\"><span class=\"long-description\">Os rolamentos autocompensadores de esferas possuem duas carreiras de esferas, uma pista esf\u00e9rica comum no anel externo e duas pistas r\u00edgidas e ininterruptas no anel interno. Eles s\u00e3o insens\u00edveis ao desalinhamento angular do eixo em rela\u00e7\u00e3o \u00e0 caixa de mancal, que pode ser causado, por exemplo, pela deflex\u00e3o do eixo.<\/span><\/p>\n<ul class=\"benefits\">\n<li>Suporta desalinhamento est\u00e1tico e din\u00e2mico<\/li>\n<li>Excelente desempenho de alta velocidade<\/li>\n<li>Excelente desempenho de carga leve<\/li>\n<li>Baixo atrito<\/li>\n<\/ul>\n<\/div>\n<p><span style=\"color: #00ccff\"><strong>MARCA:<\/strong><\/span> \u00a0ZTL H-2318<\/p>\n<p><span class=\"name\">Di\u00e2metro do furo 9<\/span><span class=\"value\">0<\/span><span class=\"unit\"> mm\u00a0<\/span><\/p>\n<p><span class=\"name\">Di\u00e2metro Externo 190<\/span><span class=\"unit\">\u00a0mm<\/span><\/p>\n<p>Largura 64 mm<\/p>\n<p><span style=\"color: #00ccff\"><strong>PRODUTO NOVO<\/strong><\/span><\/p>\n<p><strong><span style=\"color: #00ccff\">GARANTIA:<\/span>\u00a0<\/strong> 90 dias ap\u00f3s o recebimento do produto. Todas as garantias s\u00e3o dadas pelos fabricantes, e variam de produto para produto. Para devolu\u00e7\u00f5es, os produtos dever\u00e3o ser remetidos em suas embalagens originais e caso for constatado mal uso, o custo ser\u00e1 por parte do comprador.<\/p>\n","protected":false},"excerpt":{"rendered":"<p>LPI.PRODUTOS DE QUALIDADE PARA SEU VE\u00cdCULO. LINHA LEVE,PESADA E VANS. APLICA\u00c7\u00c3O: Os rolamentos autocompensadores de esferas possuem duas carreiras de esferas, uma pista esf\u00e9rica comum no anel externo e duas pistas r\u00edgidas e ininterruptas no anel interno. Eles s\u00e3o insens\u00edveis ao desalinhamento angular do eixo em rela\u00e7\u00e3o \u00e0 caixa de mancal, que pode ser causado, por exemplo, pela deflex\u00e3o do eixo. Suporta desalinhamento est\u00e1tico e din\u00e2mico Excelente desempenho de alta velocidade Excelente desempenho de carga leve Baixo atrito MARCA: \u00a0ZTL H-2318 Di\u00e2metro do furo 90 mm\u00a0 Di\u00e2metro Externo 190\u00a0mm Largura 64 mm PRODUTO NOVO GARANTIA:\u00a0 90 dias ap\u00f3s o recebimento do produto. Todas as garantias s\u00e3o dadas pelos fabricantes, e&hellip; <a class=\"read-more\" href=\"https:\/\/ztlrolamentos.com.br\/loja\/produto\/rolamento-h-2318v-autocompensador-de-esfera\/\">Leia Mais<\/a><\/p>\n","protected":false},"featured_media":1907,"comment_status":"open","ping_status":"closed","template":"","meta":{"_joinchat":[]},"product_brand":[],"product_cat":[15],"product_tag":[],"class_list":{"0":"post-1906","1":"product","2":"type-product","3":"status-publish","4":"has-post-thumbnail","6":"product_cat-sem-categoria","8":"first","9":"instock","10":"taxable","11":"shipping-taxable","12":"purchasable","13":"product-type-simple"},"_links":{"self":[{"href":"https:\/\/ztlrolamentos.com.br\/loja\/wp-json\/wp\/v2\/product\/1906","targetHints":{"allow":["GET"]}}],"collection":[{"href":"https:\/\/ztlrolamentos.com.br\/loja\/wp-json\/wp\/v2\/product"}],"about":[{"href":"https:\/\/ztlrolamentos.com.br\/loja\/wp-json\/wp\/v2\/types\/product"}],"replies":[{"embeddable":true,"href":"https:\/\/ztlrolamentos.com.br\/loja\/wp-json\/wp\/v2\/comments?post=1906"}],"wp:featuredmedia":[{"embeddable":true,"href":"https:\/\/ztlrolamentos.com.br\/loja\/wp-json\/wp\/v2\/media\/1907"}],"wp:attachment":[{"href":"https:\/\/ztlrolamentos.com.br\/loja\/wp-json\/wp\/v2\/media?parent=1906"}],"wp:term":[{"taxonomy":"product_brand","embeddable":true,"href":"https:\/\/ztlrolamentos.com.br\/loja\/wp-json\/wp\/v2\/product_brand?post=1906"},{"taxonomy":"product_cat","embeddable":true,"href":"https:\/\/ztlrolamentos.com.br\/loja\/wp-json\/wp\/v2\/product_cat?post=1906"},{"taxonomy":"product_tag","embeddable":true,"href":"https:\/\/ztlrolamentos.com.br\/loja\/wp-json\/wp\/v2\/product_tag?post=1906"}],"curies":[{"name":"wp","href":"https:\/\/api.w.org\/{rel}","templated":true}]}}