{"id":1902,"date":"2023-06-16T09:28:21","date_gmt":"2023-06-16T12:28:21","guid":{"rendered":"https:\/\/www.lpicomercial.com.br\/?post_type=product&#038;p=1902"},"modified":"2023-06-16T09:28:21","modified_gmt":"2023-06-16T12:28:21","slug":"rolamento-6580-6535-de-rolos-conicos","status":"publish","type":"product","link":"https:\/\/ztlrolamentos.com.br\/loja\/produto\/rolamento-6580-6535-de-rolos-conicos\/","title":{"rendered":"ROLAMENTO 6580\/6535 DE ROLOS C\u00d4NICOS"},"content":{"rendered":"<p>LPI.PRODUTOS DE QUALIDADE PARA SEU VE\u00cdCULO. LINHA LEVE,PESADA E VANS.<\/p>\n<p><span style=\"color: #00ccff\"><strong>APLICA\u00c7\u00c3O:<\/strong><\/span><\/p>\n<div class=\"title\"><span class=\"long-description\">Os rolamentos de rolos c\u00f4nicos de uma carreira (tamanhos em polegadas) s\u00e3o projetados para suportar cargas radiais e axiais pareadas e proporcionar baixo atrito durante a opera\u00e7\u00e3o. O anel interno, com conjunto de gaiola e rolos, pode ser montado separadamente do anel externo. Esses componentes separ\u00e1veis e intercambi\u00e1veis facilitam a montagem, desmontagem e manuten\u00e7\u00e3o. Ao montar um rolamento de rolos c\u00f4nicos de uma carreira contra outro e aplicar uma pr\u00e9-carga, \u00e9 poss\u00edvel obter uma aplica\u00e7\u00e3o de rolamento r\u00edgido.<\/span><\/p>\n<ul class=\"benefits\">\n<li>Capacidade de carga radial alta e axial<\/li>\n<li>Suporta cargas axiais em uma dire\u00e7\u00e3o<\/li>\n<li>Baixo atrito e longa vida \u00fatil<\/li>\n<li>Componentes separ\u00e1veis e intercambi\u00e1veis<\/li>\n<\/ul>\n<\/div>\n<p><span style=\"color: #00ccff\"><strong>MARCA:<\/strong><\/span> \u00a0ZTL 6580\/6535<\/p>\n<p><span class=\"name\">Di\u00e2metro do furo <\/span><span class=\"value\">88.9<\/span><span class=\"unit\">\u00a0mm<\/span><\/p>\n<p><span class=\"name\">Di\u00e2metro externo <\/span><span class=\"value\">161.925<\/span><span class=\"unit\">\u00a0mm<\/span><\/p>\n<p><span class=\"name\">Largura, total <\/span><span class=\"value\">55.1<\/span><span class=\"unit\">\u00a0mm<\/span><\/p>\n<p><span class=\"name\">Largura, anel interno <\/span><span class=\"value\">55.1<\/span><span class=\"unit\"> mm\u00a0<\/span><\/p>\n<p><span class=\"name\">Largura, anel externo <\/span><span class=\"value\">42.862<\/span><span class=\"unit\">\u00a0mm<\/span><\/p>\n<p><span class=\"name\">\u00c2ngulo de contato <\/span><span class=\"value\">14.942<\/span><span class=\"unit\">\u00a0\u00b0<\/span><\/p>\n<p><span style=\"color: #00ccff\"><strong>PRODUTO NOVO<\/strong><\/span><\/p>\n<p><strong><span style=\"color: #00ccff\">GARANTIA:<\/span>\u00a0<\/strong> 90 dias ap\u00f3s o recebimento do produto. Todas as garantias s\u00e3o dadas pelos fabricantes, e variam de produto para produto. Para devolu\u00e7\u00f5es, os produtos dever\u00e3o ser remetidos em suas embalagens originais e caso for constatado mal uso, o custo ser\u00e1 por parte do comprador.<\/p>\n","protected":false},"excerpt":{"rendered":"<p>LPI.PRODUTOS DE QUALIDADE PARA SEU VE\u00cdCULO. LINHA LEVE,PESADA E VANS. APLICA\u00c7\u00c3O: Os rolamentos de rolos c\u00f4nicos de uma carreira (tamanhos em polegadas) s\u00e3o projetados para suportar cargas radiais e axiais pareadas e proporcionar baixo atrito durante a opera\u00e7\u00e3o. O anel interno, com conjunto de gaiola e rolos, pode ser montado separadamente do anel externo. Esses componentes separ\u00e1veis e intercambi\u00e1veis facilitam a montagem, desmontagem e manuten\u00e7\u00e3o. Ao montar um rolamento de rolos c\u00f4nicos de uma carreira contra outro e aplicar uma pr\u00e9-carga, \u00e9 poss\u00edvel obter uma aplica\u00e7\u00e3o de rolamento r\u00edgido. Capacidade de carga radial alta e axial Suporta cargas axiais em uma dire\u00e7\u00e3o Baixo atrito e longa vida \u00fatil Componentes separ\u00e1veis&hellip; <a class=\"read-more\" href=\"https:\/\/ztlrolamentos.com.br\/loja\/produto\/rolamento-6580-6535-de-rolos-conicos\/\">Leia Mais<\/a><\/p>\n","protected":false},"featured_media":1903,"comment_status":"open","ping_status":"closed","template":"","meta":{"_joinchat":[]},"product_brand":[],"product_cat":[15],"product_tag":[],"class_list":{"0":"post-1902","1":"product","2":"type-product","3":"status-publish","4":"has-post-thumbnail","6":"product_cat-sem-categoria","8":"first","9":"instock","10":"taxable","11":"shipping-taxable","12":"purchasable","13":"product-type-simple"},"_links":{"self":[{"href":"https:\/\/ztlrolamentos.com.br\/loja\/wp-json\/wp\/v2\/product\/1902","targetHints":{"allow":["GET"]}}],"collection":[{"href":"https:\/\/ztlrolamentos.com.br\/loja\/wp-json\/wp\/v2\/product"}],"about":[{"href":"https:\/\/ztlrolamentos.com.br\/loja\/wp-json\/wp\/v2\/types\/product"}],"replies":[{"embeddable":true,"href":"https:\/\/ztlrolamentos.com.br\/loja\/wp-json\/wp\/v2\/comments?post=1902"}],"wp:featuredmedia":[{"embeddable":true,"href":"https:\/\/ztlrolamentos.com.br\/loja\/wp-json\/wp\/v2\/media\/1903"}],"wp:attachment":[{"href":"https:\/\/ztlrolamentos.com.br\/loja\/wp-json\/wp\/v2\/media?parent=1902"}],"wp:term":[{"taxonomy":"product_brand","embeddable":true,"href":"https:\/\/ztlrolamentos.com.br\/loja\/wp-json\/wp\/v2\/product_brand?post=1902"},{"taxonomy":"product_cat","embeddable":true,"href":"https:\/\/ztlrolamentos.com.br\/loja\/wp-json\/wp\/v2\/product_cat?post=1902"},{"taxonomy":"product_tag","embeddable":true,"href":"https:\/\/ztlrolamentos.com.br\/loja\/wp-json\/wp\/v2\/product_tag?post=1902"}],"curies":[{"name":"wp","href":"https:\/\/api.w.org\/{rel}","templated":true}]}}