{"id":1899,"date":"2023-06-16T09:12:57","date_gmt":"2023-06-16T12:12:57","guid":{"rendered":"https:\/\/www.lpicomercial.com.br\/?post_type=product&#038;p=1899"},"modified":"2024-07-11T07:43:15","modified_gmt":"2024-07-11T10:43:15","slug":"rolamento-29430-m-axial-autocompensador-de-rolos-com-gaiola-de-aco","status":"publish","type":"product","link":"https:\/\/ztlrolamentos.com.br\/loja\/produto\/rolamento-29430-m-axial-autocompensador-de-rolos-com-gaiola-de-aco\/","title":{"rendered":"ROLAMENTO 29430-M AXIAL AUTOCOMPENSADOR DE ROLOS COM GAIOLA DE A\u00c7O"},"content":{"rendered":"<p>LPI.PRODUTOS DE QUALIDADE PARA SEU VE\u00cdCULO. LINHA LEVE,PESADA E VANS.<\/p>\n<p><span style=\"color: #00ccff\"><strong>APLICA\u00c7\u00c3O:<\/strong><\/span><\/p>\n<div class=\"title\"><span class=\"category\">Rolamento axial autocompensador de rolos com gaiola de a\u00e7o estampado<\/span><\/div>\n<p><span class=\"long-description\">Os rolamentos axiais autocompensadores de rolos suportam cargas radiais consider\u00e1veis e cargas axiais muito elevadas. Eles t\u00eam a maior capacidade de carga de todos os rolamentos axiais, permitindo arranjos de rolamentos compactos e de alta densidade de pot\u00eancia. Ao combinar dois ou mais rolamentos axiais autocompensadores de rolos, \u00e9 poss\u00edvel criar um arranjo de rolamentos que seja autocompensador, permitindo o desalinhamento do eixo, ou muito r\u00edgido.<\/span><\/p>\n<ul class=\"benefits\">\n<li>Alta capacidade de carga<\/li>\n<li>Pode suportar cargas combinadas<\/li>\n<li>Permite desalinhamento ou cria arranjos de rolamentos muito r\u00edgidos<\/li>\n<li>Longa vida \u00fatil e baixo atrito<\/li>\n<li>Modelo separ\u00e1vel<\/li>\n<\/ul>\n<p><span style=\"color: #00ccff\"><strong>MARCA:<\/strong><\/span> \u00a0ZTL 29430-M<\/p>\n<p><span class=\"name\">Di\u00e2metro do furo <\/span><span class=\"value\">150<\/span><span class=\"unit\">\u00a0mm<\/span><\/p>\n<p><span class=\"name\">Di\u00e2metro externo <\/span><span class=\"value\">300<\/span><span class=\"unit\">\u00a0mm<\/span><\/p>\n<p><span class=\"name\">Espessura 90<\/span><span class=\"unit\">\u00a0mm<\/span><\/p>\n","protected":false},"excerpt":{"rendered":"<p>LPI.PRODUTOS DE QUALIDADE PARA SEU VE\u00cdCULO. LINHA LEVE,PESADA E VANS. APLICA\u00c7\u00c3O: Rolamento axial autocompensador de rolos com gaiola de a\u00e7o estampado Os rolamentos axiais autocompensadores de rolos suportam cargas radiais consider\u00e1veis e cargas axiais muito elevadas. Eles t\u00eam a maior capacidade de carga de todos os rolamentos axiais, permitindo arranjos de rolamentos compactos e de alta densidade de pot\u00eancia. Ao combinar dois ou mais rolamentos axiais autocompensadores de rolos, \u00e9 poss\u00edvel criar um arranjo de rolamentos que seja autocompensador, permitindo o desalinhamento do eixo, ou muito r\u00edgido. Alta capacidade de carga Pode suportar cargas combinadas Permite desalinhamento ou cria arranjos de rolamentos muito r\u00edgidos Longa vida \u00fatil e baixo atrito&hellip; <a class=\"read-more\" href=\"https:\/\/ztlrolamentos.com.br\/loja\/produto\/rolamento-29430-m-axial-autocompensador-de-rolos-com-gaiola-de-aco\/\">Leia Mais<\/a><\/p>\n","protected":false},"featured_media":1900,"comment_status":"open","ping_status":"closed","template":"","meta":{"_joinchat":[]},"product_brand":[],"product_cat":[15],"product_tag":[],"class_list":{"0":"post-1899","1":"product","2":"type-product","3":"status-publish","4":"has-post-thumbnail","6":"product_cat-sem-categoria","8":"first","9":"instock","10":"taxable","11":"shipping-taxable","12":"purchasable","13":"product-type-simple"},"_links":{"self":[{"href":"https:\/\/ztlrolamentos.com.br\/loja\/wp-json\/wp\/v2\/product\/1899","targetHints":{"allow":["GET"]}}],"collection":[{"href":"https:\/\/ztlrolamentos.com.br\/loja\/wp-json\/wp\/v2\/product"}],"about":[{"href":"https:\/\/ztlrolamentos.com.br\/loja\/wp-json\/wp\/v2\/types\/product"}],"replies":[{"embeddable":true,"href":"https:\/\/ztlrolamentos.com.br\/loja\/wp-json\/wp\/v2\/comments?post=1899"}],"wp:featuredmedia":[{"embeddable":true,"href":"https:\/\/ztlrolamentos.com.br\/loja\/wp-json\/wp\/v2\/media\/1900"}],"wp:attachment":[{"href":"https:\/\/ztlrolamentos.com.br\/loja\/wp-json\/wp\/v2\/media?parent=1899"}],"wp:term":[{"taxonomy":"product_brand","embeddable":true,"href":"https:\/\/ztlrolamentos.com.br\/loja\/wp-json\/wp\/v2\/product_brand?post=1899"},{"taxonomy":"product_cat","embeddable":true,"href":"https:\/\/ztlrolamentos.com.br\/loja\/wp-json\/wp\/v2\/product_cat?post=1899"},{"taxonomy":"product_tag","embeddable":true,"href":"https:\/\/ztlrolamentos.com.br\/loja\/wp-json\/wp\/v2\/product_tag?post=1899"}],"curies":[{"name":"wp","href":"https:\/\/api.w.org\/{rel}","templated":true}]}}