{"id":1891,"date":"2023-06-16T08:37:31","date_gmt":"2023-06-16T11:37:31","guid":{"rendered":"https:\/\/www.lpicomercial.com.br\/?post_type=product&#038;p=1891"},"modified":"2023-06-16T08:37:31","modified_gmt":"2023-06-16T11:37:31","slug":"rolamento29318-m","status":"publish","type":"product","link":"https:\/\/ztlrolamentos.com.br\/loja\/produto\/rolamento29318-m\/","title":{"rendered":"ROLAMENTO29318-M"},"content":{"rendered":"<p>LPI.PRODUTOS DE QUALIDADE PARA SEU VE\u00cdCULO. LINHA LEVE,PESADA E VANS.<\/p>\n<p><span style=\"color: #00ccff\"><strong>APLICA\u00c7\u00c3O:<\/strong><\/span><\/p>\n<table id=\"product-attribute-specs-table\" class=\"data-table\" style=\"height: 271px\" width=\"844\">\n<tbody>\n<tr class=\"first odd\">\n<td class=\"data last\">Rolamento Axial Autocompensador de Rolos 29318M &#8211; 90x155x39mm<\/td>\n<\/tr>\n<tr class=\"even\">\n<th class=\"label\">Produto<\/th>\n<td class=\"data last\">Rolamento<\/td>\n<\/tr>\n<tr class=\"odd\">\n<th class=\"label\">Eixo &#8211; Medida Interna (mm)<\/th>\n<td class=\"data last\">90mm<\/td>\n<\/tr>\n<tr class=\"even\">\n<th class=\"label\">Alojamento &#8211; Externo 1 (mm)<\/th>\n<td class=\"data last\">155mm<\/td>\n<\/tr>\n<tr class=\"odd\">\n<th class=\"label\">Altura 1 (mm)<\/th>\n<td class=\"data last\">39mm<\/td>\n<\/tr>\n<tr class=\"even\">\n<th class=\"label\">C\u00f3digo de f\u00e1brica<\/th>\n<td class=\"data last\">29318M<\/td>\n<\/tr>\n<tr class=\"odd\">\n<th class=\"label\">Marca<\/th>\n<td class=\"data last\">ZTL<\/td>\n<\/tr>\n<tr class=\"even\">\n<th class=\"label\">Peso<\/th>\n<td class=\"data last\">2.8500<\/td>\n<\/tr>\n<tr class=\"last odd\">\n<th class=\"label\"><\/th>\n<td class=\"data last\"><\/td>\n<\/tr>\n<\/tbody>\n<\/table>\n<p>&nbsp;<\/p>\n<p><span style=\"color: #00ccff\"><strong>MARCA:<\/strong><\/span> ZTL \u2013 29318M<\/p>\n<p><span style=\"color: #00ccff\"><strong>PRODUTO NOVO<\/strong><\/span><\/p>\n<p><strong><span style=\"color: #00ccff\">GARANTIA:<\/span>\u00a0<\/strong> 90 dias ap\u00f3s o recebimento do produto. Todas as garantias s\u00e3o dadas pelos fabricantes, e variam de produto para produto. Para devolu\u00e7\u00f5es, os produtos dever\u00e3o ser remetidos em suas embalagens originais e caso for constatado mal uso, o custo ser\u00e1 por parte do comprador.<\/p>\n","protected":false},"excerpt":{"rendered":"<p>LPI.PRODUTOS DE QUALIDADE PARA SEU VE\u00cdCULO. LINHA LEVE,PESADA E VANS. APLICA\u00c7\u00c3O: Rolamento Axial Autocompensador de Rolos 29318M &#8211; 90x155x39mm Produto Rolamento Eixo &#8211; Medida Interna (mm) 90mm Alojamento &#8211; Externo 1 (mm) 155mm Altura 1 (mm) 39mm C\u00f3digo de f\u00e1brica 29318M Marca ZTL Peso 2.8500 &nbsp; MARCA: ZTL \u2013 29318M PRODUTO NOVO GARANTIA:\u00a0 90 dias ap\u00f3s o recebimento do produto. Todas as garantias s\u00e3o dadas pelos fabricantes, e variam de produto para produto. Para devolu\u00e7\u00f5es, os produtos dever\u00e3o ser remetidos em suas embalagens originais e caso for constatado mal uso, o custo ser\u00e1 por parte do comprador.<\/p>\n","protected":false},"featured_media":1892,"comment_status":"open","ping_status":"closed","template":"","meta":{"_joinchat":[]},"product_brand":[],"product_cat":[15],"product_tag":[],"class_list":{"0":"post-1891","1":"product","2":"type-product","3":"status-publish","4":"has-post-thumbnail","6":"product_cat-sem-categoria","8":"first","9":"instock","10":"taxable","11":"shipping-taxable","12":"purchasable","13":"product-type-simple"},"_links":{"self":[{"href":"https:\/\/ztlrolamentos.com.br\/loja\/wp-json\/wp\/v2\/product\/1891","targetHints":{"allow":["GET"]}}],"collection":[{"href":"https:\/\/ztlrolamentos.com.br\/loja\/wp-json\/wp\/v2\/product"}],"about":[{"href":"https:\/\/ztlrolamentos.com.br\/loja\/wp-json\/wp\/v2\/types\/product"}],"replies":[{"embeddable":true,"href":"https:\/\/ztlrolamentos.com.br\/loja\/wp-json\/wp\/v2\/comments?post=1891"}],"wp:featuredmedia":[{"embeddable":true,"href":"https:\/\/ztlrolamentos.com.br\/loja\/wp-json\/wp\/v2\/media\/1892"}],"wp:attachment":[{"href":"https:\/\/ztlrolamentos.com.br\/loja\/wp-json\/wp\/v2\/media?parent=1891"}],"wp:term":[{"taxonomy":"product_brand","embeddable":true,"href":"https:\/\/ztlrolamentos.com.br\/loja\/wp-json\/wp\/v2\/product_brand?post=1891"},{"taxonomy":"product_cat","embeddable":true,"href":"https:\/\/ztlrolamentos.com.br\/loja\/wp-json\/wp\/v2\/product_cat?post=1891"},{"taxonomy":"product_tag","embeddable":true,"href":"https:\/\/ztlrolamentos.com.br\/loja\/wp-json\/wp\/v2\/product_tag?post=1891"}],"curies":[{"name":"wp","href":"https:\/\/api.w.org\/{rel}","templated":true}]}}