{"id":1886,"date":"2023-06-15T17:01:08","date_gmt":"2023-06-15T20:01:08","guid":{"rendered":"https:\/\/www.lpicomercial.com.br\/?post_type=product&#038;p=1886"},"modified":"2024-07-11T07:43:37","modified_gmt":"2024-07-11T10:43:37","slug":"1886","status":"publish","type":"product","link":"https:\/\/ztlrolamentos.com.br\/loja\/produto\/1886\/","title":{"rendered":"ROLAMENTO 24160-MW33C3"},"content":{"rendered":"<p>LPI.PRODUTOS DE QUALIDADE PARA SEU VE\u00cdCULO. LINHA LEVE,PESADA E VANS.<\/p>\n<p><span style=\"color: #00ccff\"><strong>APLICA\u00c7\u00c3O:<\/strong><\/span><\/p>\n<p>Os rolamentos autocompensadores de rolos possuem duas carreiras de rolos sim\u00e9tricas com uma pista esf\u00e9rica comum no anel externo e duas pistas no anel interno inclinadas em um \u00e2ngulo em rela\u00e7\u00e3o ao eixo do rolamento. O ponto central da esfera na pista do anel externo fica no eixo do rolamento.<\/p>\n<ul>\n<li>C\u00f3digo do Produto: 22316 MW33WC3<\/li>\n<li>Grupo: Rolamento Autocompensador de Rolos<\/li>\n<li>NCM:84823000<\/li>\n<li>Di\u00e2metro Interno:80mm<\/li>\n<li>Di\u00e2metro Externo:170mm<\/li>\n<li>Largura:58mm<\/li>\n<li>Peso:5,90000kg<\/li>\n<li>C\u00f3digo de barras:87796026612<\/li>\n<\/ul>\n<p><span style=\"color: #00ccff\"><strong>MARCA:<\/strong><\/span> ZTL \u2013 24160-MW33C3<\/p>\n<p><span style=\"color: #00ccff\"><strong>PRODUTO NOVO<\/strong><\/span><\/p>\n<p><strong><span style=\"color: #00ccff\">GARANTIA:<\/span>\u00a0<\/strong> 90 dias ap\u00f3s o recebimento do produto. Todas as garantias s\u00e3o dadas pelos fabricantes, e variam de produto para produto. Para devolu\u00e7\u00f5es, os produtos dever\u00e3o ser remetidos em suas embalagens originais e caso for constatado mal uso, o custo ser\u00e1 por parte do comprador.<\/p>\n","protected":false},"excerpt":{"rendered":"<p>LPI.PRODUTOS DE QUALIDADE PARA SEU VE\u00cdCULO. LINHA LEVE,PESADA E VANS. APLICA\u00c7\u00c3O: Os rolamentos autocompensadores de rolos possuem duas carreiras de rolos sim\u00e9tricas com uma pista esf\u00e9rica comum no anel externo e duas pistas no anel interno inclinadas em um \u00e2ngulo em rela\u00e7\u00e3o ao eixo do rolamento. O ponto central da esfera na pista do anel externo fica no eixo do rolamento. C\u00f3digo do Produto: 22316 MW33WC3 Grupo: Rolamento Autocompensador de Rolos NCM:84823000 Di\u00e2metro Interno:80mm Di\u00e2metro Externo:170mm Largura:58mm Peso:5,90000kg C\u00f3digo de barras:87796026612 MARCA: ZTL \u2013 24160-MW33C3 PRODUTO NOVO GARANTIA:\u00a0 90 dias ap\u00f3s o recebimento do produto. Todas as garantias s\u00e3o dadas pelos fabricantes, e variam de produto para produto. Para devolu\u00e7\u00f5es,&hellip; <a class=\"read-more\" href=\"https:\/\/ztlrolamentos.com.br\/loja\/produto\/1886\/\">Leia Mais<\/a><\/p>\n","protected":false},"featured_media":1887,"comment_status":"open","ping_status":"closed","template":"","meta":{"_joinchat":[]},"product_brand":[],"product_cat":[15],"product_tag":[],"class_list":{"0":"post-1886","1":"product","2":"type-product","3":"status-publish","4":"has-post-thumbnail","6":"product_cat-sem-categoria","8":"first","9":"instock","10":"taxable","11":"shipping-taxable","12":"purchasable","13":"product-type-simple"},"_links":{"self":[{"href":"https:\/\/ztlrolamentos.com.br\/loja\/wp-json\/wp\/v2\/product\/1886","targetHints":{"allow":["GET"]}}],"collection":[{"href":"https:\/\/ztlrolamentos.com.br\/loja\/wp-json\/wp\/v2\/product"}],"about":[{"href":"https:\/\/ztlrolamentos.com.br\/loja\/wp-json\/wp\/v2\/types\/product"}],"replies":[{"embeddable":true,"href":"https:\/\/ztlrolamentos.com.br\/loja\/wp-json\/wp\/v2\/comments?post=1886"}],"wp:featuredmedia":[{"embeddable":true,"href":"https:\/\/ztlrolamentos.com.br\/loja\/wp-json\/wp\/v2\/media\/1887"}],"wp:attachment":[{"href":"https:\/\/ztlrolamentos.com.br\/loja\/wp-json\/wp\/v2\/media?parent=1886"}],"wp:term":[{"taxonomy":"product_brand","embeddable":true,"href":"https:\/\/ztlrolamentos.com.br\/loja\/wp-json\/wp\/v2\/product_brand?post=1886"},{"taxonomy":"product_cat","embeddable":true,"href":"https:\/\/ztlrolamentos.com.br\/loja\/wp-json\/wp\/v2\/product_cat?post=1886"},{"taxonomy":"product_tag","embeddable":true,"href":"https:\/\/ztlrolamentos.com.br\/loja\/wp-json\/wp\/v2\/product_tag?post=1886"}],"curies":[{"name":"wp","href":"https:\/\/api.w.org\/{rel}","templated":true}]}}