{"id":1880,"date":"2023-06-15T16:29:17","date_gmt":"2023-06-15T19:29:17","guid":{"rendered":"https:\/\/www.lpicomercial.com.br\/?post_type=product&#038;p=1880"},"modified":"2024-07-11T07:42:18","modified_gmt":"2024-07-11T10:42:18","slug":"rolamento-24080-caw33c3","status":"publish","type":"product","link":"https:\/\/ztlrolamentos.com.br\/loja\/produto\/rolamento-24080-caw33c3\/","title":{"rendered":"ROLAMENTO 24080-CAW33C3"},"content":{"rendered":"<p>LPI.PRODUTOS DE QUALIDADE PARA SEU VE\u00cdCULO. LINHA LEVE,PESADA E VANS.<\/p>\n<p><span style=\"color: #00ccff\"><strong>APLICA\u00c7\u00c3O:<\/strong><\/span><\/p>\n<p><span class=\"long-description\">Os rolamentos autocompensadores de rolos podem suportar cargas elevadas em ambas as dire\u00e7\u00f5es. Eles s\u00e3o autocompensadores e se adaptam a desalinhamentos e deflex\u00f5es do eixo praticamente sem aumento de atrito ou temperatura. O design inclui recursos para facilitar a relubrifica\u00e7\u00e3o. Os rolamentos podem ser usados em um sistema modular, incluindo caixas de mancal, buchas e porcas.<\/span><\/p>\n<ul class=\"benefits\">\n<li>Suporta desalinhamento<\/li>\n<li>Alta capacidade de carga<\/li>\n<li>Recursos de relubrifica\u00e7\u00e3o<\/li>\n<li>Baixo atrito e longa vida \u00fatil<\/li>\n<li>Maior resist\u00eancia ao desgaste<\/li>\n<li><span class=\"name\">Di\u00e2metro do furo <\/span><span class=\"value\">400 mm <\/span><span class=\"name\">Di\u00e2metro externo <\/span><span class=\"value\">600<\/span><span class=\"unit\"> mm\u00a0<\/span><span class=\"name\">Largura <\/span><span class=\"value\">200<\/span><span class=\"unit\">\u00a0mm<\/span><\/li>\n<\/ul>\n<p>&nbsp;<\/p>\n<p><span style=\"color: #00ccff\"><strong>MARCA:<\/strong><\/span> ZTL \u2013 24080-CAW33C3<\/p>\n<p><span style=\"color: #00ccff\"><strong>PRODUTO NOVO<\/strong><\/span><\/p>\n<p><strong><span style=\"color: #00ccff\">GARANTIA:<\/span>\u00a0<\/strong> 90 dias ap\u00f3s o recebimento do produto. Todas as garantias s\u00e3o dadas pelos fabricantes, e variam de produto para produto. Para devolu\u00e7\u00f5es, os produtos dever\u00e3o ser remetidos em suas embalagens originais e caso for constatado mal uso, o custo ser\u00e1 por parte do comprador.<\/p>\n","protected":false},"excerpt":{"rendered":"<p>LPI.PRODUTOS DE QUALIDADE PARA SEU VE\u00cdCULO. LINHA LEVE,PESADA E VANS. APLICA\u00c7\u00c3O: Os rolamentos autocompensadores de rolos podem suportar cargas elevadas em ambas as dire\u00e7\u00f5es. Eles s\u00e3o autocompensadores e se adaptam a desalinhamentos e deflex\u00f5es do eixo praticamente sem aumento de atrito ou temperatura. O design inclui recursos para facilitar a relubrifica\u00e7\u00e3o. Os rolamentos podem ser usados em um sistema modular, incluindo caixas de mancal, buchas e porcas. Suporta desalinhamento Alta capacidade de carga Recursos de relubrifica\u00e7\u00e3o Baixo atrito e longa vida \u00fatil Maior resist\u00eancia ao desgaste Di\u00e2metro do furo 400 mm Di\u00e2metro externo 600 mm\u00a0Largura 200\u00a0mm &nbsp; MARCA: ZTL \u2013 24080-CAW33C3 PRODUTO NOVO GARANTIA:\u00a0 90 dias ap\u00f3s o recebimento do&hellip; <a class=\"read-more\" href=\"https:\/\/ztlrolamentos.com.br\/loja\/produto\/rolamento-24080-caw33c3\/\">Leia Mais<\/a><\/p>\n","protected":false},"featured_media":1881,"comment_status":"open","ping_status":"closed","template":"","meta":{"_joinchat":[]},"product_brand":[],"product_cat":[15],"product_tag":[],"class_list":{"0":"post-1880","1":"product","2":"type-product","3":"status-publish","4":"has-post-thumbnail","6":"product_cat-sem-categoria","8":"first","9":"instock","10":"taxable","11":"shipping-taxable","12":"purchasable","13":"product-type-simple"},"_links":{"self":[{"href":"https:\/\/ztlrolamentos.com.br\/loja\/wp-json\/wp\/v2\/product\/1880","targetHints":{"allow":["GET"]}}],"collection":[{"href":"https:\/\/ztlrolamentos.com.br\/loja\/wp-json\/wp\/v2\/product"}],"about":[{"href":"https:\/\/ztlrolamentos.com.br\/loja\/wp-json\/wp\/v2\/types\/product"}],"replies":[{"embeddable":true,"href":"https:\/\/ztlrolamentos.com.br\/loja\/wp-json\/wp\/v2\/comments?post=1880"}],"wp:featuredmedia":[{"embeddable":true,"href":"https:\/\/ztlrolamentos.com.br\/loja\/wp-json\/wp\/v2\/media\/1881"}],"wp:attachment":[{"href":"https:\/\/ztlrolamentos.com.br\/loja\/wp-json\/wp\/v2\/media?parent=1880"}],"wp:term":[{"taxonomy":"product_brand","embeddable":true,"href":"https:\/\/ztlrolamentos.com.br\/loja\/wp-json\/wp\/v2\/product_brand?post=1880"},{"taxonomy":"product_cat","embeddable":true,"href":"https:\/\/ztlrolamentos.com.br\/loja\/wp-json\/wp\/v2\/product_cat?post=1880"},{"taxonomy":"product_tag","embeddable":true,"href":"https:\/\/ztlrolamentos.com.br\/loja\/wp-json\/wp\/v2\/product_tag?post=1880"}],"curies":[{"name":"wp","href":"https:\/\/api.w.org\/{rel}","templated":true}]}}