{"id":1878,"date":"2023-06-15T16:22:08","date_gmt":"2023-06-15T19:22:08","guid":{"rendered":"https:\/\/www.lpicomercial.com.br\/?post_type=product&#038;p=1878"},"modified":"2023-06-15T16:22:08","modified_gmt":"2023-06-15T19:22:08","slug":"rolamento-23240-kmw33c3-autocompensador-de-rolos","status":"publish","type":"product","link":"https:\/\/ztlrolamentos.com.br\/loja\/produto\/rolamento-23240-kmw33c3-autocompensador-de-rolos\/","title":{"rendered":"ROLAMENTO 23240-KMW33C3 AUTOCOMPENSADOR DE ROLOS"},"content":{"rendered":"<p>LPI.PRODUTOS DE QUALIDADE PARA SEU VE\u00cdCULO. LINHA LEVE,PESADA E VANS.<\/p>\n<p><span style=\"color: #00ccff\"><strong>APLICA\u00c7\u00c3O:<\/strong><\/span><\/p>\n<p>Rolamento autocompensador de rolos em forma de tonel. duas carreiras. folga interna Normal. gaiola em a\u00e7o. furo cil\u00edndrico. suporta carga radial e axial.<\/p>\n<p>Marca: ZTL<br \/>\nC\u00f3digo do Produto: 22244CCK<br \/>\nDi\u00e2metro Interno: 220mm<br \/>\nGrupo: Rolamentos autocompensadores de rolos<br \/>\nLargura: 108mm<br \/>\nDi\u00e2metro Externo: 400mm<br \/>\nSubgrupo: Rolamentos autocompensadores de rolos, furo cil\u00edndrico.<br \/>\nPeso: 63.5 kg<\/p>\n<p><span style=\"color: #00ccff\"><strong>MARCA:<\/strong><\/span> ZTL \u2013 23240-KMW33C3<\/p>\n<p><span style=\"color: #00ccff\"><strong>PRODUTO NOVO<\/strong><\/span><\/p>\n<p><strong><span style=\"color: #00ccff\">GARANTIA:<\/span>\u00a0<\/strong> 90 dias ap\u00f3s o recebimento do produto. Todas as garantias s\u00e3o dadas pelos fabricantes, e variam de produto para produto. Para devolu\u00e7\u00f5es, os produtos dever\u00e3o ser remetidos em suas embalagens originais e caso for constatado mal uso, o custo ser\u00e1 por parte do comprador.<\/p>\n","protected":false},"excerpt":{"rendered":"<p>LPI.PRODUTOS DE QUALIDADE PARA SEU VE\u00cdCULO. LINHA LEVE,PESADA E VANS. APLICA\u00c7\u00c3O: Rolamento autocompensador de rolos em forma de tonel. duas carreiras. folga interna Normal. gaiola em a\u00e7o. furo cil\u00edndrico. suporta carga radial e axial. Marca: ZTL C\u00f3digo do Produto: 22244CCK Di\u00e2metro Interno: 220mm Grupo: Rolamentos autocompensadores de rolos Largura: 108mm Di\u00e2metro Externo: 400mm Subgrupo: Rolamentos autocompensadores de rolos, furo cil\u00edndrico. Peso: 63.5 kg MARCA: ZTL \u2013 23240-KMW33C3 PRODUTO NOVO GARANTIA:\u00a0 90 dias ap\u00f3s o recebimento do produto. Todas as garantias s\u00e3o dadas pelos fabricantes, e variam de produto para produto. Para devolu\u00e7\u00f5es, os produtos dever\u00e3o ser remetidos em suas embalagens originais e caso for constatado mal uso, o custo ser\u00e1&hellip; <a class=\"read-more\" href=\"https:\/\/ztlrolamentos.com.br\/loja\/produto\/rolamento-23240-kmw33c3-autocompensador-de-rolos\/\">Leia Mais<\/a><\/p>\n","protected":false},"featured_media":1879,"comment_status":"open","ping_status":"closed","template":"","meta":{"_joinchat":[]},"product_brand":[],"product_cat":[15],"product_tag":[],"class_list":{"0":"post-1878","1":"product","2":"type-product","3":"status-publish","4":"has-post-thumbnail","6":"product_cat-sem-categoria","8":"first","9":"instock","10":"taxable","11":"shipping-taxable","12":"purchasable","13":"product-type-simple"},"_links":{"self":[{"href":"https:\/\/ztlrolamentos.com.br\/loja\/wp-json\/wp\/v2\/product\/1878","targetHints":{"allow":["GET"]}}],"collection":[{"href":"https:\/\/ztlrolamentos.com.br\/loja\/wp-json\/wp\/v2\/product"}],"about":[{"href":"https:\/\/ztlrolamentos.com.br\/loja\/wp-json\/wp\/v2\/types\/product"}],"replies":[{"embeddable":true,"href":"https:\/\/ztlrolamentos.com.br\/loja\/wp-json\/wp\/v2\/comments?post=1878"}],"wp:featuredmedia":[{"embeddable":true,"href":"https:\/\/ztlrolamentos.com.br\/loja\/wp-json\/wp\/v2\/media\/1879"}],"wp:attachment":[{"href":"https:\/\/ztlrolamentos.com.br\/loja\/wp-json\/wp\/v2\/media?parent=1878"}],"wp:term":[{"taxonomy":"product_brand","embeddable":true,"href":"https:\/\/ztlrolamentos.com.br\/loja\/wp-json\/wp\/v2\/product_brand?post=1878"},{"taxonomy":"product_cat","embeddable":true,"href":"https:\/\/ztlrolamentos.com.br\/loja\/wp-json\/wp\/v2\/product_cat?post=1878"},{"taxonomy":"product_tag","embeddable":true,"href":"https:\/\/ztlrolamentos.com.br\/loja\/wp-json\/wp\/v2\/product_tag?post=1878"}],"curies":[{"name":"wp","href":"https:\/\/api.w.org\/{rel}","templated":true}]}}