{"id":1867,"date":"2023-06-15T15:08:36","date_gmt":"2023-06-15T18:08:36","guid":{"rendered":"https:\/\/www.lpicomercial.com.br\/?post_type=product&#038;p=1867"},"modified":"2024-07-11T07:42:53","modified_gmt":"2024-07-11T10:42:53","slug":"rolamento-23060-caw33c3-autocompensadores-de-rolos","status":"publish","type":"product","link":"https:\/\/ztlrolamentos.com.br\/loja\/produto\/rolamento-23060-caw33c3-autocompensadores-de-rolos\/","title":{"rendered":"ROLAMENTO 23060-CAW33C3-AUTOCOMPENSADORES DE ROLOS"},"content":{"rendered":"<p>LPI.PRODUTOS DE QUALIDADE PARA SEU VE\u00cdCULO. LINHA LEVE,PESADA E VANS.<\/p>\n<p><span style=\"color: #00ccff\"><strong>APLICA\u00c7\u00c3O:<\/strong><\/span><\/p>\n<table class=\"table-specifications\" style=\"height: 137px\" width=\"827\">\n<tbody>\n<tr class=\"row no-gutters\">\n<th class=\"col-xs-4 col-sm-4 col-md-4 col-lg-4\">C\u00f3digo do Produto<\/th>\n<td class=\"col-xs-8 col-sm-8 col-md-8 col-lg-8\">23060 CC\/W33<\/td>\n<\/tr>\n<tr class=\"row no-gutters\">\n<th class=\"col-xs-4 col-sm-4 col-md-4 col-lg-4\"><\/th>\n<td class=\"col-xs-8 col-sm-8 col-md-8 col-lg-8\"><\/td>\n<\/tr>\n<tr class=\"row no-gutters\">\n<th class=\"col-xs-4 col-sm-4 col-md-4 col-lg-4\">Di\u00e2metro Interno<\/th>\n<td class=\"col-xs-8 col-sm-8 col-md-8 col-lg-8\">300 mm<\/td>\n<\/tr>\n<tr class=\"row no-gutters\">\n<th class=\"col-xs-4 col-sm-4 col-md-4 col-lg-4\">Grupo<\/th>\n<td class=\"col-xs-8 col-sm-8 col-md-8 col-lg-8\">Rolamentos autocompensadores de rolos<\/td>\n<\/tr>\n<tr class=\"row no-gutters\">\n<th class=\"col-xs-4 col-sm-4 col-md-4 col-lg-4\">Largura<\/th>\n<td class=\"col-xs-8 col-sm-8 col-md-8 col-lg-8\">118 mm<\/td>\n<\/tr>\n<tr class=\"row no-gutters\">\n<th class=\"col-xs-4 col-sm-4 col-md-4 col-lg-4\">Di\u00e2metro Externo<\/th>\n<td class=\"col-xs-8 col-sm-8 col-md-8 col-lg-8\">460 mm<\/td>\n<\/tr>\n<\/tbody>\n<\/table>\n<p>&nbsp;<\/p>\n<p><span style=\"color: #00ccff\"><strong>MARCA:<\/strong><\/span> ZTL \u2013 23060-CAW33C3<\/p>\n<p><span style=\"color: #00ccff\"><strong>PRODUTO NOVO<\/strong><\/span><\/p>\n<p><strong><span style=\"color: #00ccff\">GARANTIA:<\/span>\u00a0<\/strong> 90 dias ap\u00f3s o recebimento do produto. Todas as garantias s\u00e3o dadas pelos fabricantes, e variam de produto para produto. Para devolu\u00e7\u00f5es, os produtos dever\u00e3o ser remetidos em suas embalagens originais e caso for constatado mal uso, o custo ser\u00e1 por parte do comprador.<\/p>\n","protected":false},"excerpt":{"rendered":"<p>LPI.PRODUTOS DE QUALIDADE PARA SEU VE\u00cdCULO. LINHA LEVE,PESADA E VANS. APLICA\u00c7\u00c3O: C\u00f3digo do Produto 23060 CC\/W33 Di\u00e2metro Interno 300 mm Grupo Rolamentos autocompensadores de rolos Largura 118 mm Di\u00e2metro Externo 460 mm &nbsp; MARCA: ZTL \u2013 23060-CAW33C3 PRODUTO NOVO GARANTIA:\u00a0 90 dias ap\u00f3s o recebimento do produto. Todas as garantias s\u00e3o dadas pelos fabricantes, e variam de produto para produto. Para devolu\u00e7\u00f5es, os produtos dever\u00e3o ser remetidos em suas embalagens originais e caso for constatado mal uso, o custo ser\u00e1 por parte do comprador.<\/p>\n","protected":false},"featured_media":1869,"comment_status":"open","ping_status":"closed","template":"","meta":{"_joinchat":[]},"product_brand":[],"product_cat":[15],"product_tag":[],"class_list":{"0":"post-1867","1":"product","2":"type-product","3":"status-publish","4":"has-post-thumbnail","6":"product_cat-sem-categoria","8":"first","9":"instock","10":"taxable","11":"shipping-taxable","12":"purchasable","13":"product-type-simple"},"_links":{"self":[{"href":"https:\/\/ztlrolamentos.com.br\/loja\/wp-json\/wp\/v2\/product\/1867","targetHints":{"allow":["GET"]}}],"collection":[{"href":"https:\/\/ztlrolamentos.com.br\/loja\/wp-json\/wp\/v2\/product"}],"about":[{"href":"https:\/\/ztlrolamentos.com.br\/loja\/wp-json\/wp\/v2\/types\/product"}],"replies":[{"embeddable":true,"href":"https:\/\/ztlrolamentos.com.br\/loja\/wp-json\/wp\/v2\/comments?post=1867"}],"wp:featuredmedia":[{"embeddable":true,"href":"https:\/\/ztlrolamentos.com.br\/loja\/wp-json\/wp\/v2\/media\/1869"}],"wp:attachment":[{"href":"https:\/\/ztlrolamentos.com.br\/loja\/wp-json\/wp\/v2\/media?parent=1867"}],"wp:term":[{"taxonomy":"product_brand","embeddable":true,"href":"https:\/\/ztlrolamentos.com.br\/loja\/wp-json\/wp\/v2\/product_brand?post=1867"},{"taxonomy":"product_cat","embeddable":true,"href":"https:\/\/ztlrolamentos.com.br\/loja\/wp-json\/wp\/v2\/product_cat?post=1867"},{"taxonomy":"product_tag","embeddable":true,"href":"https:\/\/ztlrolamentos.com.br\/loja\/wp-json\/wp\/v2\/product_tag?post=1867"}],"curies":[{"name":"wp","href":"https:\/\/api.w.org\/{rel}","templated":true}]}}