{"id":1860,"date":"2023-06-15T14:42:27","date_gmt":"2023-06-15T17:42:27","guid":{"rendered":"https:\/\/www.lpicomercial.com.br\/?post_type=product&#038;p=1860"},"modified":"2023-06-15T14:42:27","modified_gmt":"2023-06-15T17:42:27","slug":"rolamento-22318-kmw33c3-autocompensadores-de-rolos","status":"publish","type":"product","link":"https:\/\/ztlrolamentos.com.br\/loja\/produto\/rolamento-22318-kmw33c3-autocompensadores-de-rolos\/","title":{"rendered":"ROLAMENTO 22318-KMW33C3 AUTOCOMPENSADORES DE ROLOS"},"content":{"rendered":"<p>LPI.PRODUTOS DE QUALIDADE PARA SEU VE\u00cdCULO. LINHA LEVE,PESADA E VANS.<\/p>\n<p><span style=\"color: #00ccff\"><strong>APLICA\u00c7\u00c3O:<\/strong><\/span><\/p>\n<ul>\n<li>C\u00f3digo da Pe\u00e7a: 22318-KMW33C3<\/li>\n<li>Grupo: Rolamentos autocompensadores de rolos<\/li>\n<li>Subgrupo: Rolamentos autocompensadores de rolos. furo cil\u00edndrico<\/li>\n<li>Di\u00e2metro Interno: 90 mm<\/li>\n<li>Di\u00e2metro Externo: 190 mm<\/li>\n<li>Largura: 64 mm<\/li>\n<li>NCM: 84823000<\/li>\n<li>Altura: 20.5 cm<\/li>\n<li>Largura: 7.3 cm<\/li>\n<li>Comprimento: 20 cm<\/li>\n<li>Peso Bruto: 8.815 kg<\/li>\n<li>C\u00f3digo de barras:\u00a07316571104836<\/li>\n<\/ul>\n<p><span style=\"color: #00ccff\"><strong>MARCA:<\/strong><\/span> ZTL \u2013 22318KMW33C3<\/p>\n<p><span style=\"color: #00ccff\"><strong>PRODUTO NOVO<\/strong><\/span><\/p>\n<p><strong><span style=\"color: #00ccff\">GARANTIA:<\/span>\u00a0<\/strong> 90 dias ap\u00f3s o recebimento do produto. Todas as garantias s\u00e3o dadas pelos fabricantes, e variam de produto para produto. Para devolu\u00e7\u00f5es, os produtos dever\u00e3o ser remetidos em suas embalagens originais e caso for constatado mal uso, o custo ser\u00e1 por parte do comprador.<\/p>\n","protected":false},"excerpt":{"rendered":"<p>LPI.PRODUTOS DE QUALIDADE PARA SEU VE\u00cdCULO. LINHA LEVE,PESADA E VANS. APLICA\u00c7\u00c3O: C\u00f3digo da Pe\u00e7a: 22318-KMW33C3 Grupo: Rolamentos autocompensadores de rolos Subgrupo: Rolamentos autocompensadores de rolos. furo cil\u00edndrico Di\u00e2metro Interno: 90 mm Di\u00e2metro Externo: 190 mm Largura: 64 mm NCM: 84823000 Altura: 20.5 cm Largura: 7.3 cm Comprimento: 20 cm Peso Bruto: 8.815 kg C\u00f3digo de barras:\u00a07316571104836 MARCA: ZTL \u2013 22318KMW33C3 PRODUTO NOVO GARANTIA:\u00a0 90 dias ap\u00f3s o recebimento do produto. Todas as garantias s\u00e3o dadas pelos fabricantes, e variam de produto para produto. Para devolu\u00e7\u00f5es, os produtos dever\u00e3o ser remetidos em suas embalagens originais e caso for constatado mal uso, o custo ser\u00e1 por parte do comprador.<\/p>\n","protected":false},"featured_media":1864,"comment_status":"open","ping_status":"closed","template":"","meta":{"_joinchat":[]},"product_brand":[],"product_cat":[15],"product_tag":[],"class_list":{"0":"post-1860","1":"product","2":"type-product","3":"status-publish","4":"has-post-thumbnail","6":"product_cat-sem-categoria","8":"first","9":"instock","10":"taxable","11":"shipping-taxable","12":"purchasable","13":"product-type-simple"},"_links":{"self":[{"href":"https:\/\/ztlrolamentos.com.br\/loja\/wp-json\/wp\/v2\/product\/1860","targetHints":{"allow":["GET"]}}],"collection":[{"href":"https:\/\/ztlrolamentos.com.br\/loja\/wp-json\/wp\/v2\/product"}],"about":[{"href":"https:\/\/ztlrolamentos.com.br\/loja\/wp-json\/wp\/v2\/types\/product"}],"replies":[{"embeddable":true,"href":"https:\/\/ztlrolamentos.com.br\/loja\/wp-json\/wp\/v2\/comments?post=1860"}],"wp:featuredmedia":[{"embeddable":true,"href":"https:\/\/ztlrolamentos.com.br\/loja\/wp-json\/wp\/v2\/media\/1864"}],"wp:attachment":[{"href":"https:\/\/ztlrolamentos.com.br\/loja\/wp-json\/wp\/v2\/media?parent=1860"}],"wp:term":[{"taxonomy":"product_brand","embeddable":true,"href":"https:\/\/ztlrolamentos.com.br\/loja\/wp-json\/wp\/v2\/product_brand?post=1860"},{"taxonomy":"product_cat","embeddable":true,"href":"https:\/\/ztlrolamentos.com.br\/loja\/wp-json\/wp\/v2\/product_cat?post=1860"},{"taxonomy":"product_tag","embeddable":true,"href":"https:\/\/ztlrolamentos.com.br\/loja\/wp-json\/wp\/v2\/product_tag?post=1860"}],"curies":[{"name":"wp","href":"https:\/\/api.w.org\/{rel}","templated":true}]}}