{"id":1823,"date":"2023-05-23T16:35:57","date_gmt":"2023-05-23T19:35:57","guid":{"rendered":"https:\/\/www.lpicomercial.com.br\/?post_type=product&#038;p=1823"},"modified":"2023-05-23T16:35:57","modified_gmt":"2023-05-23T19:35:57","slug":"rolamento-537-532","status":"publish","type":"product","link":"https:\/\/ztlrolamentos.com.br\/loja\/produto\/rolamento-537-532\/","title":{"rendered":"ROLAMENTO 537\/532"},"content":{"rendered":"<p>LPI.PRODUTOS DE QUALIDADE PARA SEU VE\u00cdCULO. LINHA LEVE,PESADA E VANS.<\/p>\n<div class=\"title\"><span class=\"category\">Rolamento de rolos c\u00f4nicos de uma carreira, tamanho em polegadas<\/span><\/div>\n<p><span class=\"long-description\">Os rolamentos de rolos c\u00f4nicos de uma carreira (tamanhos em polegadas) s\u00e3o projetados para suportar cargas radiais e axiais pareadas e proporcionar baixo atrito durante a opera\u00e7\u00e3o. O anel interno, com conjunto de gaiola e rolos, pode ser montado separadamente do anel externo. Esses componentes separ\u00e1veis e intercambi\u00e1veis facilitam a montagem, desmontagem e manuten\u00e7\u00e3o. Ao montar um rolamento de rolos c\u00f4nicos de uma carreira contra outro e aplicar uma pr\u00e9-carga, \u00e9 poss\u00edvel obter uma aplica\u00e7\u00e3o de rolamento r\u00edgido.<\/span><\/p>\n<ul class=\"benefits\">\n<li>Capacidade de carga radial alta e axial<\/li>\n<li>Suporta cargas axiais em uma dire\u00e7\u00e3o<\/li>\n<li>Baixo atrito e longa vida \u00fatil<\/li>\n<li>Componentes separ\u00e1veis e intercambi\u00e1veis<\/li>\n<li>\n<h3 class=\"category-name\">Dimens\u00f5es<\/h3>\n<table class=\"table\" aria-describedby=\"Dimens\u00f5es\">\n<tbody>\n<tr>\n<td class=\"feature-name\"><span class=\"name\">Di\u00e2metro do furo<\/span><\/td>\n<td class=\"feature-value value-no-wrap\"><span class=\"value\">50.8<\/span><span class=\"unit\">\u00a0mm<\/span><\/td>\n<\/tr>\n<tr>\n<td class=\"feature-name\"><span class=\"name\">Di\u00e2metro externo<\/span><\/td>\n<td class=\"feature-value value-no-wrap\"><span class=\"value\">107.95<\/span><span class=\"unit\">\u00a0mm<\/span><\/td>\n<\/tr>\n<tr>\n<td class=\"feature-name\"><span class=\"name\">Largura, total<\/span><\/td>\n<td class=\"feature-value value-no-wrap\"><span class=\"value\">36.957<\/span><span class=\"unit\">\u00a0mm<\/span><\/td>\n<\/tr>\n<tr>\n<td class=\"feature-name\"><span class=\"name\">Largura, anel interno<\/span><\/td>\n<td class=\"feature-value value-no-wrap\"><span class=\"value\">36.957<\/span><span class=\"unit\">\u00a0mm<\/span><\/td>\n<\/tr>\n<tr>\n<td class=\"feature-name\"><span class=\"name\">Largura, anel externo<\/span><\/td>\n<td class=\"feature-value value-no-wrap\"><span class=\"value\">28.575<\/span><span class=\"unit\">\u00a0mm<\/span><\/td>\n<\/tr>\n<tr>\n<td class=\"feature-name\"><span class=\"name\">\u00c2ngulo de contato<\/span><\/td>\n<td class=\"feature-value value-no-wrap\"><span class=\"value\">11.183<\/span><span class=\"unit\">\u00a0\u00b0<\/span><\/td>\n<\/tr>\n<\/tbody>\n<\/table>\n<\/li>\n<\/ul>\n<h3 class=\"category-name\">Desempenho<\/h3>\n<table class=\"table\" aria-describedby=\"Desempenho\">\n<tbody>\n<tr>\n<td class=\"feature-name\"><span class=\"name\">Classifica\u00e7\u00e3o de carga din\u00e2mica b\u00e1sica<\/span><\/td>\n<td class=\"feature-value value-no-wrap\"><span class=\"value\">183<\/span><span class=\"unit\">\u00a0kN<\/span><\/td>\n<\/tr>\n<tr>\n<td class=\"feature-name\"><span class=\"name\">Classifica\u00e7\u00e3o de carga est\u00e1tica b\u00e1sica<\/span><\/td>\n<td class=\"feature-value value-no-wrap\"><span class=\"value\">190<\/span><span class=\"unit\">\u00a0kN<\/span><\/td>\n<\/tr>\n<tr>\n<td class=\"feature-name\"><span class=\"name\">Velocidade de refer\u00eancia<\/span><\/td>\n<td class=\"feature-value value-no-wrap\"><span class=\"value\">5 300<\/span><span class=\"unit\">\u00a0r\/min<\/span><\/td>\n<\/tr>\n<tr>\n<td class=\"feature-name\"><span class=\"name\">Velocidade-limite<\/span><\/td>\n<td class=\"feature-value value-no-wrap\"><span class=\"value\">6 300<\/span><span class=\"unit\">\u00a0r\/min<\/span><\/td>\n<\/tr>\n<tr>\n<td class=\"feature-name\"><\/td>\n<td class=\"feature-value value-no-wrap\"><\/td>\n<\/tr>\n<\/tbody>\n<\/table>\n<p>&nbsp;<\/p>\n<p><span style=\"color: #00ccff\"><strong>MARCA:<\/strong><\/span> ZTL \u2013537\/532<\/p>\n<p><span style=\"color: #00ccff\"><strong>PRODUTO NOVO<\/strong><\/span><\/p>\n<p><strong><span style=\"color: #00ccff\">GARANTIA:<\/span>\u00a0<\/strong>\u00a090 dias ap\u00f3s o recebimento do produto. Todas as garantias s\u00e3o dadas pelos fabricantes, e variam de produto para produto. Para devolu\u00e7\u00f5es, os produtos dever\u00e3o ser remetidos em suas embalagens originais e caso for constatado mal uso, o custo ser\u00e1 por parte do comprador.<\/p>\n","protected":false},"excerpt":{"rendered":"<p>LPI.PRODUTOS DE QUALIDADE PARA SEU VE\u00cdCULO. LINHA LEVE,PESADA E VANS. Rolamento de rolos c\u00f4nicos de uma carreira, tamanho em polegadas Os rolamentos de rolos c\u00f4nicos de uma carreira (tamanhos em polegadas) s\u00e3o projetados para suportar cargas radiais e axiais pareadas e proporcionar baixo atrito durante a opera\u00e7\u00e3o. O anel interno, com conjunto de gaiola e rolos, pode ser montado separadamente do anel externo. Esses componentes separ\u00e1veis e intercambi\u00e1veis facilitam a montagem, desmontagem e manuten\u00e7\u00e3o. Ao montar um rolamento de rolos c\u00f4nicos de uma carreira contra outro e aplicar uma pr\u00e9-carga, \u00e9 poss\u00edvel obter uma aplica\u00e7\u00e3o de rolamento r\u00edgido. Capacidade de carga radial alta e axial Suporta cargas axiais em uma&hellip; <a class=\"read-more\" href=\"https:\/\/ztlrolamentos.com.br\/loja\/produto\/rolamento-537-532\/\">Leia Mais<\/a><\/p>\n","protected":false},"featured_media":1824,"comment_status":"open","ping_status":"closed","template":"","meta":{"_joinchat":[]},"product_brand":[],"product_cat":[15],"product_tag":[],"class_list":{"0":"post-1823","1":"product","2":"type-product","3":"status-publish","4":"has-post-thumbnail","6":"product_cat-sem-categoria","8":"first","9":"instock","10":"taxable","11":"shipping-taxable","12":"purchasable","13":"product-type-simple"},"_links":{"self":[{"href":"https:\/\/ztlrolamentos.com.br\/loja\/wp-json\/wp\/v2\/product\/1823","targetHints":{"allow":["GET"]}}],"collection":[{"href":"https:\/\/ztlrolamentos.com.br\/loja\/wp-json\/wp\/v2\/product"}],"about":[{"href":"https:\/\/ztlrolamentos.com.br\/loja\/wp-json\/wp\/v2\/types\/product"}],"replies":[{"embeddable":true,"href":"https:\/\/ztlrolamentos.com.br\/loja\/wp-json\/wp\/v2\/comments?post=1823"}],"wp:featuredmedia":[{"embeddable":true,"href":"https:\/\/ztlrolamentos.com.br\/loja\/wp-json\/wp\/v2\/media\/1824"}],"wp:attachment":[{"href":"https:\/\/ztlrolamentos.com.br\/loja\/wp-json\/wp\/v2\/media?parent=1823"}],"wp:term":[{"taxonomy":"product_brand","embeddable":true,"href":"https:\/\/ztlrolamentos.com.br\/loja\/wp-json\/wp\/v2\/product_brand?post=1823"},{"taxonomy":"product_cat","embeddable":true,"href":"https:\/\/ztlrolamentos.com.br\/loja\/wp-json\/wp\/v2\/product_cat?post=1823"},{"taxonomy":"product_tag","embeddable":true,"href":"https:\/\/ztlrolamentos.com.br\/loja\/wp-json\/wp\/v2\/product_tag?post=1823"}],"curies":[{"name":"wp","href":"https:\/\/api.w.org\/{rel}","templated":true}]}}