{"id":1815,"date":"2023-05-23T13:04:47","date_gmt":"2023-05-23T16:04:47","guid":{"rendered":"https:\/\/www.lpicomercial.com.br\/?post_type=product&#038;p=1815"},"modified":"2023-05-23T13:04:47","modified_gmt":"2023-05-23T16:04:47","slug":"rolamento-581408","status":"publish","type":"product","link":"https:\/\/ztlrolamentos.com.br\/loja\/produto\/rolamento-581408\/","title":{"rendered":"ROLAMENTO 581408"},"content":{"rendered":"<p>LPI.PRODUTOS DE QUALIDADE PARA SEU VE\u00cdCULO. LINHA LEVE,PESADA E VANS.<\/p>\n<table class=\"cell\" style=\"height: 218px\" width=\"801\" aria-describedby=\"info-tec-desc\">\n<tbody>\n<tr class=\"ng-star-inserted\">\n<th>Descri\u00e7\u00e3o:<\/th>\n<td>Rolamento Roda Traseira Sprinter 312 99\/<\/td>\n<\/tr>\n<tr class=\"ng-star-inserted\">\n<th><\/th>\n<td><\/td>\n<\/tr>\n<tr class=\"ng-star-inserted\">\n<th><\/th>\n<td><\/td>\n<\/tr>\n<tr class=\"ng-star-inserted\">\n<th><\/th>\n<td><\/td>\n<\/tr>\n<tr>\n<th colspan=\"2\"><\/th>\n<\/tr>\n<tr class=\"ng-star-inserted\">\n<th>Largura:<\/th>\n<td>26cm<\/td>\n<\/tr>\n<tr class=\"ng-star-inserted\">\n<th>Comprimento:<\/th>\n<td>26cm<\/td>\n<\/tr>\n<tr class=\"ng-star-inserted\">\n<th>Altura:<\/th>\n<td>8cm<\/td>\n<\/tr>\n<tr class=\"ng-star-inserted\">\n<th>Peso:<\/th>\n<td>0,02kg<\/td>\n<\/tr>\n<\/tbody>\n<\/table>\n","protected":false},"excerpt":{"rendered":"<p>LPI.PRODUTOS DE QUALIDADE PARA SEU VE\u00cdCULO. LINHA LEVE,PESADA E VANS. Descri\u00e7\u00e3o: Rolamento Roda Traseira Sprinter 312 99\/ Largura: 26cm Comprimento: 26cm Altura: 8cm Peso: 0,02kg<\/p>\n","protected":false},"featured_media":1816,"comment_status":"open","ping_status":"closed","template":"","meta":{"_joinchat":[]},"product_brand":[],"product_cat":[15],"product_tag":[],"class_list":{"0":"post-1815","1":"product","2":"type-product","3":"status-publish","4":"has-post-thumbnail","6":"product_cat-sem-categoria","8":"first","9":"instock","10":"taxable","11":"shipping-taxable","12":"purchasable","13":"product-type-simple"},"_links":{"self":[{"href":"https:\/\/ztlrolamentos.com.br\/loja\/wp-json\/wp\/v2\/product\/1815","targetHints":{"allow":["GET"]}}],"collection":[{"href":"https:\/\/ztlrolamentos.com.br\/loja\/wp-json\/wp\/v2\/product"}],"about":[{"href":"https:\/\/ztlrolamentos.com.br\/loja\/wp-json\/wp\/v2\/types\/product"}],"replies":[{"embeddable":true,"href":"https:\/\/ztlrolamentos.com.br\/loja\/wp-json\/wp\/v2\/comments?post=1815"}],"wp:featuredmedia":[{"embeddable":true,"href":"https:\/\/ztlrolamentos.com.br\/loja\/wp-json\/wp\/v2\/media\/1816"}],"wp:attachment":[{"href":"https:\/\/ztlrolamentos.com.br\/loja\/wp-json\/wp\/v2\/media?parent=1815"}],"wp:term":[{"taxonomy":"product_brand","embeddable":true,"href":"https:\/\/ztlrolamentos.com.br\/loja\/wp-json\/wp\/v2\/product_brand?post=1815"},{"taxonomy":"product_cat","embeddable":true,"href":"https:\/\/ztlrolamentos.com.br\/loja\/wp-json\/wp\/v2\/product_cat?post=1815"},{"taxonomy":"product_tag","embeddable":true,"href":"https:\/\/ztlrolamentos.com.br\/loja\/wp-json\/wp\/v2\/product_tag?post=1815"}],"curies":[{"name":"wp","href":"https:\/\/api.w.org\/{rel}","templated":true}]}}