{"id":1812,"date":"2023-05-23T11:29:20","date_gmt":"2023-05-23T14:29:20","guid":{"rendered":"https:\/\/www.lpicomercial.com.br\/?post_type=product&#038;p=1812"},"modified":"2023-05-23T11:29:20","modified_gmt":"2023-05-23T14:29:20","slug":"rolamento-de-roda-387236","status":"publish","type":"product","link":"https:\/\/ztlrolamentos.com.br\/loja\/produto\/rolamento-de-roda-387236\/","title":{"rendered":"Rolamento de Roda 387236"},"content":{"rendered":"<h6 title=\"ROLAMENTO ESFERAS CARGA RADIAL\/AXIAL RODA DIANTEIRA TOYOTA: COROLLA 1.6\/1.8 &gt; 02 C\/ABS                                  \"><strong>LPI.PRODUTOS DE QUALIDADE PARA SEU VE\u00cdCULO. LINHA LEVE,PESADA E VANS.<\/strong><\/h6>\n<h3 class=\"color-secondary ng-binding\" style=\"font-family: 'Open Sans', sans-serif;font-weight: normal;line-height: 1.1;margin: 0px;font-size: 17px;font-style: normal;letter-spacing: 0.5px;text-align: start;text-indent: 0px;text-transform: none\" title=\"ROLAMENTO ESFERAS CARGA RADIAL\/AXIAL RODA DIANTEIRA TOYOTA: COROLLA 1.6\/1.8 &gt; 02 C\/ABS                                  \">ROLAMENTO ESFERAS CARGA RADIAL\/AXIAL RODA DIANTEIRA TOYOTA:<\/h3>\n<h3 class=\"color-secondary ng-binding\" style=\"font-family: 'Open Sans', sans-serif;font-weight: normal;line-height: 1.1;margin: 0px;font-size: 17px;font-style: normal;letter-spacing: 0.5px;text-align: start;text-indent: 0px;text-transform: none\" title=\"ROLAMENTO ESFERAS CARGA RADIAL\/AXIAL RODA DIANTEIRA TOYOTA: COROLLA 1.6\/1.8 &gt; 02 C\/ABS                                  \">COROLLA 1.6\/1.8 &gt; 02 C\/ABS<\/h3>\n<p>&nbsp;<\/p>\n<ul class=\"ng-scope\">\n<li class=\"ng-binding ng-scope\">\n<h2>AUTOM\u00d3VEL<\/h2>\n<ul class=\"ng-scope\">\n<li>\n<h4 class=\"ng-binding\">Toyota<\/h4>\n<\/li>\n<li class=\"ng-binding ng-scope\" title=\"1992, 1993, 1994, 1995, 1996, 1997, 1998, 1999, 2000, 2001, 2002, 2003, 2004, 2005, 2006, 2007, 2008, 2009, 2010, 2011, 2012, 2013, 2014, 2015, 2016, 2017, 2018, 2019, 2020, 2021, 2022, 2023\"><strong class=\"ng-binding\">Corolla<\/strong>\u00a0<span class=\"characteristic ng-binding\">1.6\/1.8 c\/s ABS s\/Retentor &#8211; Dianteiro\u00a0<\/span><span class=\"ng-scope\">&#8211;<\/span>\u00a0(38x72x36\/33 ) &#8211; 1992, 1993, 1994, 1995, 1996, 1997, 1998, 1999, 2000, 2001, 2002, 2003, 2004, 2005, 2006, 2007, 2008, 2009, 2010, 2011, 2012, 2013, 2014, 2015, 2016, 2017, 2018, 2019, 2020, 2021, 2022, 2023<\/li>\n<li title=\"1992, 1993, 1994, 1995, 1996, 1997, 1998, 1999, 2000, 2001, 2002, 2003, 2004, 2005, 2006, 2007, 2008, 2009, 2010, 2011, 2012, 2013, 2014, 2015, 2016, 2017, 2018, 2019, 2020, 2021, 2022, 2023\">\n<table>\n<tbody>\n<tr>\n<td class=\"ng-binding\">Peso bruto<\/td>\n<td class=\"ng-binding ng-scope\">0.566 kg<\/td>\n<\/tr>\n<tr>\n<td class=\"ng-binding\">Volume<\/td>\n<td class=\"ng-binding ng-scope\">0.000225 m\u00b3<\/td>\n<\/tr>\n<tr>\n<td class=\"ng-binding\">Dimens\u00f5es aproximadas da embalagem &#8211; (AxLxC)<\/td>\n<td class=\"ng-binding\">0.04 x 0.075 x 0.075 m<\/td>\n<\/tr>\n<tr>\n<td class=\"ng-binding\">Dimens\u00f5es do produto<\/td>\n<td class=\"ng-binding\">38x 72 x 36\/33 mm<\/td>\n<\/tr>\n<tr>\n<td class=\"ng-binding\">NCM<\/td>\n<td class=\"ng-binding ng-scope\">84821090<\/td>\n<\/tr>\n<\/tbody>\n<\/table>\n<\/li>\n<li title=\"1992, 1993, 1994, 1995, 1996, 1997, 1998, 1999, 2000, 2001, 2002, 2003, 2004, 2005, 2006, 2007, 2008, 2009, 2010, 2011, 2012, 2013, 2014, 2015, 2016, 2017, 2018, 2019, 2020, 2021, 2022, 2023\"><span style=\"color: #00ccff\"><strong>MARCA:<\/strong><\/span> ZTL \u2013 387236\n<p><span style=\"color: #00ccff\"><strong>PRODUTO NOVO<\/strong><\/span><\/p>\n<p><strong><span style=\"color: #00ccff\">GARANTIA:<\/span>\u00a0<\/strong>\u00a090 dias ap\u00f3s o recebimento do produto. Todas as garantias s\u00e3o dadas pelos fabricantes, e variam de produto para produto. Para devolu\u00e7\u00f5es, os produtos dever\u00e3o ser remetidos em suas embalagens originais e caso for constatado mal uso, o custo ser\u00e1 por parte do comprador.<\/li>\n<\/ul>\n<\/li>\n<\/ul>\n","protected":false},"excerpt":{"rendered":"<p>LPI.PRODUTOS DE QUALIDADE PARA SEU VE\u00cdCULO. LINHA LEVE,PESADA E VANS. ROLAMENTO ESFERAS CARGA RADIAL\/AXIAL RODA DIANTEIRA TOYOTA: COROLLA 1.6\/1.8 &gt; 02 C\/ABS &nbsp; AUTOM\u00d3VEL Toyota Corolla\u00a01.6\/1.8 c\/s ABS s\/Retentor &#8211; Dianteiro\u00a0&#8211;\u00a0(38x72x36\/33 ) &#8211; 1992, 1993, 1994, 1995, 1996, 1997, 1998, 1999, 2000, 2001, 2002, 2003, 2004, 2005, 2006, 2007, 2008, 2009, 2010, 2011, 2012, 2013, 2014, 2015, 2016, 2017, 2018, 2019, 2020, 2021, 2022, 2023 Peso bruto 0.566 kg Volume 0.000225 m\u00b3 Dimens\u00f5es aproximadas da embalagem &#8211; (AxLxC) 0.04 x 0.075 x 0.075 m Dimens\u00f5es do produto 38x 72 x 36\/33 mm NCM 84821090 MARCA: ZTL \u2013 387236 PRODUTO NOVO GARANTIA:\u00a0\u00a090 dias ap\u00f3s o recebimento do produto. Todas as garantias&hellip; <a class=\"read-more\" href=\"https:\/\/ztlrolamentos.com.br\/loja\/produto\/rolamento-de-roda-387236\/\">Leia Mais<\/a><\/p>\n","protected":false},"featured_media":1813,"comment_status":"open","ping_status":"closed","template":"","meta":{"_joinchat":[]},"product_brand":[],"product_cat":[15],"product_tag":[],"class_list":{"0":"post-1812","1":"product","2":"type-product","3":"status-publish","4":"has-post-thumbnail","6":"product_cat-sem-categoria","8":"first","9":"instock","10":"taxable","11":"shipping-taxable","12":"purchasable","13":"product-type-simple"},"_links":{"self":[{"href":"https:\/\/ztlrolamentos.com.br\/loja\/wp-json\/wp\/v2\/product\/1812","targetHints":{"allow":["GET"]}}],"collection":[{"href":"https:\/\/ztlrolamentos.com.br\/loja\/wp-json\/wp\/v2\/product"}],"about":[{"href":"https:\/\/ztlrolamentos.com.br\/loja\/wp-json\/wp\/v2\/types\/product"}],"replies":[{"embeddable":true,"href":"https:\/\/ztlrolamentos.com.br\/loja\/wp-json\/wp\/v2\/comments?post=1812"}],"wp:featuredmedia":[{"embeddable":true,"href":"https:\/\/ztlrolamentos.com.br\/loja\/wp-json\/wp\/v2\/media\/1813"}],"wp:attachment":[{"href":"https:\/\/ztlrolamentos.com.br\/loja\/wp-json\/wp\/v2\/media?parent=1812"}],"wp:term":[{"taxonomy":"product_brand","embeddable":true,"href":"https:\/\/ztlrolamentos.com.br\/loja\/wp-json\/wp\/v2\/product_brand?post=1812"},{"taxonomy":"product_cat","embeddable":true,"href":"https:\/\/ztlrolamentos.com.br\/loja\/wp-json\/wp\/v2\/product_cat?post=1812"},{"taxonomy":"product_tag","embeddable":true,"href":"https:\/\/ztlrolamentos.com.br\/loja\/wp-json\/wp\/v2\/product_tag?post=1812"}],"curies":[{"name":"wp","href":"https:\/\/api.w.org\/{rel}","templated":true}]}}