{"id":1810,"date":"2023-05-23T08:55:42","date_gmt":"2023-05-23T11:55:42","guid":{"rendered":"https:\/\/www.lpicomercial.com.br\/?post_type=product&#038;p=1810"},"modified":"2023-06-15T11:41:57","modified_gmt":"2023-06-15T14:41:57","slug":"rolamentos-22330-cc-c3w33-auto-compensadores-de-rolos","status":"publish","type":"product","link":"https:\/\/ztlrolamentos.com.br\/loja\/produto\/rolamentos-22330-cc-c3w33-auto-compensadores-de-rolos\/","title":{"rendered":"Rolamentos 22330 CC\/C3W33 &#8211;  Auto compensadores de Rolos"},"content":{"rendered":"<p><em><strong>Os rolamentos autocompensadores de rolos possuem duas carreiras de rolos sim\u00e9tricas com uma pista esf\u00e9rica comum no anel externo e duas pistas no anel interno inclinadas em um \u00e2ngulo em rela\u00e7\u00e3o ao eixo do rolamento. O ponto central da esfera na pista do anel externo fica no eixo do rolamento.<\/strong><\/em><\/p>\n<hr \/>\n<table>\n<tbody>\n<tr class=\"row no-gutters\">\n<th class=\"col-xs-4 col-sm-4 col-md-4 col-lg-4\">Marca<\/th>\n<td class=\"col-xs-8 col-sm-8 col-md-8 col-lg-8\">ZTL<\/td>\n<\/tr>\n<tr class=\"row no-gutters\">\n<th class=\"col-xs-4 col-sm-4 col-md-4 col-lg-4\">C\u00f3digo do Produto<\/th>\n<td class=\"col-xs-8 col-sm-8 col-md-8 col-lg-8\">22330 CC\/C3W33<\/td>\n<\/tr>\n<tr class=\"row no-gutters\">\n<th class=\"col-xs-4 col-sm-4 col-md-4 col-lg-4\">NCM<\/th>\n<td class=\"col-xs-8 col-sm-8 col-md-8 col-lg-8\">84823000<\/td>\n<\/tr>\n<tr class=\"row no-gutters\">\n<th class=\"col-xs-4 col-sm-4 col-md-4 col-lg-4\">Grupo<\/th>\n<td class=\"col-xs-8 col-sm-8 col-md-8 col-lg-8\">Rolamentos<\/td>\n<\/tr>\n<tr class=\"row no-gutters\">\n<th class=\"col-xs-4 col-sm-4 col-md-4 col-lg-4\">Di\u00e2metro Interno<\/th>\n<td class=\"col-xs-8 col-sm-8 col-md-8 col-lg-8\">150 mm<\/td>\n<\/tr>\n<tr class=\"row no-gutters\">\n<th class=\"col-xs-4 col-sm-4 col-md-4 col-lg-4\">Largura<\/th>\n<td class=\"col-xs-8 col-sm-8 col-md-8 col-lg-8\">108 mm<\/td>\n<\/tr>\n<tr class=\"row no-gutters\">\n<th class=\"col-xs-4 col-sm-4 col-md-4 col-lg-4\">Di\u00e2metro Externo<\/th>\n<td class=\"col-xs-8 col-sm-8 col-md-8 col-lg-8\">320 mm<\/td>\n<\/tr>\n<tr class=\"row no-gutters\">\n<th class=\"col-xs-4 col-sm-4 col-md-4 col-lg-4\">C\u00f3digo de barras<\/th>\n<td class=\"col-xs-8 col-sm-8 col-md-8 col-lg-8\">7316576600623<\/td>\n<\/tr>\n<tr class=\"row no-gutters\">\n<th class=\"col-xs-4 col-sm-4 col-md-4 col-lg-4\">Peso Bruto<\/th>\n<td class=\"col-xs-8 col-sm-8 col-md-8 col-lg-8\">41,8 Kg<\/td>\n<\/tr>\n<\/tbody>\n<\/table>\n","protected":false},"excerpt":{"rendered":"<p>Os rolamentos autocompensadores de rolos possuem duas carreiras de rolos sim\u00e9tricas com uma pista esf\u00e9rica comum no anel externo e duas pistas no anel interno inclinadas em um \u00e2ngulo em rela\u00e7\u00e3o ao eixo do rolamento. O ponto central da esfera na pista do anel externo fica no eixo do rolamento. Marca ZTL C\u00f3digo do Produto 22330 CC\/C3W33 NCM 84823000 Grupo Rolamentos Di\u00e2metro Interno 150 mm Largura 108 mm Di\u00e2metro Externo 320 mm C\u00f3digo de barras 7316576600623 Peso Bruto 41,8 Kg<\/p>\n","protected":false},"featured_media":1811,"comment_status":"open","ping_status":"closed","template":"","meta":{"_joinchat":[]},"product_brand":[],"product_cat":[15],"product_tag":[],"class_list":{"0":"post-1810","1":"product","2":"type-product","3":"status-publish","4":"has-post-thumbnail","6":"product_cat-sem-categoria","8":"first","9":"instock","10":"taxable","11":"shipping-taxable","12":"purchasable","13":"product-type-simple"},"_links":{"self":[{"href":"https:\/\/ztlrolamentos.com.br\/loja\/wp-json\/wp\/v2\/product\/1810","targetHints":{"allow":["GET"]}}],"collection":[{"href":"https:\/\/ztlrolamentos.com.br\/loja\/wp-json\/wp\/v2\/product"}],"about":[{"href":"https:\/\/ztlrolamentos.com.br\/loja\/wp-json\/wp\/v2\/types\/product"}],"replies":[{"embeddable":true,"href":"https:\/\/ztlrolamentos.com.br\/loja\/wp-json\/wp\/v2\/comments?post=1810"}],"wp:featuredmedia":[{"embeddable":true,"href":"https:\/\/ztlrolamentos.com.br\/loja\/wp-json\/wp\/v2\/media\/1811"}],"wp:attachment":[{"href":"https:\/\/ztlrolamentos.com.br\/loja\/wp-json\/wp\/v2\/media?parent=1810"}],"wp:term":[{"taxonomy":"product_brand","embeddable":true,"href":"https:\/\/ztlrolamentos.com.br\/loja\/wp-json\/wp\/v2\/product_brand?post=1810"},{"taxonomy":"product_cat","embeddable":true,"href":"https:\/\/ztlrolamentos.com.br\/loja\/wp-json\/wp\/v2\/product_cat?post=1810"},{"taxonomy":"product_tag","embeddable":true,"href":"https:\/\/ztlrolamentos.com.br\/loja\/wp-json\/wp\/v2\/product_tag?post=1810"}],"curies":[{"name":"wp","href":"https:\/\/api.w.org\/{rel}","templated":true}]}}